{"id":1639,"date":"2022-06-15T20:10:11","date_gmt":"2022-06-15T20:10:11","guid":{"rendered":"https:\/\/e-sais.com\/cajapopularrosario\/?page_id=1639"},"modified":"2025-11-25T17:55:14","modified_gmt":"2025-11-26T00:55:14","slug":"ahorro-adulto","status":"publish","type":"page","link":"https:\/\/e-sais.com\/cajapopularrosario\/ahorro-adulto\/","title":{"rendered":"Ahorro Adulto"},"content":{"rendered":"\n  <div class=\"banner has-hover\" id=\"banner-31486452\">\n          <div class=\"banner-inner fill\">\n        <div class=\"banner-bg fill\" >\n            <img loading=\"lazy\" decoding=\"async\" width=\"1920\" height=\"1080\" src=\"https:\/\/e-sais.com\/cajapopularrosario\/wp-content\/uploads\/2025\/11\/ahorro-adulto-bg.jpg\" class=\"bg attachment-original size-original\" alt=\"\" \/>                                    \n                    <\/div>\n\t\t\n        <div class=\"banner-layers container\">\n            <div class=\"fill banner-link\"><\/div>            \n\t<div class=\"img has-hover x50 md-x50 lg-x50 y5 md-y15 lg-y15\" id=\"image_663860745\">\n\t\t\t\t\t\t<div data-animate=\"fadeInRight\">\t\t<div class=\"img-inner dark\" >\n\t\t\t<img loading=\"lazy\" decoding=\"async\" width=\"891\" height=\"409\" src=\"https:\/\/e-sais.com\/cajapopularrosario\/wp-content\/uploads\/2025\/11\/ahorro-adulto-w.png\" class=\"attachment-large size-large\" alt=\"\" srcset=\"https:\/\/e-sais.com\/cajapopularrosario\/wp-content\/uploads\/2025\/11\/ahorro-adulto-w.png 891w, https:\/\/e-sais.com\/cajapopularrosario\/wp-content\/uploads\/2025\/11\/ahorro-adulto-w-300x138.png 300w, https:\/\/e-sais.com\/cajapopularrosario\/wp-content\/uploads\/2025\/11\/ahorro-adulto-w-768x353.png 768w\" sizes=\"auto, (max-width: 891px) 100vw, 891px\" \/>\t\t\t\t\t\t\n\t\t\t\t\t<\/div>\n\t\t<\/div>\t\t\t\t\t\t\n<style>\n#image_663860745 {\n  width: 67%;\n}\n@media (min-width:550px) {\n  #image_663860745 {\n    width: 34%;\n  }\n}\n<\/style>\n\t<\/div>\n\t\n\t<div class=\"img has-hover x50 md-x0 lg-x0 y100 md-y100 lg-y100\" id=\"image_1685514058\">\n\t\t\t\t\t\t<div data-animate=\"bounceInUp\">\t\t<div class=\"img-inner dark\" >\n\t\t\t<img loading=\"lazy\" decoding=\"async\" width=\"625\" height=\"821\" src=\"https:\/\/e-sais.com\/cajapopularrosario\/wp-content\/uploads\/2025\/11\/ahorro-adulto1.png\" class=\"attachment-large size-large\" alt=\"\" srcset=\"https:\/\/e-sais.com\/cajapopularrosario\/wp-content\/uploads\/2025\/11\/ahorro-adulto1.png 625w, https:\/\/e-sais.com\/cajapopularrosario\/wp-content\/uploads\/2025\/11\/ahorro-adulto1-228x300.png 228w\" sizes=\"auto, (max-width: 625px) 100vw, 625px\" \/>\t\t\t\t\t\t\n\t\t\t\t\t<\/div>\n\t\t<\/div>\t\t\t\t\t\t\n<style>\n#image_1685514058 {\n  width: 66%;\n}\n@media (min-width:550px) {\n  #image_1685514058 {\n    width: 34%;\n  }\n}\n<\/style>\n\t<\/div>\n\t\n   <div id=\"text-box-2139107409\" class=\"text-box banner-layer x50 md-x50 lg-x50 y90 md-y80 lg-y80 res-text\">\n                     <div data-animate=\"fadeInLeft\">           <div class=\"text-box-content text box-shadow-2\">\n              \n              <div class=\"text-inner text-center\">\n                  \n<div class=\"p-zgn4693 pagelayer-collapse pagelayer-animation-grow\">\n<div class=\"pagelayer-collapse-holder\" data-icon=\"fas fa-coins\" data-active_icon=\"fas fa-minus\">\n<div class=\"p-8hs7907 pagelayer-accordion_item active\">\n<div class=\"pagelayer-accordion-panel\">\n<div class=\"p-eyy379 pagelayer-inner_row pagelayer-row-stretch-auto pagelayer-height-default\">\n<div class=\"pagelayer-row-holder pagelayer-row pagelayer-auto pagelayer-width-auto\">\n<div class=\"p-gdk5348 pagelayer-col\">\n<div class=\"pagelayer-col-holder\">\n<div class=\"p-hn12471 pagelayer-list\">\n<div class=\"p-jpf8856 pagelayer-list_item\">\n<p><strong><span class=\"pagelayer-list-icon-holder\"><span class=\"pagelayer-list-item\">Aumentar el poder adquisitivo mediante un plan de ahorro sistem\u00e1tico para un determinado objetivo.<\/span><\/span><\/strong><\/p>\n<\/div>\n<\/div>\n<\/div>\n<\/div>\n<\/div>\n<\/div>\n<\/div>\n<\/div>\n<\/div>\n<\/div>\n              <\/div>\n           <\/div>\n       <\/div>                     \n<style>\n#text-box-2139107409 .text-box-content {\n  background-color: rgba(255, 255, 255, 0.86);\n  font-size: 119%;\n}\n#text-box-2139107409 .text-inner {\n  padding: 20px 20px 20px 20px;\n}\n#text-box-2139107409 {\n  width: 93%;\n}\n@media (min-width:550px) {\n  #text-box-2139107409 {\n    width: 39%;\n  }\n  #text-box-2139107409 .text-box-content {\n    font-size: 100%;\n  }\n}\n<\/style>\n    <\/div>\n \n        <\/div>\n      <\/div>\n\n            \n<style>\n#banner-31486452 {\n  padding-top: 500px;\n}\n#banner-31486452 .banner-bg img {\n  object-position: 76% 27%;\n}\n<\/style>\n  <\/div>\n\n\n\n\t<section class=\"section\" id=\"section_1312380439\">\n\t\t<div class=\"section-bg fill\" >\n\t\t\t\t\t\t\t\t\t\n\t\t\t\n\n\t\t<\/div>\n\n\t\t\n\n\t\t<div class=\"section-content relative\">\n\t\t\t\n<div class=\"row align-center\"  id=\"row-1666921037\">\n\n\t<div id=\"col-1268217267\" class=\"col medium-5 small-12 large-5\"  >\n\t\t\t\t<div class=\"col-inner text-center\"  >\n\t\t\t\n\t\t\t\n<h1 style=\"text-align: left;\">RENDIMIENTOS<\/h1>\n<p style=\"text-align: left;\"><span style=\"font-size: 110%;\"><strong>&#8211;\u00a0Tasa de inter\u00e9s anual fija 3.00%<\/strong><\/span>\u00a0\u00abAntes de Impuestos\u00bb.<br \/><strong>&#8211;\u00a0GAT<\/strong>\u00a0(Ganancia Anual Total)<br \/><strong>&#8211;\u00a0GAT nominal anual\u00a0 3.04%<\/strong>\u00a0\u00abAntes de Impuestos\u00bb.<br \/><strong>&#8211; GAT real anual -0.80%<\/strong> \u00abAntes de Impuestos\u00bb.<br \/>&#8211;\u00a0Para fines informativos y de comparaci\u00f3n. <strong>La\u00a0GAT\u00a0real<\/strong>\u00a0es el rendimiento que obtendr\u00eda despu\u00e9s de descontar la inflaci\u00f3n estimada.<br \/>&#8211; Fecha de c\u00e1lculo 11\/11\/2025.<\/p>\n\t\t<\/div>\n\t\t\t\t\t<\/div>\n\n\t\n\n\t<div id=\"col-1077966432\" class=\"col medium-5 small-12 large-5\"  >\n\t\t\t\t<div class=\"col-inner text-center\"  >\n\t\t\t\n\t\t\t\n<h1 style=\"text-align: left;\">Caracter\u00edsticas<\/h1>\n<p style=\"text-align: left;\">&#8211;\u00a0Saldo m\u00ednimo de $500.00 pesos.<br \/>&#8211;\u00a0Monto disponible a la vista.<br \/>&#8211;\u00a0Monto m\u00e1ximo $3\u00b4000,000.00<br \/>&#8211;\u00a0Sin cobro de comisiones<\/p>\n\t\t<\/div>\n\t\t\t\t\t<\/div>\n\n\t\n<\/div>\n\t\t<\/div>\n\n\t\t\n<style>\n#section_1312380439 {\n  padding-top: 60px;\n  padding-bottom: 60px;\n  min-height: 300px;\n  background-color: rgb(245, 245, 245);\n}\n<\/style>\n\t<\/section>\n\t\n\n\t<section class=\"section has-mask mask-arrow\" id=\"section_722042674\">\n\t\t<div class=\"section-bg fill\" >\n\t\t\t\t\t\t\t\t\t\n\t\t\t\n\n\t\t<\/div>\n\n\t\t\n\n\t\t<div class=\"section-content relative\">\n\t\t\t\n<div class=\"row align-center\"  id=\"row-150097886\">\n\n\t<div id=\"col-1441157925\" class=\"col medium-5 small-12 large-5\"  >\n\t\t\t\t<div class=\"col-inner text-center\"  >\n\t\t\t\n\t\t\t\n<div class=\"p-tzo1222 pagelayer-list\">\n<div class=\"p-bqm7342 pagelayer-list_item\">\n<h2 style=\"text-align: center;\">Generalidades<\/h2>\n<ul style=\"text-align: left;\">\n<li class=\"pagelayer-list-li\">\n<p>Para mayor informaci\u00f3n acuda con nuestros ejecutivos de servicios en cualquiera de las sucursales.<\/p>\n<\/li>\n<\/ul>\n<\/div>\n<\/div>\n<div class=\"p-ifl6145 pagelayer-list\" style=\"text-align: left;\">\n<div class=\"p-bwv9930 pagelayer-list_item\">\n<ul>\n<li class=\"pagelayer-list-li\">\n<p>Ahorro disponible en moneda nacional.<\/p>\n<\/li>\n<\/ul>\n<\/div>\n<\/div>\n<div class=\"p-c536675 pagelayer-list\" style=\"text-align: left;\">\n<div class=\"p-8qp2426 pagelayer-list_item\">\n<ul>\n<li class=\"pagelayer-list-li\">\n<p>Disponible en nuestras cuatro sucursales del Estado de Sinaloa, El Rosario, Escuinapa y Mazatl\u00e1n.<\/p>\n<\/li>\n<\/ul>\n<\/div>\n<\/div>\n<div class=\"p-yvm3049 pagelayer-list\">\n<div class=\"p-kb01597 pagelayer-list_item\">\n<ul>\n<li class=\"pagelayer-list-li\">\n<p style=\"text-align: left;\">Producto garantizado por el Fondo de Protecci\u00f3n a que se refiere el T\u00edtulo Cuarto de la Ley para Regular las Actividades de las Sociedades Cooperativas de Ahorro y Pr\u00e9stamo.<\/p>\n<\/li>\n<\/ul>\n<\/div>\n<\/div>\n\t\t<\/div>\n\t\t\t\t\t<\/div>\n\n\t\n<\/div>\n\t\t<\/div>\n\n\t\t\n<style>\n#section_722042674 {\n  padding-top: 60px;\n  padding-bottom: 60px;\n  min-height: 300px;\n  background-color: rgb(255,255,255);\n}\n<\/style>\n\t<\/section>\n\t\n\n\t<section class=\"section has-mask mask-arrow\" id=\"section_1528231961\">\n\t\t<div class=\"section-bg fill\" >\n\t\t\t\t\t\t\t\t\t\n\t\t\t\n\n\t\t<\/div>\n\n\t\t\n\n\t\t<div class=\"section-content relative\">\n\t\t\t\n<div class=\"row align-center\"  id=\"row-1757026412\">\n\n\t<div id=\"col-1862797367\" class=\"col small-12 large-12\"  >\n\t\t\t\t<div class=\"col-inner text-center\"  >\n\t\t\t\n\t\t\t\n<div class=\"p-tzo1222 pagelayer-list\">\n<div class=\"p-bqm7342 pagelayer-list_item\">\n<div class=\"p-bwc31 pagelayer-text fadeInRight pagelayer-wow\">\n<div class=\"pagelayer-text-holder\">\n<p style=\"text-align: justify;\"><span style=\"font-size: 75%;\">\u201c\u00danicamente est\u00e1n garantizados por el Fondo de supervisi\u00f3n auxiliar de Sociedades Cooperativas de Ahorro y Pr\u00e9stamo y de protecci\u00f3n a sus ahorradores los dep\u00f3sitos de dinero: a la vista, de ahorro, a plazo fijo, retirables en d\u00edas preestablecidos o con previo aviso, hasta por el equivalente a 25 mil UDIS por persona f\u00edsica o moral, cualquiera que sea el n\u00famero y clase de operaciones a su favor y a cargo de una misma Instituci\u00f3n Financiera, en caso de que se declare su disoluci\u00f3n y liquidaci\u00f3n, o se declare su concurso mercantil.\u00a0Dicho fondo de protecci\u00f3n, cubrir\u00e1 el principal y accesorios de los dep\u00f3sitos de dinero referidos a la fecha en que se hubiere declarado la disoluci\u00f3n y liquidaci\u00f3n de la Sociedad Cooperativa de Ahorro y Pr\u00e9stamo o declarado su concurso mercantil, descontando el saldo insoluto de los pr\u00e9stamos o con respecto a los cuales sea deudor el Socio Ahorrador de que se trate, por lo que para estos efectos dichos pr\u00e9stamos o cr\u00e9ditos vencer\u00e1n de manera anticipada\u201d.\u00a0<\/span><\/p>\n<\/div>\n<\/div>\n<div class=\"p-onw141 pagelayer-text fadeInRight pagelayer-wow\">\n<div class=\"pagelayer-text-holder\">\n<section id=\"post-section\" class=\"post-section av-py-default blog-page\">\n<div class=\"av-container\">\n<div class=\"av-columns-area wow fadeInUp\">\n<div id=\"av-primary-content\" class=\"av-column-12 wow fadeInUp\">\n<div class=\"p-7mc660 pagelayer-row pagelayer-row-stretch-auto pagelayer-height-default\">\n<div class=\"pagelayer-row-holder pagelayer-row pagelayer-auto pagelayer-width-auto\">\n<div class=\"p-l6q9378 pagelayer-col\">\n<div class=\"pagelayer-col-holder\">\n<div class=\"p-onw141 pagelayer-text fadeInRight pagelayer-wow\">\n<div class=\"pagelayer-text-holder\">\n<p style=\"text-align: left;\"><span style=\"font-size: 85%;\"><strong>Equivalente del fondo de protecci\u00f3n a conversi\u00f3n en pesos moneda nacional\u00a0\u00a0$216,365.00, calculado al 14 de Agosto del 2025.<\/strong><\/span><\/p>\n<\/div>\n<\/div>\n<\/div>\n<\/div>\n<\/div>\n<\/div>\n<\/div>\n<\/div>\n<\/div>\n<\/section>\n<\/div>\n<\/div>\n<\/div>\n<\/div>\n\t\t<\/div>\n\t\t\t\t\t<\/div>\n\n\t\n<\/div>\n\t\t<\/div>\n\n\t\t\n<style>\n#section_1528231961 {\n  padding-top: 60px;\n  padding-bottom: 60px;\n  min-height: 300px;\n  background-color: rgb(255,255,255);\n}\n<\/style>\n\t<\/section>\n\t\n","protected":false},"excerpt":{"rendered":"","protected":false},"author":1,"featured_media":0,"parent":0,"menu_order":0,"comment_status":"closed","ping_status":"closed","template":"page-blank.php","meta":{"footnotes":""},"class_list":["post-1639","page","type-page","status-publish","hentry"],"_links":{"self":[{"href":"https:\/\/e-sais.com\/cajapopularrosario\/wp-json\/wp\/v2\/pages\/1639","targetHints":{"allow":["GET"]}}],"collection":[{"href":"https:\/\/e-sais.com\/cajapopularrosario\/wp-json\/wp\/v2\/pages"}],"about":[{"href":"https:\/\/e-sais.com\/cajapopularrosario\/wp-json\/wp\/v2\/types\/page"}],"author":[{"embeddable":true,"href":"https:\/\/e-sais.com\/cajapopularrosario\/wp-json\/wp\/v2\/users\/1"}],"replies":[{"embeddable":true,"href":"https:\/\/e-sais.com\/cajapopularrosario\/wp-json\/wp\/v2\/comments?post=1639"}],"version-history":[{"count":100,"href":"https:\/\/e-sais.com\/cajapopularrosario\/wp-json\/wp\/v2\/pages\/1639\/revisions"}],"predecessor-version":[{"id":9636,"href":"https:\/\/e-sais.com\/cajapopularrosario\/wp-json\/wp\/v2\/pages\/1639\/revisions\/9636"}],"wp:attachment":[{"href":"https:\/\/e-sais.com\/cajapopularrosario\/wp-json\/wp\/v2\/media?parent=1639"}],"curies":[{"name":"wp","href":"https:\/\/api.w.org\/{rel}","templated":true}]}}