{"id":2593,"date":"2022-06-28T18:03:35","date_gmt":"2022-06-28T18:03:35","guid":{"rendered":"https:\/\/e-sais.com\/cajapopularrosario\/?page_id=2582"},"modified":"2025-11-25T19:10:13","modified_gmt":"2025-11-26T02:10:13","slug":"ahorrador-infantil-2","status":"publish","type":"page","link":"https:\/\/e-sais.com\/cajapopularrosario\/ahorrador-infantil-2\/","title":{"rendered":"Ahorrador Infantil"},"content":{"rendered":"\n  <div class=\"banner has-hover\" id=\"banner-911325017\">\n          <div class=\"banner-inner fill\">\n        <div class=\"banner-bg fill\" >\n            <img loading=\"lazy\" decoding=\"async\" width=\"1500\" height=\"1001\" src=\"https:\/\/e-sais.com\/cajapopularrosario\/wp-content\/uploads\/2025\/11\/ahorro-infantil.jpg\" class=\"bg attachment-original size-original\" alt=\"\" \/>                                    \n                    <\/div>\n\t\t\n        <div class=\"banner-layers container\">\n            <div class=\"fill banner-link\"><\/div>            \n\t<div class=\"img has-hover x100 md-x95 lg-x95 y30 md-y15 lg-y15\" id=\"image_160052689\">\n\t\t\t\t\t\t<div data-animate=\"fadeInRight\">\t\t<div class=\"img-inner dark\" >\n\t\t\t<img loading=\"lazy\" decoding=\"async\" width=\"966\" height=\"461\" src=\"https:\/\/e-sais.com\/cajapopularrosario\/wp-content\/uploads\/2025\/09\/ahorro-infantil-caja-rosario.png\" class=\"attachment-large size-large\" alt=\"\" srcset=\"https:\/\/e-sais.com\/cajapopularrosario\/wp-content\/uploads\/2025\/09\/ahorro-infantil-caja-rosario.png 966w, https:\/\/e-sais.com\/cajapopularrosario\/wp-content\/uploads\/2025\/09\/ahorro-infantil-caja-rosario-300x143.png 300w, https:\/\/e-sais.com\/cajapopularrosario\/wp-content\/uploads\/2025\/09\/ahorro-infantil-caja-rosario-768x367.png 768w\" sizes=\"auto, (max-width: 966px) 100vw, 966px\" \/>\t\t\t\t\t\t\n\t\t\t\t\t<\/div>\n\t\t<\/div>\t\t\t\t\t\t\n<style>\n#image_160052689 {\n  width: 66%;\n}\n@media (min-width:550px) {\n  #image_160052689 {\n    width: 34%;\n  }\n}\n<\/style>\n\t<\/div>\n\t\n   <div id=\"text-box-587211107\" class=\"text-box banner-layer x100 md-x95 lg-x95 y80 md-y75 lg-y75 res-text\">\n                     <div data-animate=\"fadeInLeft\">           <div class=\"text-box-content text \">\n              \n              <div class=\"text-inner text-center\">\n                  \n<div class=\"p-zgn4693 pagelayer-collapse pagelayer-animation-grow\">\n<div class=\"pagelayer-collapse-holder\" data-icon=\"fas fa-coins\" data-active_icon=\"fas fa-minus\">\n<div class=\"p-8hs7907 pagelayer-accordion_item active\">\n<div class=\"pagelayer-accordion-panel\">\n<div class=\"p-eyy379 pagelayer-inner_row pagelayer-row-stretch-auto pagelayer-height-default\">\n<div class=\"pagelayer-row-holder pagelayer-row pagelayer-auto pagelayer-width-auto\">\n<div class=\"p-gdk5348 pagelayer-col\">\n<div class=\"pagelayer-col-holder\">\n<div class=\"p-hn12471 pagelayer-list\">\n<div class=\"p-jpf8856 pagelayer-list_item\">\n<p><strong><span style=\"font-size: 100%;\">Inculcar el h\u00e1bito del ahorro en la ni\u00f1ez para que en el futuro gocen de buena salud financiera.<\/span><\/strong><\/p>\n<\/div>\n<\/div>\n<\/div>\n<\/div>\n<\/div>\n<\/div>\n<\/div>\n<\/div>\n<\/div>\n<\/div>\n              <\/div>\n           <\/div>\n       <\/div>                     \n<style>\n#text-box-587211107 .text-box-content {\n  background-color: rgba(255, 255, 255, 0.576);\n  font-size: 119%;\n}\n#text-box-587211107 .text-inner {\n  padding: 20px 20px 20px 20px;\n}\n#text-box-587211107 {\n  width: 67%;\n}\n@media (min-width:550px) {\n  #text-box-587211107 {\n    width: 32%;\n  }\n  #text-box-587211107 .text-box-content {\n    font-size: 100%;\n  }\n}\n<\/style>\n    <\/div>\n \n        <\/div>\n      <\/div>\n\n            \n<style>\n#banner-911325017 {\n  padding-top: 500px;\n}\n#banner-911325017 .banner-bg img {\n  object-position: 75% 62%;\n}\n<\/style>\n  <\/div>\n\n\n\n\t<section class=\"section\" id=\"section_2010165441\">\n\t\t<div class=\"section-bg fill\" >\n\t\t\t\t\t\t\t\t\t\n\t\t\t\n\n\t\t<\/div>\n\n\t\t\n\n\t\t<div class=\"section-content relative\">\n\t\t\t\n<div class=\"row align-center\"  id=\"row-224711830\">\n\n\t<div id=\"col-1975775443\" class=\"col medium-5 small-12 large-5\"  >\n\t\t\t\t<div class=\"col-inner text-center\"  >\n\t\t\t\n\t\t\t\n<h1 style=\"text-align: left;\">RENDIMIENTOS<\/h1>\n<p style=\"text-align: left;\"><strong><span style=\"font-family: Arial Black;\">&#8211;<\/span>Tasa de inter\u00e9s anual total 4.00%<\/strong>\u00a0\u00abAntes de Impuestos\u00bb.<br \/><strong>&#8211;\u00a0GAT<\/strong>\u00a0(Ganancia Anual Total).<br \/><strong>&#8211;\u00a0GAT nominal 4.07%<\/strong>\u00a0\u00abAntes de Impuestos\u00bb.<br \/><strong>&#8211;\u00a0GAT real anual 0.27%<\/strong>\u00a0\u00abAntes de Impuestos\u00bb.<br \/>-Para fines informativos y de comparaci\u00f3n.\u00a0<strong>La\u00a0GAT\u00a0real\u00a0<\/strong>es el rendimiento que obtendr\u00eda despu\u00e9s de descontar la inflaci\u00f3n estimada.<br \/>&#8211; Fecha de c\u00e1lculo 11\/11\/2025.<\/p>\n\t\t<\/div>\n\t\t\t\t\t<\/div>\n\n\t\n\n\t<div id=\"col-568807219\" class=\"col medium-5 small-12 large-5\"  >\n\t\t\t\t<div class=\"col-inner text-center\"  >\n\t\t\t\n\t\t\t\n<h1 style=\"text-align: left;\">Caracter\u00edsticas<\/h1>\n<p style=\"text-align: left;\">&#8211;\u00a0Saldo m\u00ednimo de apertura $50.00 pesos.<br \/>&#8211;\u00a0Saldo m\u00e1ximo equivalente a 1500 UDIS (Unidades de Inversi\u00f3n) cuando el tutor no sea socio de la cooperativa.\u00a0\u00a0<br \/>&#8211;\u00a0Cantidad m\u00e1xima de ahorro $500,000.00, cuando el padre o tutor es socio.<br \/>&#8211;\u00a0Fecha de c\u00e1lculo 04\/03\/2024.<\/p>\n\t\t<\/div>\n\t\t\t\t\t<\/div>\n\n\t\n<\/div>\n\t\t<\/div>\n\n\t\t\n<style>\n#section_2010165441 {\n  padding-top: 60px;\n  padding-bottom: 60px;\n  min-height: 300px;\n  background-color: rgb(245, 245, 245);\n}\n<\/style>\n\t<\/section>\n\t\n\n\t<section class=\"section has-mask mask-arrow\" id=\"section_457347443\">\n\t\t<div class=\"section-bg fill\" >\n\t\t\t\t\t\t\t\t\t\n\t\t\t\n\n\t\t<\/div>\n\n\t\t\n\n\t\t<div class=\"section-content relative\">\n\t\t\t\n<div class=\"row align-center\"  id=\"row-27517222\">\n\n\t<div id=\"col-1274850761\" class=\"col medium-5 small-12 large-5\"  >\n\t\t\t\t<div class=\"col-inner text-center\"  >\n\t\t\t\n\t\t\t\n<div class=\"p-tzo1222 pagelayer-list\">\n<div class=\"p-bqm7342 pagelayer-list_item\">\n<h2 style=\"text-align: center;\">Generalidades<\/h2>\n<div>\n<div>\n<ul>\n<li style=\"text-align: left;\">Ahorro disponible en moneda nacional.<\/li>\n<\/ul>\n<\/div>\n<\/div>\n<div style=\"text-align: left;\">\n<div>\n<ul>\n<li>Disponible en nuestras cuatro sucursales del Estado de Sinaloa, El Rosario, Escuinapa y Mazatl\u00e1n.<\/li>\n<\/ul>\n<\/div>\n<\/div>\n<div>\n<div>\n<ul>\n<li style=\"text-align: left;\">Producto garantizado por el Fondo de Protecci\u00f3n a que se refiere el T\u00edtulo Cuarto de la Ley para Regular las Actividades de las Sociedades Cooperativas de Ahorro y Pr\u00e9stamo.\u00a0<\/li>\n<\/ul>\n<\/div>\n<\/div>\n<\/div>\n<\/div>\n\t\t<\/div>\n\t\t\t\t\t<\/div>\n\n\t\n\n\t<div id=\"col-1678933658\" class=\"col medium-5 small-12 large-5\"  >\n\t\t\t\t<div class=\"col-inner text-center\"  >\n\t\t\t\n\t\t\t\n<div class=\"p-tzo1222 pagelayer-list\">\n<div class=\"p-bqm7342 pagelayer-list_item\">\n<h2 style=\"text-align: center;\">Riesgos inherentes<\/h2>\n<div>\n<ul>\n<li style=\"text-align: left;\">\n<p><span>Cuando participe en promociones no podr\u00e1 disponer de su ahorro con el que participe, hasta la finalizaci\u00f3n seg\u00fan las bases de la misma.<\/span><\/p>\n<\/li>\n<li style=\"text-align: left;\">\n<p><span>Cumplida la mayor\u00eda de edad y de no cambiar la cuenta de ahorrador infantil a socio adulto, ser\u00e1 dado de baja y el saldo se traspasar\u00e1 a una cuenta que no generar\u00e1 rendimientos.<\/span><\/p>\n<\/li>\n<li style=\"text-align: left;\">\n<p><span>Los ahorradores infantiles no cuentan con ning\u00fan seguro en caso de fallecimiento.<\/span><\/p>\n<\/li>\n<\/ul>\n<\/div>\n<\/div>\n<\/div>\n\t\t<\/div>\n\t\t\t\t\t<\/div>\n\n\t\n<\/div>\n\t\t<\/div>\n\n\t\t\n<style>\n#section_457347443 {\n  padding-top: 60px;\n  padding-bottom: 60px;\n  min-height: 300px;\n}\n<\/style>\n\t<\/section>\n\t\n\n\t<section class=\"section has-mask mask-arrow\" id=\"section_1685564614\">\n\t\t<div class=\"section-bg fill\" >\n\t\t\t\t\t\t\t\t\t\n\t\t\t\n\n\t\t<\/div>\n\n\t\t\n\n\t\t<div class=\"section-content relative\">\n\t\t\t\n<div class=\"row align-center\"  id=\"row-1846948902\">\n\n\t<div id=\"col-392003661\" class=\"col small-12 large-12\"  >\n\t\t\t\t<div class=\"col-inner text-center\"  >\n\t\t\t\n\t\t\t\n<div class=\"p-tzo1222 pagelayer-list\">\n<div class=\"p-bqm7342 pagelayer-list_item\">\n<div class=\"p-bwc31 pagelayer-text fadeInRight pagelayer-wow\">\n<div class=\"pagelayer-text-holder\">\n<div class=\"p-bwc31 pagelayer-text fadeInRight pagelayer-wow\">\n<div class=\"pagelayer-text-holder\">\n<p style=\"text-align: justify;\"><span style=\"font-size: 75%;\">\u201c\u00danicamente est\u00e1n garantizados por el Fondo de supervisi\u00f3n auxiliar de Sociedades Cooperativas de Ahorro y Pr\u00e9stamo y de protecci\u00f3n a sus ahorradores los dep\u00f3sitos de dinero: a la vista, de ahorro, a plazo fijo, retirables en d\u00edas preestablecidos o con previo aviso, hasta por el equivalente a 25 mil UDIS por persona f\u00edsica o moral, cualquiera que sea el n\u00famero y clase de operaciones a su favor y a cargo de una misma Instituci\u00f3n Financiera, en caso de que se declare su disoluci\u00f3n y liquidaci\u00f3n, o se declare su concurso mercantil.\u00a0Dicho fondo de protecci\u00f3n, cubrir\u00e1 el principal y accesorios de los dep\u00f3sitos de dinero referidos a la fecha en que se hubiere declarado la disoluci\u00f3n y liquidaci\u00f3n de la Sociedad Cooperativa de Ahorro y Pr\u00e9stamo o declarado su concurso mercantil, descontando el saldo insoluto de los pr\u00e9stamos o con respecto a los cuales sea deudor el Socio Ahorrador de que se trate, por lo que para estos efectos dichos pr\u00e9stamos o cr\u00e9ditos vencer\u00e1n de manera anticipada\u201d.\u00a0<\/span><\/p>\n<\/div>\n<\/div>\n<div class=\"p-onw141 pagelayer-text fadeInRight pagelayer-wow\">\n<div class=\"pagelayer-text-holder\">\n<section id=\"post-section\" class=\"post-section av-py-default blog-page\">\n<div class=\"av-container\">\n<div class=\"av-columns-area wow fadeInUp\">\n<div id=\"av-primary-content\" class=\"av-column-12 wow fadeInUp\">\n<div class=\"p-7mc660 pagelayer-row pagelayer-row-stretch-auto pagelayer-height-default\">\n<div class=\"pagelayer-row-holder pagelayer-row pagelayer-auto pagelayer-width-auto\">\n<div class=\"p-l6q9378 pagelayer-col\">\n<div class=\"pagelayer-col-holder\">\n<div class=\"p-onw141 pagelayer-text fadeInRight pagelayer-wow\">\n<div class=\"pagelayer-text-holder\">\n<p style=\"text-align: left;\"><span style=\"font-size: 80%;\"><strong>Equivalente del fondo de protecci\u00f3n a conversi\u00f3n en pesos moneda nacional\u00a0\u00a0\u00a0$216,365.00 , calculado al 14 de Agosto del 2025.<\/strong><\/span><\/p>\n<\/div>\n<\/div>\n<\/div>\n<\/div>\n<\/div>\n<\/div>\n<\/div>\n<\/div>\n<\/div>\n<\/section>\n<\/div>\n<\/div>\n<\/div>\n<\/div>\n<\/div>\n<\/div>\n\t\t<\/div>\n\t\t\t\t\t<\/div>\n\n\t\n<\/div>\n\t\t<\/div>\n\n\t\t\n<style>\n#section_1685564614 {\n  padding-top: 60px;\n  padding-bottom: 60px;\n  min-height: 300px;\n  background-color: rgb(255,255,255);\n}\n<\/style>\n\t<\/section>\n\t\n","protected":false},"excerpt":{"rendered":"","protected":false},"author":1,"featured_media":0,"parent":0,"menu_order":0,"comment_status":"closed","ping_status":"closed","template":"page-blank.php","meta":{"footnotes":""},"class_list":["post-2593","page","type-page","status-publish","hentry"],"_links":{"self":[{"href":"https:\/\/e-sais.com\/cajapopularrosario\/wp-json\/wp\/v2\/pages\/2593","targetHints":{"allow":["GET"]}}],"collection":[{"href":"https:\/\/e-sais.com\/cajapopularrosario\/wp-json\/wp\/v2\/pages"}],"about":[{"href":"https:\/\/e-sais.com\/cajapopularrosario\/wp-json\/wp\/v2\/types\/page"}],"author":[{"embeddable":true,"href":"https:\/\/e-sais.com\/cajapopularrosario\/wp-json\/wp\/v2\/users\/1"}],"replies":[{"embeddable":true,"href":"https:\/\/e-sais.com\/cajapopularrosario\/wp-json\/wp\/v2\/comments?post=2593"}],"version-history":[{"count":37,"href":"https:\/\/e-sais.com\/cajapopularrosario\/wp-json\/wp\/v2\/pages\/2593\/revisions"}],"predecessor-version":[{"id":9642,"href":"https:\/\/e-sais.com\/cajapopularrosario\/wp-json\/wp\/v2\/pages\/2593\/revisions\/9642"}],"wp:attachment":[{"href":"https:\/\/e-sais.com\/cajapopularrosario\/wp-json\/wp\/v2\/media?parent=2593"}],"curies":[{"name":"wp","href":"https:\/\/api.w.org\/{rel}","templated":true}]}}