{"id":2684,"date":"2022-06-30T15:52:33","date_gmt":"2022-06-30T15:52:33","guid":{"rendered":"https:\/\/e-sais.com\/cajapopularrosario\/?page_id=1639"},"modified":"2025-11-25T19:34:22","modified_gmt":"2025-11-26T02:34:22","slug":"credi-auto-3","status":"publish","type":"page","link":"https:\/\/e-sais.com\/cajapopularrosario\/credi-auto-3\/","title":{"rendered":"Credi-Auto"},"content":{"rendered":"\n  <div class=\"banner has-hover\" id=\"banner-2115944854\">\n          <div class=\"banner-inner fill\">\n        <div class=\"banner-bg fill\" >\n            <img loading=\"lazy\" decoding=\"async\" width=\"1920\" height=\"1080\" src=\"https:\/\/e-sais.com\/cajapopularrosario\/wp-content\/uploads\/2025\/11\/credi-auto-bg.jpg\" class=\"bg attachment-original size-original\" alt=\"\" \/>                                    \n                    <\/div>\n\t\t\n        <div class=\"banner-layers container\">\n            <div class=\"fill banner-link\"><\/div>            \n\t<div class=\"img has-hover x50 md-x100 lg-x100 y35 md-y15 lg-y15\" id=\"image_1117686191\">\n\t\t\t\t\t\t<div data-animate=\"fadeInRight\">\t\t<div class=\"img-inner dark\" >\n\t\t\t<img loading=\"lazy\" decoding=\"async\" width=\"971\" height=\"441\" src=\"https:\/\/e-sais.com\/cajapopularrosario\/wp-content\/uploads\/2025\/09\/credi-auto.png\" class=\"attachment-large size-large\" alt=\"\" srcset=\"https:\/\/e-sais.com\/cajapopularrosario\/wp-content\/uploads\/2025\/09\/credi-auto.png 971w, https:\/\/e-sais.com\/cajapopularrosario\/wp-content\/uploads\/2025\/09\/credi-auto-300x136.png 300w, https:\/\/e-sais.com\/cajapopularrosario\/wp-content\/uploads\/2025\/09\/credi-auto-768x349.png 768w\" sizes=\"auto, (max-width: 971px) 100vw, 971px\" \/>\t\t\t\t\t\t\n\t\t\t\t\t<\/div>\n\t\t<\/div>\t\t\t\t\t\t\n<style>\n#image_1117686191 {\n  width: 78%;\n}\n@media (min-width:550px) {\n  #image_1117686191 {\n    width: 42%;\n  }\n}\n<\/style>\n\t<\/div>\n\t\n   <div id=\"text-box-1970085342\" class=\"text-box banner-layer x50 md-x100 lg-x100 y85 md-y75 lg-y75 res-text\">\n                     <div data-animate=\"fadeInUp\">           <div class=\"text-box-content text dark\">\n              \n              <div class=\"text-inner text-center\">\n                  \n<div class=\"p-zgn4693 pagelayer-collapse pagelayer-animation-grow\">\n<div class=\"pagelayer-collapse-holder\" data-icon=\"fas fa-coins\" data-active_icon=\"fas fa-minus\">\n<div class=\"p-8hs7907 pagelayer-accordion_item active\">\n<div class=\"pagelayer-accordion-panel\">\n<div class=\"p-eyy379 pagelayer-inner_row pagelayer-row-stretch-auto pagelayer-height-default\">\n<div class=\"pagelayer-row-holder pagelayer-row pagelayer-auto pagelayer-width-auto\">\n<div class=\"p-gdk5348 pagelayer-col\">\n<div class=\"pagelayer-col-holder\">\n<div class=\"p-hn12471 pagelayer-list\">\n<div class=\"p-jpf8856 pagelayer-list_item\">\n<div class=\"p-qxu2903 pagelayer-heading\" align=\"center\">\n<div class=\"pagelayer-heading-holder\">\n<div class=\"p-wy16139 pagelayer-heading\" align=\"center\">\n<div class=\"pagelayer-heading-holder\">\n<h3><strong><span style=\"color: #99cc00;\">Pr\u00e9stamos<\/span> <span style=\"color: #ffcc00;\">desde $120,000.00 hasta $800,000.00<\/span><\/strong><\/h3>\n<\/div>\n<\/div>\n<p style=\"text-align: center;\"><strong>Apoyar a adquirir el mejor financiamiento para la compra de un autom\u00f3vil nuevo o semi-nuevo.<\/strong><\/p>\n<\/div>\n<\/div>\n<\/div>\n<\/div>\n<\/div>\n<\/div>\n<\/div>\n<\/div>\n<\/div>\n<\/div>\n<\/div>\n<\/div>\n              <\/div>\n           <\/div>\n       <\/div>                     \n<style>\n#text-box-1970085342 .text-box-content {\n  background-color: rgba(2, 54, 77, 0.488);\n  font-size: 119%;\n}\n#text-box-1970085342 .text-inner {\n  padding: 10px 10px 10px 10px;\n}\n#text-box-1970085342 {\n  width: 77%;\n}\n@media (min-width:550px) {\n  #text-box-1970085342 {\n    width: 41%;\n  }\n  #text-box-1970085342 .text-box-content {\n    font-size: 100%;\n  }\n}\n<\/style>\n    <\/div>\n \n        <\/div>\n      <\/div>\n\n            \n<style>\n#banner-2115944854 {\n  padding-top: 700px;\n}\n#banner-2115944854 .banner-bg img {\n  object-position: 44% 0%;\n}\n<\/style>\n  <\/div>\n\n\n\n\t<section class=\"section\" id=\"section_1650263743\">\n\t\t<div class=\"section-bg fill\" >\n\t\t\t\t\t\t\t\t\t\n\t\t\t\n\n\t\t<\/div>\n\n\t\t\n\n\t\t<div class=\"section-content relative\">\n\t\t\t\n<div class=\"row align-center\"  id=\"row-2120878652\">\n\n\t<div id=\"col-1037145248\" class=\"col medium-6 small-12 large-6\"  >\n\t\t\t\t<div class=\"col-inner text-center\"  >\n\t\t\t\n\t\t\t\n<div class=\"p-9qd4914 pagelayer-list pagelayer-animation-grow\">\n<div class=\"p-55z3551 pagelayer-list_item\">\n<h1>Consideraciones<\/h1>\n<div class=\"p-wkn8190 pagelayer-text fadeInLeft pagelayer-wow\">\n<div class=\"pagelayer-text-holder\">\n<p>Para fines informativos y de comparaci\u00f3n.<\/p>\n<\/div>\n<\/div>\n<\/div>\n<\/div>\n\t<div class=\"img has-hover x md-x lg-x y md-y lg-y\" id=\"image_251043259\">\n\t\t\t\t\t\t\t\t<div class=\"img-inner dark\" >\n\t\t\t<img loading=\"lazy\" decoding=\"async\" width=\"580\" height=\"200\" src=\"https:\/\/e-sais.com\/cajapopularrosario\/wp-content\/uploads\/2025\/11\/AUTO.png\" class=\"attachment-large size-large\" alt=\"\" srcset=\"https:\/\/e-sais.com\/cajapopularrosario\/wp-content\/uploads\/2025\/11\/AUTO.png 580w, https:\/\/e-sais.com\/cajapopularrosario\/wp-content\/uploads\/2025\/11\/AUTO-300x103.png 300w\" sizes=\"auto, (max-width: 580px) 100vw, 580px\" \/>\t\t\t\t\t\t\n\t\t\t\t\t<\/div>\n\t\t\t\t\t\t\t\t\n<style>\n#image_251043259 {\n  width: 100%;\n}\n<\/style>\n\t<\/div>\n\t\n<div class=\"p-9qd4914 pagelayer-list pagelayer-animation-grow\">\n<div class=\"p-55z3551 pagelayer-list_item\">\n<div class=\"p-q9v752 pagelayer-text fadeInLeft pagelayer-wow\">\n<div class=\"pagelayer-text-holder\">\n<div class=\"p-bkh8046 pagelayer-col fadeInLeft pagelayer-wow\">\n<div class=\"pagelayer-col-holder\">\n<div class=\"p-q9v752 pagelayer-text fadeInLeft pagelayer-wow\">\n<div class=\"pagelayer-text-holder\">\n<p style=\"text-align: left;\"><strong>(Costo anual total) CAT promedio 12.7% \u00abSIN IVA\u00bb,<\/strong>\u00a0expresado en t\u00e9rminos porcentuales anuales para fines informativos y de comparaci\u00f3n.\u00a0Fecha de c\u00e1lculo del CAT 22\/09\/2025.\u00a0<strong>Para\u00a0<u>autos\u00a0<\/u><u>nuevos.<\/u><\/strong><\/p>\n<\/div>\n<\/div>\n<div class=\"p-cy98725 pagelayer-text fadeInLeft pagelayer-wow\" style=\"text-align: left;\">\n<div class=\"pagelayer-text-holder\">\n<p><strong>(Costo anual total) CAT promedio 13.8% \u00abSIN IVA\u00bb,<\/strong>\u00a0expresado en t\u00e9rminos porcentuales anuales para fines informativos y de comparaci\u00f3n.\u00a0Fecha de c\u00e1lculo del CAT 22\/09\/2025.\u00a0<strong>Para\u00a0<u>autos semi-<\/u><u>nuevos.<\/u><\/strong><\/p>\n<\/div>\n<\/div>\n<div class=\"p-grj1537 pagelayer-text fadeInLeft pagelayer-wow\" style=\"text-align: justify;\">\n<div class=\"pagelayer-text-holder\">\n<p><strong>(Costo anual total) CAT promedio 16.1% \u00abSIN IVA\u00bb,\u00a0<\/strong>expresado en t\u00e9rminos porcentuales anuales para fines informativos y de comparaci\u00f3n.\u00a0Fecha de c\u00e1lculo del CAT 22\/09\/2025.<strong>\u00a0Para\u00a0<u>autos usad<\/u><u>os.<\/u><\/strong><\/p>\n<\/div>\n<\/div>\n<div class=\"p-9es859 pagelayer-text fadeInLeft pagelayer-wow\" style=\"text-align: left;\">\n<div class=\"pagelayer-text-holder\">\n<p>Nuestras tasas de inter\u00e9s son fijas, presentadas antes de impuestos, expresadas en t\u00e9rminos porcentuales, Moneda Nacional.<\/p>\n<\/div>\n<\/div>\n<div class=\"p-q4j9820 pagelayer-text fadeInLeft pagelayer-wow\" style=\"text-align: left;\">\n<div class=\"pagelayer-text-holder\">\n<p><strong>\u201cLa autorizaci\u00f3n del pr\u00e9stamo queda sujeta a la demostraci\u00f3n de la capacidad de pago\u201d.<\/strong><\/p>\n<\/div>\n<\/div>\n<\/div>\n<\/div>\n<\/div>\n<\/div>\n<\/div>\n<\/div>\n\t\t<\/div>\n\t\t\t\t\t<\/div>\n\n\t\n<\/div>\n\t\t<\/div>\n\n\t\t\n<style>\n#section_1650263743 {\n  padding-top: 60px;\n  padding-bottom: 60px;\n  min-height: 300px;\n  background-color: rgb(245, 245, 245);\n}\n<\/style>\n\t<\/section>\n\t\n\n\t<section class=\"section has-mask mask-arrow\" id=\"section_136345784\">\n\t\t<div class=\"section-bg fill\" >\n\t\t\t\t\t\t\t\t\t\n\t\t\t\n\n\t\t<\/div>\n\n\t\t\n\n\t\t<div class=\"section-content relative\">\n\t\t\t\n<div class=\"row align-center\"  id=\"row-1625680276\">\n\n\t<div id=\"col-1927824664\" class=\"col medium-9 small-12 large-9\"  >\n\t\t\t\t<div class=\"col-inner text-center\"  >\n\t\t\t\n\t\t\t\n\t<div class=\"img has-hover x md-x lg-x y md-y lg-y\" id=\"image_1357223582\">\n\t\t\t\t\t\t<div data-animate=\"bounceIn\">\t\t<div class=\"img-inner dark\" >\n\t\t\t<img loading=\"lazy\" decoding=\"async\" width=\"1020\" height=\"1020\" src=\"https:\/\/e-sais.com\/cajapopularrosario\/wp-content\/uploads\/2025\/09\/19-1024x1024.png\" class=\"attachment-large size-large\" alt=\"\" srcset=\"https:\/\/e-sais.com\/cajapopularrosario\/wp-content\/uploads\/2025\/09\/19-1024x1024.png 1024w, https:\/\/e-sais.com\/cajapopularrosario\/wp-content\/uploads\/2025\/09\/19-300x300.png 300w, https:\/\/e-sais.com\/cajapopularrosario\/wp-content\/uploads\/2025\/09\/19-150x150.png 150w, https:\/\/e-sais.com\/cajapopularrosario\/wp-content\/uploads\/2025\/09\/19-768x768.png 768w, https:\/\/e-sais.com\/cajapopularrosario\/wp-content\/uploads\/2025\/09\/19.png 1080w\" sizes=\"auto, (max-width: 1020px) 100vw, 1020px\" \/>\t\t\t\t\t\t\n\t\t\t\t\t<\/div>\n\t\t<\/div>\t\t\t\t\t\t\n<style>\n#image_1357223582 {\n  width: 21%;\n}\n<\/style>\n\t<\/div>\n\t\n<div class=\"p-9qd4914 pagelayer-list pagelayer-animation-grow\">\n<div class=\"p-55z3551 pagelayer-list_item\">\n<div class=\"p-q9v752 pagelayer-text fadeInLeft pagelayer-wow\">\n<div class=\"pagelayer-text-holder\">\u00a0<\/div>\n<\/div>\n<div class=\"p-q4j9820 pagelayer-text fadeInLeft pagelayer-wow\">\n<div class=\"pagelayer-text-holder\">\n<h1 style=\"text-align: center;\"><span style=\"font-size: 25.92px; text-align: left; color: #333333;\">Sujetos a cr\u00e9dito<\/span><\/h1>\n<\/div>\n<\/div>\n<\/div>\n<\/div>\n<div class=\"p-ecj9111 pagelayer-list_item\">\n<p style=\"text-align: center;\"><span class=\"pagelayer-list-icon-holder\"><span class=\"pagelayer-list-item\">Socio(a) de Caja Popular Rosario y contar con solvencia moral y econ\u00f3mica para este tipo de cr\u00e9dito.<\/span><\/span><\/p>\n<\/div>\n<div class=\"accordion\">\n\t<div id=\"accordion-2500312756\" class=\"accordion-item\">\n\t\t<a id=\"accordion-2500312756-label\" class=\"accordion-title plain\" href=\"#accordion-item-caracter\u00cdsticas\" aria-expanded=\"false\" aria-controls=\"accordion-2500312756-content\">\n\t\t\t<button class=\"toggle\" aria-label=\"Toggle\"><i class=\"icon-angle-down\" aria-hidden=\"true\"><\/i><\/button>\n\t\t\t<span>CARACTER\u00cdSTICAS<\/span>\n\t\t<\/a>\n\t\t<div id=\"accordion-2500312756-content\" class=\"accordion-inner\" aria-labelledby=\"accordion-2500312756-label\">\n\t\t\t\n<div class=\"p-ecj9111 pagelayer-list_item\">\n<div>\n<div>\n<ul>\n<li style=\"text-align: left;\">Pr\u00e9stamos desde $120,000.00 hasta $800,000.00<\/li>\n<\/ul>\n<\/div>\n<\/div>\n<div style=\"text-align: left;\">\n<div>\n<ul>\n<li>Con plazos de 6 hasta 72 meses.<\/li>\n<\/ul>\n<\/div>\n<\/div>\n<div style=\"text-align: left;\">\n<div>\n<ul>\n<li><strong>Tasa de inter\u00e9s anual ordinaria fija del 12% antes de impuestos. Para\u00a0autos nuevos.<\/strong><\/li>\n<\/ul>\n<\/div>\n<\/div>\n<div style=\"text-align: left;\">\n<div>\n<ul>\n<li><strong>Tasa de inter\u00e9s anual ordinaria fija del 13% antes de impuestos. Para\u00a0autos\u00a0semi-nuevos.<\/strong><\/li>\n<\/ul>\n<\/div>\n<\/div>\n<div style=\"text-align: left;\">\n<div>\n<ul>\n<li><strong>Tasa de inter\u00e9s anual ordinaria fija del 15% antes de impuestos. Para\u00a0autos usados.<\/strong><\/li>\n<\/ul>\n<\/div>\n<\/div>\n<div style=\"text-align: left;\">\n<div>\n<ul>\n<li>Pagos sobre saldos insolutos y contamos con la modalidad de pagos fijos.<\/li>\n<\/ul>\n<\/div>\n<\/div>\n<div style=\"text-align: left;\">\n<div>\n<ul>\n<li>Los montos son expresados en moneda nacional.<\/li>\n<\/ul>\n<\/div>\n<\/div>\n<div style=\"text-align: left;\">\n<div>\n<ul>\n<li>Nuestros productos se encuentran disponibles en los municipios de El Rosario, Escuinapa y Mazatl\u00e1n Sinaloa.<\/li>\n<\/ul>\n<\/div>\n<\/div>\n<div class=\"p-jtt1600 pagelayer-list\" style=\"text-align: left;\">\n<div class=\"p-qhi714 pagelayer-list_item\">\n<div class=\"p-z9l9679 pagelayer-list\">\n<div class=\"p-bfz9863 pagelayer-list_item\">\n<h1 style=\"text-align: left;\"><a class=\"pagelayer-accordion-tabs\">Comisiones<i class=\"fas fa-minus\"><\/i><\/a><\/h1>\n<div class=\"pagelayer-accordion-panel\">\n<div class=\"p-wz24831 pagelayer-inner_row pagelayer-row-stretch-auto pagelayer-height-default\">\n<div class=\"pagelayer-row-holder pagelayer-row pagelayer-auto pagelayer-width-auto\">\n<div class=\"p-gqn6530 pagelayer-col\">\n<div class=\"pagelayer-col-holder\">\n<div class=\"p-fi62338 pagelayer-list\">\n<div class=\"p-p2x9206 pagelayer-list_item\">\n<ul>\n<li class=\"pagelayer-list-li\" style=\"text-align: left;\"><span class=\"pagelayer-list-icon-holder\"><i class=\"pagelayer-list-icon fas fa-angle-right\"><\/i><span class=\"pagelayer-list-item\">\u00abEste producto no genera ninguna comisi\u00f3n\u00bb<\/span><\/span><\/li>\n<\/ul>\n<\/div>\n<\/div>\n<\/div>\n<\/div>\n<\/div>\n<\/div>\n<\/div>\n<\/div>\n<\/div>\n<\/div>\n<\/div>\n<\/div>\n\t\t<\/div>\n\t<\/div>\n\t\n\t<div id=\"accordion-3880123477\" class=\"accordion-item\">\n\t\t<a id=\"accordion-3880123477-label\" class=\"accordion-title plain\" href=\"#accordion-item-requisitos\" aria-expanded=\"false\" aria-controls=\"accordion-3880123477-content\">\n\t\t\t<button class=\"toggle\" aria-label=\"Toggle\"><i class=\"icon-angle-down\" aria-hidden=\"true\"><\/i><\/button>\n\t\t\t<span>REQUISITOS<\/span>\n\t\t<\/a>\n\t\t<div id=\"accordion-3880123477-content\" class=\"accordion-inner\" aria-labelledby=\"accordion-3880123477-label\">\n\t\t\t\n<h1 style=\"text-align: left;\">\u00a0<\/h1>\n<ul style=\"text-align: left;\">\n<li><strong>Ser socio de Caja Popular Rosario.<\/strong><\/li>\n<li><strong>\u00a0<\/strong><span style=\"color: #555555;\"><strong>Identificaci\u00f3n oficial vigente<\/strong> (INE,\u00a0<\/span><span style=\"color: #555555;\">cartilla militar, c\u00e9dula profesional,\u00a0<\/span><span style=\"color: #555555;\">pasaporte y\/o licencia de conducir).\u00a0\u00a0<\/span><span style=\"color: #555555;\">Original y copia para cotejar (solicitante y aval).<\/span><\/li>\n<li>\u00a0<span style=\"color: #555555;\"><strong>Comprobante de domicilio vigente<\/strong> no mayor a 3 meses de su fecha de emisi\u00f3n (recibo de luz, agua y\/o tel\u00e9fono fijo).\u00a0<\/span><span style=\"color: #555555;\">Original y copia para cotejar (solicitante y aval).<\/span><\/li>\n<li><strong>Comprobante de ingresos recientes<\/strong>\u00a0 (presentar m\u00ednimo un mes) (solicitante y aval).<\/li>\n<li><strong>Tener una edad de 21 a 70 a\u00f1os.<\/strong><\/li>\n<li><strong>Constancia de situaci\u00f3n fiscal actualizada<\/strong> a la fecha del tr\u00e1mite (solicitante y aval).<\/li>\n<li><strong>Cotizaci\u00f3n del medio de transporte a adquirir.<\/strong> El veh\u00edculo deber\u00e1 ser nuevo o seminuevo, de agencia o de lote con no m\u00e1s de 6 a\u00f1os de antig\u00fcedad.<\/li>\n<li><strong>Garant\u00eda financiera<\/strong> del 5% del monto a solicitar.<\/li>\n<li><strong>Aval y garant\u00eda prendaria o hipotecaria.<\/strong><\/li>\n<li><strong>Factura Original del bien adquirido endosado<\/strong> a favor de Caja Popular Rosario.<\/li>\n<\/ul>\n<p style=\"text-align: left;\">\u00a0*P\u00f3liza de seguro donde el beneficiario sea Caja Popular Rosario.<\/p>\n<ul>\n<li style=\"text-align: left;\"><strong>Garant\u00eda hipotecaria<\/strong> con un valor del 100% sobre el monto solicitado:<\/li>\n<\/ul>\n<p style=\"text-align: left;\">\u00a0 *Escrituras o t\u00edtulo del bien inmueble\u00a0.<br \/>\u00a0 *Recibo reciente de pago de predial.<\/p>\n<p style=\"text-align: left;\">\u00a0*Presentar aval\u00fao comercial m\u00ednimo al 100% del monto solicitado (no se requerir\u00e1 en caso de que el valor catastral del recibo de predial sea igual o mayor al monto solicitado).<\/p>\n<p style=\"text-align: left;\">\u00a0 *Certificado libre de gravamen.<\/p>\n<ul>\n<li style=\"text-align: left;\"><strong>El contrato se protocoliza\u00a0ante notario p\u00fablico.\u00a0<\/strong><\/li>\n<\/ul>\n\t\t<\/div>\n\t<\/div>\n\t\n\t<div id=\"accordion-3755732945\" class=\"accordion-item\">\n\t\t<a id=\"accordion-3755732945-label\" class=\"accordion-title plain\" href=\"#accordion-item-riesgos-inherentes\" aria-expanded=\"false\" aria-controls=\"accordion-3755732945-content\">\n\t\t\t<button class=\"toggle\" aria-label=\"Toggle\"><i class=\"icon-angle-down\" aria-hidden=\"true\"><\/i><\/button>\n\t\t\t<span>RIESGOS INHERENTES<\/span>\n\t\t<\/a>\n\t\t<div id=\"accordion-3755732945-content\" class=\"accordion-inner\" aria-labelledby=\"accordion-3755732945-label\">\n\t\t\t\n<div class=\"p-tzo1222 pagelayer-list\">\n<div class=\"p-bqm7342 pagelayer-list_item\">\n<h2 style=\"text-align: left;\">\u00a0<\/h2>\n<div class=\"p-hfg5704 pagelayer-list\" style=\"text-align: left;\">\n<div class=\"p-zpl3243 pagelayer-list_item\">\n<ul>\n<li class=\"pagelayer-list-li\"><span class=\"pagelayer-list-icon-holder\"><span class=\"pagelayer-list-item\">No cubrirlos en los plazos pactados conforme a lo establecido en el plan de pagos causar\u00e1 una\u00a0tasa de inter\u00e9s anual moratoria fija del 36%\u00a0\u00abantes de impuestos\u00bb.<br \/><\/span><\/span><\/li>\n<\/ul>\n<\/div>\n<\/div>\n<div class=\"p-hvl8846 pagelayer-list\" style=\"text-align: left;\">\n<div class=\"p-ijy1744 pagelayer-list_item\">\n<ul>\n<li class=\"pagelayer-list-li\"><span class=\"pagelayer-list-icon-holder\"><i class=\"pagelayer-list-icon fas fa-angle-right\"><\/i><span class=\"pagelayer-list-item\">Contratar cr\u00e9ditos que excedan tu capacidad de pago puede afectar tu historial crediticio.<br \/><\/span><\/span><\/li>\n<\/ul>\n<\/div>\n<\/div>\n<div class=\"p-nj75129 pagelayer-list\">\n<div class=\"p-2gl797 pagelayer-list_item\">\n<ul>\n<li class=\"pagelayer-list-li\" style=\"text-align: left;\"><span class=\"pagelayer-list-icon-holder\"><i class=\"pagelayer-list-icon fas fa-angle-right\"><\/i><span class=\"pagelayer-list-item\">El avalista u obligado solidario responder\u00e1 como obligado principal por el total del pago frente a la instituci\u00f3n financiera.<\/span><\/span><\/li>\n<\/ul>\n<\/div>\n<\/div>\n<\/div>\n<\/div>\n\t\t<\/div>\n\t<\/div>\n\t\n<\/div>\n\t\t<\/div>\n\t\t\t\t\t<\/div>\n\n\t\n<\/div>\n\t\t<\/div>\n\n\t\t\n<style>\n#section_136345784 {\n  padding-top: 60px;\n  padding-bottom: 60px;\n  min-height: 300px;\n  background-color: rgb(255,255,255);\n}\n<\/style>\n\t<\/section>\n\t\n\n\t<section class=\"section has-mask mask-arrow\" id=\"section_1504613717\">\n\t\t<div class=\"section-bg fill\" >\n\t\t\t\t\t\t\t\t\t\n\t\t\t\n\n\t\t<\/div>\n\n\t\t\n\n\t\t<div class=\"section-content relative\">\n\t\t\t\n<div class=\"row align-center\"  id=\"row-2609957\">\n\n\t<div id=\"col-85723344\" class=\"col medium-5 small-12 large-5\"  >\n\t\t\t\t<div class=\"col-inner text-center\"  >\n\t\t\t\n\t\t\t\n<a href=\"http:\/\/citrixrosario.fortiddns.com:83\/COTIZADORCREDITOS\" target=\"_blank\" class=\"button primary is-shade box-shadow-3 box-shadow-5-hover\" rel=\"noopener\" style=\"border-radius:5px;\">\n\t\t<span>Cotizador<\/span>\n\t<\/a>\n\n\t\t<\/div>\n\t\t\t\t\t<\/div>\n\n\t\n<\/div>\n\t\t<\/div>\n\n\t\t\n<style>\n#section_1504613717 {\n  padding-top: 60px;\n  padding-bottom: 60px;\n  min-height: 300px;\n  background-color: rgb(255,255,255);\n}\n<\/style>\n\t<\/section>\n\t\n","protected":false},"excerpt":{"rendered":"","protected":false},"author":1,"featured_media":0,"parent":0,"menu_order":0,"comment_status":"closed","ping_status":"closed","template":"page-blank.php","meta":{"footnotes":""},"class_list":["post-2684","page","type-page","status-publish","hentry"],"_links":{"self":[{"href":"https:\/\/e-sais.com\/cajapopularrosario\/wp-json\/wp\/v2\/pages\/2684","targetHints":{"allow":["GET"]}}],"collection":[{"href":"https:\/\/e-sais.com\/cajapopularrosario\/wp-json\/wp\/v2\/pages"}],"about":[{"href":"https:\/\/e-sais.com\/cajapopularrosario\/wp-json\/wp\/v2\/types\/page"}],"author":[{"embeddable":true,"href":"https:\/\/e-sais.com\/cajapopularrosario\/wp-json\/wp\/v2\/users\/1"}],"replies":[{"embeddable":true,"href":"https:\/\/e-sais.com\/cajapopularrosario\/wp-json\/wp\/v2\/comments?post=2684"}],"version-history":[{"count":50,"href":"https:\/\/e-sais.com\/cajapopularrosario\/wp-json\/wp\/v2\/pages\/2684\/revisions"}],"predecessor-version":[{"id":9662,"href":"https:\/\/e-sais.com\/cajapopularrosario\/wp-json\/wp\/v2\/pages\/2684\/revisions\/9662"}],"wp:attachment":[{"href":"https:\/\/e-sais.com\/cajapopularrosario\/wp-json\/wp\/v2\/media?parent=2684"}],"curies":[{"name":"wp","href":"https:\/\/api.w.org\/{rel}","templated":true}]}}