{"id":2703,"date":"2022-06-30T17:51:07","date_gmt":"2022-06-30T17:51:07","guid":{"rendered":"https:\/\/e-sais.com\/cajapopularrosario\/?page_id=1639"},"modified":"2025-11-25T21:41:28","modified_gmt":"2025-11-26T04:41:28","slug":"credi-kasita","status":"publish","type":"page","link":"https:\/\/e-sais.com\/cajapopularrosario\/credi-kasita\/","title":{"rendered":"Credi-Kasita"},"content":{"rendered":"\n  <div class=\"banner has-hover has-parallax\" id=\"banner-348796985\">\n          <div class=\"banner-inner fill\">\n        <div class=\"banner-bg fill\" data-parallax=\"-6\" data-parallax-container=\".banner\" data-parallax-background>\n            <img loading=\"lazy\" decoding=\"async\" width=\"1920\" height=\"1080\" src=\"https:\/\/e-sais.com\/cajapopularrosario\/wp-content\/uploads\/2025\/11\/credi-kasita-bg.jpg\" class=\"bg attachment-original size-original\" alt=\"\" \/>                                    \n                    <\/div>\n\t\t\n        <div class=\"banner-layers container\">\n            <div class=\"fill banner-link\"><\/div>            \n\t<div class=\"img has-hover x50 md-x90 lg-x90 y30 md-y15 lg-y15\" id=\"image_731695575\">\n\t\t\t\t\t\t<div data-animate=\"fadeInRight\">\t\t<div class=\"img-inner dark\" >\n\t\t\t<img loading=\"lazy\" decoding=\"async\" width=\"962\" height=\"489\" src=\"https:\/\/e-sais.com\/cajapopularrosario\/wp-content\/uploads\/2025\/09\/credi-kasita-logo.png\" class=\"attachment-large size-large\" alt=\"\" srcset=\"https:\/\/e-sais.com\/cajapopularrosario\/wp-content\/uploads\/2025\/09\/credi-kasita-logo.png 962w, https:\/\/e-sais.com\/cajapopularrosario\/wp-content\/uploads\/2025\/09\/credi-kasita-logo-300x152.png 300w, https:\/\/e-sais.com\/cajapopularrosario\/wp-content\/uploads\/2025\/09\/credi-kasita-logo-768x390.png 768w\" sizes=\"auto, (max-width: 962px) 100vw, 962px\" \/>\t\t\t\t\t\t\n\t\t\t\t\t<\/div>\n\t\t<\/div>\t\t\t\t\t\t\n<style>\n#image_731695575 {\n  width: 79%;\n}\n@media (min-width:550px) {\n  #image_731695575 {\n    width: 36%;\n  }\n}\n<\/style>\n\t<\/div>\n\t\n   <div id=\"text-box-1110775395\" class=\"text-box banner-layer x50 md-x100 lg-x100 y95 md-y90 lg-y90 res-text\">\n                                <div class=\"text-box-content text \">\n              \n              <div class=\"text-inner text-center\">\n                  \n\t<div id=\"text-1143327179\" class=\"text\">\n\t\t\n<div class=\"p-zgn4693 pagelayer-collapse pagelayer-animation-grow\">\n<div class=\"pagelayer-collapse-holder\" data-icon=\"fas fa-coins\" data-active_icon=\"fas fa-minus\">\n<div class=\"p-8hs7907 pagelayer-accordion_item active\">\n<div class=\"pagelayer-accordion-panel\">\n<div class=\"p-eyy379 pagelayer-inner_row pagelayer-row-stretch-auto pagelayer-height-default\">\n<div class=\"pagelayer-row-holder pagelayer-row pagelayer-auto pagelayer-width-auto\">\n<div class=\"p-gdk5348 pagelayer-col\">\n<div class=\"pagelayer-col-holder\">\n<div class=\"p-hn12471 pagelayer-list\">\n<div class=\"p-jpf8856 pagelayer-list_item\">\n<div class=\"p-qxu2903 pagelayer-heading\" align=\"center\">\n<div class=\"pagelayer-heading-holder\">\n<div align=\"center\">\n<div>\n<div align=\"center\">\n<div>\n<div align=\"center\">\n<div>\n<div align=\"center\">\n<div>\n<div align=\"center\">\n<div>\n<div align=\"center\">\n<div>\n<div align=\"center\">\n<div>\n<div align=\"center\">\n<div>\n<h3><strong>Pr\u00e9stamos desde $100,000.00 hasta $3&#8217;000,000.00<\/strong><\/h3>\n<\/div>\n<\/div>\n<\/div>\n<\/div>\n<\/div>\n<\/div>\n<\/div>\n<\/div>\n<\/div>\n<\/div>\n<\/div>\n<\/div>\n<\/div>\n<\/div>\n<\/div>\n<\/div>\n<div class=\"pagelayer-collapse-holder\" data-icon=\"fas fa-coins\" data-active_icon=\"fas fa-minus\">\n<div class=\"p-l1o9391 pagelayer-accordion_item active\">\n<div class=\"pagelayer-accordion-panel\">\n<div class=\"p-tde9167 pagelayer-inner_row pagelayer-row-stretch-auto pagelayer-height-default\">\n<div class=\"pagelayer-row-holder pagelayer-row pagelayer-auto pagelayer-width-auto\">\n<div class=\"p-tic5178 pagelayer-col\">\n<div class=\"pagelayer-col-holder\">\n<div class=\"p-4bk3641 pagelayer-list\">\n<div class=\"p-6b0666 pagelayer-list_item\">\n<p><span class=\"pagelayer-list-icon-holder\"><span class=\"pagelayer-list-item\"><strong><span style=\"font-size: 100%;\">Financiar a nuestros socios para invertir en la compra de terreno, casa, o bien para la construcci\u00f3n, remodelaci\u00f3n, ampliaci\u00f3n o hasta el pago de pasivos hipotecarios, garantizando con un bien inmueble del acreditado o c\u00f3nyuge.<\/span><\/strong><\/span><\/span><\/p>\n<\/div>\n<\/div>\n<\/div>\n<\/div>\n<\/div>\n<\/div>\n<\/div>\n<\/div>\n<\/div>\n<\/div>\n<\/div>\n<\/div>\n<\/div>\n<\/div>\n<\/div>\n<\/div>\n<\/div>\n<\/div>\n<\/div>\n<\/div>\n<\/div>\n\t\t\n<style>\n#text-1143327179 {\n  text-align: center;\n}\n@media (min-width:550px) {\n  #text-1143327179 {\n    text-align: center;\n  }\n}\n<\/style>\n\t<\/div>\n\t\n              <\/div>\n           <\/div>\n                            \n<style>\n#text-box-1110775395 .text-box-content {\n  background-color: rgba(255, 255, 255, 0.872);\n  font-size: 89%;\n}\n#text-box-1110775395 .text-inner {\n  padding: 20px 20px 20px 20px;\n}\n#text-box-1110775395 {\n  width: 83%;\n}\n@media (min-width:550px) {\n  #text-box-1110775395 {\n    width: 47%;\n  }\n  #text-box-1110775395 .text-box-content {\n    font-size: 81%;\n  }\n}\n<\/style>\n    <\/div>\n \n        <\/div>\n      <\/div>\n\n            \n<style>\n#banner-348796985 {\n  padding-top: 500px;\n}\n#banner-348796985 .banner-bg img {\n  object-position: 28% 58%;\n}\n<\/style>\n  <\/div>\n\n\n\n\t<section class=\"section\" id=\"section_641418368\">\n\t\t<div class=\"section-bg fill\" >\n\t\t\t\t\t\t\t\t\t\n\t\t\t\n\n\t\t<\/div>\n\n\t\t\n\n\t\t<div class=\"section-content relative\">\n\t\t\t\n<div class=\"row align-center\"  id=\"row-706729849\">\n\n\t<div id=\"col-893600947\" class=\"col medium-6 small-12 large-6\"  >\n\t\t\t\t<div class=\"col-inner text-center\"  >\n\t\t\t\n\t\t\t\n<div class=\"p-9qd4914 pagelayer-list pagelayer-animation-grow\">\n<div class=\"p-55z3551 pagelayer-list_item\">\n<h1>Consideraciones<\/h1>\n<div class=\"p-wkn8190 pagelayer-text fadeInLeft pagelayer-wow\">\n<div class=\"pagelayer-text-holder\">\n<p>Para fines informativos y de comparaci\u00f3n.<\/p>\n<\/div>\n<\/div>\n<\/div>\n<\/div>\n\t<div class=\"img has-hover x md-x lg-x y md-y lg-y\" id=\"image_1419730820\">\n\t\t\t\t\t\t\t\t<div class=\"img-inner dark\" >\n\t\t\t<img loading=\"lazy\" decoding=\"async\" width=\"580\" height=\"200\" src=\"https:\/\/e-sais.com\/cajapopularrosario\/wp-content\/uploads\/2025\/09\/CREDITOS-CAT-WEB-2.png\" class=\"attachment-large size-large\" alt=\"\" srcset=\"https:\/\/e-sais.com\/cajapopularrosario\/wp-content\/uploads\/2025\/09\/CREDITOS-CAT-WEB-2.png 580w, https:\/\/e-sais.com\/cajapopularrosario\/wp-content\/uploads\/2025\/09\/CREDITOS-CAT-WEB-2-300x103.png 300w\" sizes=\"auto, (max-width: 580px) 100vw, 580px\" \/>\t\t\t\t\t\t\n\t\t\t\t\t<\/div>\n\t\t\t\t\t\t\t\t\n<style>\n#image_1419730820 {\n  width: 100%;\n}\n<\/style>\n\t<\/div>\n\t\n<div class=\"p-9qd4914 pagelayer-list pagelayer-animation-grow\">\n<div class=\"p-55z3551 pagelayer-list_item\">\n<div class=\"p-q9v752 pagelayer-text fadeInLeft pagelayer-wow\">\n<div class=\"pagelayer-text-holder\">\n<div class=\"p-j952140 pagelayer-text fadeInLeft pagelayer-wow\">\n<div class=\"pagelayer-text-holder\">\n<div class=\"p-j952140 pagelayer-text fadeInLeft pagelayer-wow\">\n<div class=\"pagelayer-text-holder\">\n<div class=\"p-j952140 pagelayer-text fadeInLeft pagelayer-wow\">\n<div class=\"pagelayer-text-holder\">\n<div class=\"p-j952140 pagelayer-text fadeInLeft pagelayer-wow\">\n<div class=\"pagelayer-text-holder\">\n<div class=\"p-j952140 pagelayer-text fadeInLeft pagelayer-wow\">\n<div class=\"pagelayer-text-holder\">\n<div class=\"p-j952140 pagelayer-text fadeInLeft pagelayer-wow\">\n<div class=\"pagelayer-text-holder\">\n<div class=\"p-j952140 pagelayer-text fadeInLeft pagelayer-wow\">\n<div class=\"pagelayer-text-holder\">\n<p style=\"text-align: left;\"><strong>(Costo anual total) CAT Promedio 10.5% \u00abSIN IVA\u00bb,<\/strong>\u00a0\u00a0expresado en t\u00e9rminos porcentuales anuales para fines informativos y de comparaci\u00f3n. Fecha de c\u00e1lculo del CAT 22\/09\/2025.<\/p>\n<\/div>\n<\/div>\n<div class=\"p-nqq8875 pagelayer-text fadeInLeft pagelayer-wow\" style=\"text-align: left;\">\n<div class=\"pagelayer-text-holder\">\n<p>Nuestras tasas de inter\u00e9s son fijas, presentadas antes de impuestos, expresadas en t\u00e9rminos porcentuales, Moneda Nacional.<\/p>\n<\/div>\n<\/div>\n<div class=\"p-pvc33 pagelayer-text fadeInLeft pagelayer-wow\">\n<div class=\"pagelayer-text-holder\">\n<p style=\"text-align: left;\"><strong>\u201cLa autorizaci\u00f3n del pr\u00e9stamo queda sujeta a la demostraci\u00f3n de la capacidad de pago\u201d.<\/strong><\/p>\n<\/div>\n<\/div>\n<\/div>\n<\/div>\n<\/div>\n<\/div>\n<\/div>\n<\/div>\n<\/div>\n<\/div>\n<\/div>\n<\/div>\n<\/div>\n<\/div>\n<\/div>\n<\/div>\n<\/div>\n<\/div>\n\t\t<\/div>\n\t\t\t\t\t<\/div>\n\n\t\n<\/div>\n\t\t<\/div>\n\n\t\t\n<style>\n#section_641418368 {\n  padding-top: 60px;\n  padding-bottom: 60px;\n  min-height: 300px;\n  background-color: rgb(245, 245, 245);\n}\n<\/style>\n\t<\/section>\n\t\n\n\t<section class=\"section has-mask mask-arrow\" id=\"section_1368907793\">\n\t\t<div class=\"section-bg fill\" >\n\t\t\t\t\t\t\t\t\t\n\t\t\t\n\n\t\t<\/div>\n\n\t\t\n\n\t\t<div class=\"section-content relative\">\n\t\t\t\n<div class=\"row align-center\"  id=\"row-62578603\">\n\n\t<div id=\"col-1032125191\" class=\"col medium-8 small-10 large-8\"  >\n\t\t\t\t<div class=\"col-inner text-center\"  >\n\t\t\t\n\t\t\t\n\t<div class=\"img has-hover x md-x lg-x y md-y lg-y\" id=\"image_201406426\">\n\t\t\t\t\t\t<div data-animate=\"bounceIn\">\t\t<div class=\"img-inner dark\" >\n\t\t\t<img loading=\"lazy\" decoding=\"async\" width=\"1020\" height=\"1020\" src=\"https:\/\/e-sais.com\/cajapopularrosario\/wp-content\/uploads\/2025\/09\/19-1024x1024.png\" class=\"attachment-large size-large\" alt=\"\" srcset=\"https:\/\/e-sais.com\/cajapopularrosario\/wp-content\/uploads\/2025\/09\/19-1024x1024.png 1024w, https:\/\/e-sais.com\/cajapopularrosario\/wp-content\/uploads\/2025\/09\/19-300x300.png 300w, https:\/\/e-sais.com\/cajapopularrosario\/wp-content\/uploads\/2025\/09\/19-150x150.png 150w, https:\/\/e-sais.com\/cajapopularrosario\/wp-content\/uploads\/2025\/09\/19-768x768.png 768w, https:\/\/e-sais.com\/cajapopularrosario\/wp-content\/uploads\/2025\/09\/19.png 1080w\" sizes=\"auto, (max-width: 1020px) 100vw, 1020px\" \/>\t\t\t\t\t\t\n\t\t\t\t\t<\/div>\n\t\t<\/div>\t\t\t\t\t\t\n<style>\n#image_201406426 {\n  width: 21%;\n}\n<\/style>\n\t<\/div>\n\t\n<h1 style=\"text-align: center;\">Sujetos a cr\u00e9dito<\/h1>\n<div class=\"p-ecj9111 pagelayer-list_item\">\n<p style=\"text-align: center;\"><span class=\"pagelayer-list-icon-holder\"><span class=\"pagelayer-list-item\">Socio(a) de Caja Popular Rosario y contar con solvencia moral y econ\u00f3mica para este tipo de cr\u00e9dito.<\/span><\/span><\/p>\n<\/div>\n<div class=\"accordion\">\n\t<div id=\"accordion-1127277837\" class=\"accordion-item\">\n\t\t<a id=\"accordion-1127277837-label\" class=\"accordion-title plain\" href=\"#accordion-item-caracter\u00cdsticas\" aria-expanded=\"false\" aria-controls=\"accordion-1127277837-content\">\n\t\t\t<button class=\"toggle\" aria-label=\"Toggle\"><i class=\"icon-angle-down\" aria-hidden=\"true\"><\/i><\/button>\n\t\t\t<span>CARACTER\u00cdSTICAS<\/span>\n\t\t<\/a>\n\t\t<div id=\"accordion-1127277837-content\" class=\"accordion-inner\" aria-labelledby=\"accordion-1127277837-label\">\n\t\t\t\n<div class=\"p-ecj9111 pagelayer-list_item\">\n<p style=\"text-align: left;\">\u00a0<\/p>\n<div class=\"p-jtt1600 pagelayer-list\" style=\"text-align: left;\">\n<div class=\"p-qhi714 pagelayer-list_item\">\n<div class=\"p-z9l9679 pagelayer-list\">\n<div class=\"p-bfz9863 pagelayer-list_item\">\n<div class=\"p-zq22370 pagelayer-list\">\n<div class=\"p-o3o6548 pagelayer-list_item\">\n<div class=\"p-asl2414 pagelayer-list\">\n<div class=\"p-pf18632 pagelayer-list_item\">\n<div class=\"p-sb48713 pagelayer-list\">\n<div class=\"p-m0f1132 pagelayer-list_item\">\n<div class=\"p-ht8651 pagelayer-list\">\n<div class=\"p-pn32449 pagelayer-list_item\">\n<div class=\"p-cqu9200 pagelayer-list\">\n<div class=\"p-z7r6828 pagelayer-list_item\">\n<div class=\"p-vbi4207 pagelayer-list\">\n<div class=\"p-0eo6201 pagelayer-list_item\">\n<div class=\"p-zbt4912 pagelayer-list\">\n<div class=\"p-8309158 pagelayer-list_item\">\n<ul>\n<li class=\"pagelayer-list-li\"><span class=\"pagelayer-list-icon-holder\"><span class=\"pagelayer-list-item\">Pr\u00e9stamos desde $100,000.00 hasta $3&#8217;000,000.00<br \/><\/span><\/span><\/li>\n<\/ul>\n<\/div>\n<\/div>\n<div class=\"p-t6c3748 pagelayer-list\">\n<div class=\"p-qdg8025 pagelayer-list_item\">\n<ul>\n<li class=\"pagelayer-list-li\"><span class=\"pagelayer-list-icon-holder\"><i class=\"pagelayer-list-icon fas fa-angle-right\"><\/i><span class=\"pagelayer-list-item\">Plazos de 60 hasta 96 meses.<br \/><\/span><\/span><\/li>\n<\/ul>\n<\/div>\n<\/div>\n<div class=\"p-yx24538 pagelayer-list\">\n<div class=\"p-uka7731 pagelayer-list_item\">\n<ul>\n<li class=\"pagelayer-list-li\">\n<p>Tasa inter\u00e9s anual ordinaria fija del 10% \u00abantes de impuestos\u00bb.<\/p>\n<\/li>\n<\/ul>\n<\/div>\n<\/div>\n<div class=\"p-npt2537 pagelayer-list\">\n<div class=\"p-hbp7849 pagelayer-list_item\">\n<ul>\n<li class=\"pagelayer-list-li\"><span class=\"pagelayer-list-icon-holder\"><i class=\"pagelayer-list-icon fas fa-angle-right\"><\/i><span class=\"pagelayer-list-item\">Pagos sobre saldos insolutos y contamos con la modalidad de pagos fijos.<br \/><\/span><\/span><\/li>\n<\/ul>\n<\/div>\n<\/div>\n<div class=\"p-ecs7351 pagelayer-list\">\n<div class=\"p-9pq1923 pagelayer-list_item\">\n<ul>\n<li class=\"pagelayer-list-li\"><span class=\"pagelayer-list-icon-holder\"><i class=\"pagelayer-list-icon fas fa-angle-right\"><\/i><span class=\"pagelayer-list-item\">Los montos son expresados en moneda nacional.<br \/><\/span><\/span><\/li>\n<\/ul>\n<\/div>\n<\/div>\n<div class=\"p-q2a8751 pagelayer-list\">\n<div class=\"p-qof1431 pagelayer-list_item\">\n<ul>\n<li class=\"pagelayer-list-li\"><span class=\"pagelayer-list-icon-holder\"><i class=\"pagelayer-list-icon fas fa-angle-right\"><\/i><span class=\"pagelayer-list-item\">Nuestros productos se encuentran disponibles en los municipios de El Rosario, Escuinapa y Mazatl\u00e1n Sinaloa.<\/span><\/span><\/li>\n<\/ul>\n<\/div>\n<\/div>\n<\/div>\n<\/div>\n<\/div>\n<\/div>\n<\/div>\n<\/div>\n<\/div>\n<\/div>\n<\/div>\n<\/div>\n<\/div>\n<\/div>\n<h1><a class=\"pagelayer-accordion-tabs\">Comisiones<i class=\"fas fa-minus\"><\/i><\/a><\/h1>\n<div class=\"pagelayer-accordion-panel\">\n<div class=\"p-wz24831 pagelayer-inner_row pagelayer-row-stretch-auto pagelayer-height-default\">\n<div class=\"pagelayer-row-holder pagelayer-row pagelayer-auto pagelayer-width-auto\">\n<div class=\"p-gqn6530 pagelayer-col\">\n<div class=\"pagelayer-col-holder\">\n<div class=\"p-fi62338 pagelayer-list\">\n<div class=\"p-p2x9206 pagelayer-list_item\">\n<ul>\n<li class=\"pagelayer-list-li\"><span class=\"pagelayer-list-icon-holder\"><i class=\"pagelayer-list-icon fas fa-angle-right\"><\/i><span class=\"pagelayer-list-item\">\u00abEste producto no genera ninguna comisi\u00f3n\u00bb<\/span><\/span><\/li>\n<\/ul>\n<\/div>\n<\/div>\n<\/div>\n<\/div>\n<\/div>\n<\/div>\n<\/div>\n<\/div>\n<\/div>\n<\/div>\n<\/div>\n<\/div>\n\t\t<\/div>\n\t<\/div>\n\t\n\t<div id=\"accordion-2862438228\" class=\"accordion-item\">\n\t\t<a id=\"accordion-2862438228-label\" class=\"accordion-title plain\" href=\"#accordion-item-requisitos\" aria-expanded=\"false\" aria-controls=\"accordion-2862438228-content\">\n\t\t\t<button class=\"toggle\" aria-label=\"Toggle\"><i class=\"icon-angle-down\" aria-hidden=\"true\"><\/i><\/button>\n\t\t\t<span>REQUISITOS<\/span>\n\t\t<\/a>\n\t\t<div id=\"accordion-2862438228-content\" class=\"accordion-inner\" aria-labelledby=\"accordion-2862438228-label\">\n\t\t\t\n<p style=\"text-align: center;\">\u00a0<\/p>\n<p><span style=\"font-family: Arial Black;\">&#8211;\u00a0<\/span>Ser socio de Caja Popular Rosario.<\/p>\n<p>-Identificaci\u00f3n oficial vigente (INE, pasaporte,\u00a0cartilla militar, c\u00e9dula profesional\u00a0\u00a0y\/o licencia de conducir).\u00a0<strong>Original y copia para cotejar (solicitante y aval).<\/strong><\/p>\n<p>-Comprobante de domicilio vigente no mayor a 3 meses de su fecha de emisi\u00f3n (recibo de luz, agua y\/o tel\u00e9fono fijo).\u00a0<strong>Original y copia para cotejar (solicitante y aval).<\/strong><\/p>\n<p>-Comprobante de ingresos reciente (presentar m\u00ednimo un mes) (solicitante y aval).<\/p>\n<p>&#8211;\u00a0Tener una edad de 22 a 68 a\u00f1os.<\/p>\n<p>-Constancia de situaci\u00f3n fiscal, no mayor a 90 d\u00edas (solicitante y aval).<\/p>\n<p>-Garant\u00eda Financiera del 5% del monto del cr\u00e9dito.<\/p>\n<p>-Presupuesto de construcci\u00f3n o en su caso plano de construcci\u00f3n.<\/p>\n<p>-Aval y garant\u00eda hipotecaria con un valor del 100% sobre el monto solicitado:<\/p>\n<p>\u00a0 *Escrituras o t\u00edtulo del bien inmueble a nombre del solicitante.\u00a0<\/p>\n<p>\u00a0 \u00a0 *Recibo reciente de pago de predial.<\/p>\n<p>\u00a0*Presentar aval\u00fao comercial. (no se requerir\u00e1 en caso de que el valor catastral del recibo de predial sea igual o mayor\u00a0 al 100% del monto solicitado).<\/p>\n<p>\u00a0 \u00a0*Certificado libre de gravamen.<\/p>\n<p>&#8211;\u00a0El contrato se protocoliza ante notario<\/p>\n\t\t<\/div>\n\t<\/div>\n\t\n\t<div id=\"accordion-2489123064\" class=\"accordion-item\">\n\t\t<a id=\"accordion-2489123064-label\" class=\"accordion-title plain\" href=\"#accordion-item-riesgos-inherentes\" aria-expanded=\"false\" aria-controls=\"accordion-2489123064-content\">\n\t\t\t<button class=\"toggle\" aria-label=\"Toggle\"><i class=\"icon-angle-down\" aria-hidden=\"true\"><\/i><\/button>\n\t\t\t<span>RIESGOS INHERENTES<\/span>\n\t\t<\/a>\n\t\t<div id=\"accordion-2489123064-content\" class=\"accordion-inner\" aria-labelledby=\"accordion-2489123064-label\">\n\t\t\t\n<p style=\"text-align: center;\">\u00a0<\/p>\n<div class=\"p-vuk2775 pagelayer-list\">\n<div class=\"p-fu58457 pagelayer-list_item\">\n<div class=\"p-mkn7135 pagelayer-list\" style=\"text-align: left;\">\n<div class=\"p-pn75291 pagelayer-list_item\">\n<ul>\n<li class=\"pagelayer-list-li\"><span class=\"pagelayer-list-icon-holder\"><span class=\"pagelayer-list-item\">No cubrirlos en los plazos pactados conforme a lo establecido en el plan de pagos causar\u00e1 una\u00a0tasa de inter\u00e9s anual moratoria fija del 36%\u00a0\u00abantes de impuestos\u00bb.<br \/><\/span><\/span><\/li>\n<\/ul>\n<\/div>\n<\/div>\n<div class=\"p-cue900 pagelayer-list\" style=\"text-align: left;\">\n<div class=\"p-kft4995 pagelayer-list_item\">\n<ul>\n<li class=\"pagelayer-list-li\"><span class=\"pagelayer-list-icon-holder\"><i class=\"pagelayer-list-icon fas fa-angle-right\"><\/i><span class=\"pagelayer-list-item\">Contratar cr\u00e9ditos que excedan tu capacidad de pago puede afectar tu historial crediticio.<br \/><\/span><\/span><\/li>\n<\/ul>\n<\/div>\n<\/div>\n<div class=\"p-11z4209 pagelayer-list\">\n<div class=\"p-ssx5876 pagelayer-list_item\">\n<ul>\n<li class=\"pagelayer-list-li\" style=\"text-align: left;\"><span class=\"pagelayer-list-icon-holder\"><i class=\"pagelayer-list-icon fas fa-angle-right\"><\/i><span class=\"pagelayer-list-item\">El avalista u obligado solidario responder\u00e1 como obligado principal por el total del pago frente a la instituci\u00f3n financiera.<\/span><\/span><\/li>\n<\/ul>\n<\/div>\n<\/div>\n<\/div>\n<\/div>\n\t\t<\/div>\n\t<\/div>\n\t\n<\/div>\n\t\t<\/div>\n\t\t\t\t\t<\/div>\n\n\t\n<\/div>\n\t\t<\/div>\n\n\t\t\n<style>\n#section_1368907793 {\n  padding-top: 60px;\n  padding-bottom: 60px;\n  min-height: 300px;\n  background-color: rgb(255,255,255);\n}\n<\/style>\n\t<\/section>\n\t\n\n\t<section class=\"section has-mask mask-arrow\" id=\"section_1505367604\">\n\t\t<div class=\"section-bg fill\" >\n\t\t\t\t\t\t\t\t\t\n\t\t\t\n\n\t\t<\/div>\n\n\t\t\n\n\t\t<div class=\"section-content relative\">\n\t\t\t\n<div class=\"row align-center\"  id=\"row-592191449\">\n\n\t<div id=\"col-1170529434\" class=\"col medium-5 small-12 large-5\"  >\n\t\t\t\t<div class=\"col-inner text-center\"  >\n\t\t\t\n\t\t\t\n<a href=\"http:\/\/citrixrosario.fortiddns.com:83\/COTIZADORCREDITOS\" target=\"_blank\" class=\"button primary is-shade box-shadow-3 box-shadow-5-hover\" rel=\"noopener\" style=\"border-radius:5px;\">\n\t\t<span>Cotizador<\/span>\n\t<\/a>\n\n\t\t<\/div>\n\t\t\t\t\t<\/div>\n\n\t\n<\/div>\n\t\t<\/div>\n\n\t\t\n<style>\n#section_1505367604 {\n  padding-top: 60px;\n  padding-bottom: 60px;\n  min-height: 300px;\n  background-color: rgb(255,255,255);\n}\n<\/style>\n\t<\/section>\n\t\n","protected":false},"excerpt":{"rendered":"","protected":false},"author":1,"featured_media":0,"parent":0,"menu_order":0,"comment_status":"closed","ping_status":"closed","template":"page-blank.php","meta":{"footnotes":""},"class_list":["post-2703","page","type-page","status-publish","hentry"],"_links":{"self":[{"href":"https:\/\/e-sais.com\/cajapopularrosario\/wp-json\/wp\/v2\/pages\/2703","targetHints":{"allow":["GET"]}}],"collection":[{"href":"https:\/\/e-sais.com\/cajapopularrosario\/wp-json\/wp\/v2\/pages"}],"about":[{"href":"https:\/\/e-sais.com\/cajapopularrosario\/wp-json\/wp\/v2\/types\/page"}],"author":[{"embeddable":true,"href":"https:\/\/e-sais.com\/cajapopularrosario\/wp-json\/wp\/v2\/users\/1"}],"replies":[{"embeddable":true,"href":"https:\/\/e-sais.com\/cajapopularrosario\/wp-json\/wp\/v2\/comments?post=2703"}],"version-history":[{"count":59,"href":"https:\/\/e-sais.com\/cajapopularrosario\/wp-json\/wp\/v2\/pages\/2703\/revisions"}],"predecessor-version":[{"id":9706,"href":"https:\/\/e-sais.com\/cajapopularrosario\/wp-json\/wp\/v2\/pages\/2703\/revisions\/9706"}],"wp:attachment":[{"href":"https:\/\/e-sais.com\/cajapopularrosario\/wp-json\/wp\/v2\/media?parent=2703"}],"curies":[{"name":"wp","href":"https:\/\/api.w.org\/{rel}","templated":true}]}}