{"id":2829,"date":"2022-07-04T17:31:12","date_gmt":"2022-07-04T17:31:12","guid":{"rendered":"https:\/\/e-sais.com\/cajapopularrosario\/?page_id=1767"},"modified":"2025-11-25T23:00:50","modified_gmt":"2025-11-26T06:00:50","slug":"proteccion-al-credito-5","status":"publish","type":"page","link":"https:\/\/e-sais.com\/cajapopularrosario\/proteccion-al-credito-5\/","title":{"rendered":"Protecci\u00f3n al Cr\u00e9dito"},"content":{"rendered":"\n  <div class=\"banner has-hover\" id=\"banner-98284751\">\n          <div class=\"banner-inner fill\">\n        <div class=\"banner-bg fill\" >\n            <img loading=\"lazy\" decoding=\"async\" width=\"1500\" height=\"1000\" src=\"https:\/\/e-sais.com\/cajapopularrosario\/wp-content\/uploads\/2025\/11\/proteccion-bg.jpg\" class=\"bg attachment-original size-original\" alt=\"\" \/>                                    \n                    <\/div>\n\t\t\n        <div class=\"banner-layers container\">\n            <div class=\"fill banner-link\"><\/div>            \n\t<div class=\"img has-hover x50 md-x50 lg-x50 y40 md-y50 lg-y50\" id=\"image_1660941201\">\n\t\t\t\t<div data-parallax-fade=\"true\" data-parallax=\"-5\">\t\t<div data-animate=\"fadeInRight\">\t\t<div class=\"img-inner box-shadow-3 dark\" >\n\t\t\t<img loading=\"lazy\" decoding=\"async\" width=\"1020\" height=\"321\" src=\"https:\/\/e-sais.com\/cajapopularrosario\/wp-content\/uploads\/2025\/09\/proteccion-al-credito2-1024x322.png\" class=\"attachment-large size-large\" alt=\"\" srcset=\"https:\/\/e-sais.com\/cajapopularrosario\/wp-content\/uploads\/2025\/09\/proteccion-al-credito2-1024x322.png 1024w, https:\/\/e-sais.com\/cajapopularrosario\/wp-content\/uploads\/2025\/09\/proteccion-al-credito2-300x94.png 300w, https:\/\/e-sais.com\/cajapopularrosario\/wp-content\/uploads\/2025\/09\/proteccion-al-credito2-768x241.png 768w, https:\/\/e-sais.com\/cajapopularrosario\/wp-content\/uploads\/2025\/09\/proteccion-al-credito2.png 1269w\" sizes=\"auto, (max-width: 1020px) 100vw, 1020px\" \/>\t\t\t\t\t\t\n\t\t\t\t\t<\/div>\n\t\t<\/div>\t\t<\/div>\t\t\t\t\n<style>\n#image_1660941201 {\n  width: 85%;\n}\n@media (min-width:550px) {\n  #image_1660941201 {\n    width: 42%;\n  }\n}\n<\/style>\n\t<\/div>\n\t\n        <\/div>\n      <\/div>\n\n            \n<style>\n#banner-98284751 {\n  padding-top: 500px;\n}\n#banner-98284751 .banner-bg img {\n  object-position: 36% 25%;\n}\n<\/style>\n  <\/div>\n\n\n\n\t<section class=\"section\" id=\"section_502472344\">\n\t\t<div class=\"section-bg fill\" >\n\t\t\t\t\t\t\t\t\t\n\t\t\t\n\n\t\t<\/div>\n\n\t\t\n\n\t\t<div class=\"section-content relative\">\n\t\t\t\n<div class=\"row align-center\"  id=\"row-1482572394\">\n\n\t<div id=\"col-357878699\" class=\"col medium-6 small-12 large-6\"  >\n\t\t\t\t<div class=\"col-inner text-center\"  >\n\t\t\t\n\t\t\t\n<div class=\"p-gma2503 pagelayer-collapse pagelayer-animation-grow\">\n<div class=\"pagelayer-collapse-holder\" data-icon=\"fas fa-book-reader\" data-active_icon=\"fas fa-minus\">\n<div class=\"p-j7n537 pagelayer-accordion_item active\">\n<div class=\"pagelayer-accordion-panel\">\n<div class=\"p-nfw7825 pagelayer-inner_row pagelayer-row-stretch-auto pagelayer-height-default\">\n<div class=\"pagelayer-row-holder pagelayer-row pagelayer-auto pagelayer-width-auto\">\n<div class=\"p-7mc1184 pagelayer-col\">\n<div class=\"pagelayer-col-holder\">\n<div class=\"p-vqy2698 pagelayer-list\">\n<div class=\"p-vuu480 pagelayer-list_item\">\n<ul>\n<li class=\"pagelayer-list-li\" style=\"text-align: left;\"><span class=\"pagelayer-list-icon-holder\"><span class=\"pagelayer-list-item\">Seguro con cobertura del saldo del cr\u00e9dito que el socio tenga al momento de su deceso.<\/span><\/span><\/li>\n<\/ul>\n<\/div>\n<\/div>\n<div class=\"p-6fc6412 pagelayer-list\" style=\"text-align: left;\">\n<div class=\"p-pgv1787 pagelayer-list_item\">\n<ul>\n<li class=\"pagelayer-list-li\"><span class=\"pagelayer-list-icon-holder\"><i class=\"pagelayer-list-icon fas fa-angle-right\"><\/i><span class=\"pagelayer-list-item\">Monto m\u00e1ximo de protecci\u00f3n $1&#8217;300,000.00<br \/><\/span><\/span><\/li>\n<\/ul>\n<\/div>\n<\/div>\n<div class=\"p-tx89181 pagelayer-list\" style=\"text-align: left;\">\n<div class=\"p-7eb1357 pagelayer-list_item\">\n<ul>\n<li class=\"pagelayer-list-li\">\n<p>Los cr\u00e9ditos protegidos deber\u00e1n estar al corriente en sus pagos al momento de su fallecimiento.\u00a0<\/p>\n<\/li>\n<\/ul>\n<\/div>\n<\/div>\n<div class=\"p-3bl9295 pagelayer-list\" style=\"text-align: left;\">\n<div class=\"p-3em7340 pagelayer-list_item\">\n<ul>\n<li class=\"pagelayer-list-li\"><span class=\"pagelayer-list-icon-holder\"><i class=\"pagelayer-list-icon fas fa-angle-right\"><\/i><span class=\"pagelayer-list-item\">Quedan sin protecci\u00f3n los cr\u00e9ditos recibidos en los \u00faltimos 6 meses de vida del socio si fallece despu\u00e9s de los 70 a\u00f1os.<br \/><\/span><\/span><\/li>\n<\/ul>\n<\/div>\n<\/div>\n<div class=\"p-tfn6169 pagelayer-list\" style=\"text-align: left;\">\n<div class=\"p-0kj6906 pagelayer-list_item\">\n<ul>\n<li class=\"pagelayer-list-li\"><span class=\"pagelayer-list-icon-holder\"><i class=\"pagelayer-list-icon fas fa-angle-right\"><\/i><span class=\"pagelayer-list-item\">La cobertura de este seguro tiene un tiempo de espera de 6 meses contados a partir de que el socio haya ingresado a Caja Popular Rosario.<br \/><\/span><\/span><\/li>\n<\/ul>\n<\/div>\n<\/div>\n<div class=\"p-n2g3439 pagelayer-list\" style=\"text-align: left;\">\n<div class=\"p-fpl1397 pagelayer-list_item\">\n<ul>\n<li class=\"pagelayer-list-li\"><span class=\"pagelayer-list-icon-holder\"><i class=\"pagelayer-list-icon fas fa-angle-right\"><\/i><span class=\"pagelayer-list-item\">En caso de muerte accidental y\/o violenta no se aplicar\u00e1 este tiempo de espera.<br \/><\/span><\/span><\/li>\n<\/ul>\n<\/div>\n<\/div>\n<div class=\"p-srp8471 pagelayer-list\" style=\"text-align: left;\">\n<div class=\"p-wvm8468 pagelayer-list_item\">\n<ul>\n<li class=\"pagelayer-list-li\"><span class=\"pagelayer-list-icon-holder\"><i class=\"pagelayer-list-icon fas fa-angle-right\"><\/i><span class=\"pagelayer-list-item\">El socio debe de estar en capacidad de trabajo y gozar de buena salud cuando lleve a cabo su contrataci\u00f3n.<br \/><\/span><\/span><\/li>\n<\/ul>\n<\/div>\n<\/div>\n<\/div>\n<\/div>\n<\/div>\n<\/div>\n<\/div>\n<\/div>\n<\/div>\n<\/div>\n<div class=\"p-yr166 pagelayer-text\">\n<div class=\"pagelayer-text-holder\" style=\"text-align: left;\">\u00a0<\/div>\n<\/div>\n\t\t<\/div>\n\t\t\t\t\t<\/div>\n\n\t\n<\/div>\n\t\t<\/div>\n\n\t\t\n<style>\n#section_502472344 {\n  padding-top: 60px;\n  padding-bottom: 60px;\n  min-height: 300px;\n  background-color: rgb(245, 245, 245);\n}\n<\/style>\n\t<\/section>\n\t\n","protected":false},"excerpt":{"rendered":"","protected":false},"author":1,"featured_media":0,"parent":0,"menu_order":0,"comment_status":"closed","ping_status":"closed","template":"page-blank.php","meta":{"footnotes":""},"class_list":["post-2829","page","type-page","status-publish","hentry"],"_links":{"self":[{"href":"https:\/\/e-sais.com\/cajapopularrosario\/wp-json\/wp\/v2\/pages\/2829","targetHints":{"allow":["GET"]}}],"collection":[{"href":"https:\/\/e-sais.com\/cajapopularrosario\/wp-json\/wp\/v2\/pages"}],"about":[{"href":"https:\/\/e-sais.com\/cajapopularrosario\/wp-json\/wp\/v2\/types\/page"}],"author":[{"embeddable":true,"href":"https:\/\/e-sais.com\/cajapopularrosario\/wp-json\/wp\/v2\/users\/1"}],"replies":[{"embeddable":true,"href":"https:\/\/e-sais.com\/cajapopularrosario\/wp-json\/wp\/v2\/comments?post=2829"}],"version-history":[{"count":17,"href":"https:\/\/e-sais.com\/cajapopularrosario\/wp-json\/wp\/v2\/pages\/2829\/revisions"}],"predecessor-version":[{"id":9769,"href":"https:\/\/e-sais.com\/cajapopularrosario\/wp-json\/wp\/v2\/pages\/2829\/revisions\/9769"}],"wp:attachment":[{"href":"https:\/\/e-sais.com\/cajapopularrosario\/wp-json\/wp\/v2\/media?parent=2829"}],"curies":[{"name":"wp","href":"https:\/\/api.w.org\/{rel}","templated":true}]}}