{"id":2852,"date":"2022-07-04T18:11:46","date_gmt":"2022-07-04T18:11:46","guid":{"rendered":"https:\/\/e-sais.com\/cajapopularrosario\/?page_id=1767"},"modified":"2025-11-04T10:52:57","modified_gmt":"2025-11-04T17:52:57","slug":"seguro-mutual","status":"publish","type":"page","link":"https:\/\/e-sais.com\/cajapopularrosario\/seguro-mutual\/","title":{"rendered":"Seguro Mutual"},"content":{"rendered":"\n  <div class=\"banner has-hover\" id=\"banner-1065214699\">\n          <div class=\"banner-inner fill\">\n        <div class=\"banner-bg fill\" >\n            <img loading=\"lazy\" decoding=\"async\" width=\"1920\" height=\"1080\" src=\"https:\/\/e-sais.com\/cajapopularrosario\/wp-content\/uploads\/2025\/11\/seguro-mutual-bg.jpg\" class=\"bg attachment-original size-original\" alt=\"\" \/>                                    \n                    <\/div>\n\t\t\n        <div class=\"banner-layers container\">\n            <div class=\"fill banner-link\"><\/div>            \n\t<div class=\"img has-hover x50 md-x75 lg-x75 y30 md-y50 lg-y50\" id=\"image_1078523579\">\n\t\t\t\t<div data-parallax-fade=\"true\" data-parallax=\"-5\">\t\t<div data-animate=\"fadeInRight\">\t\t<div class=\"img-inner box-shadow-3 dark\" >\n\t\t\t<img loading=\"lazy\" decoding=\"async\" width=\"1020\" height=\"445\" src=\"https:\/\/e-sais.com\/cajapopularrosario\/wp-content\/uploads\/2025\/09\/seguro-mutual-1024x447.png\" class=\"attachment-large size-large\" alt=\"\" srcset=\"https:\/\/e-sais.com\/cajapopularrosario\/wp-content\/uploads\/2025\/09\/seguro-mutual-1024x447.png 1024w, https:\/\/e-sais.com\/cajapopularrosario\/wp-content\/uploads\/2025\/09\/seguro-mutual-300x131.png 300w, https:\/\/e-sais.com\/cajapopularrosario\/wp-content\/uploads\/2025\/09\/seguro-mutual-768x336.png 768w, https:\/\/e-sais.com\/cajapopularrosario\/wp-content\/uploads\/2025\/09\/seguro-mutual.png 1277w\" sizes=\"auto, (max-width: 1020px) 100vw, 1020px\" \/>\t\t\t\t\t\t\n\t\t\t\t\t<\/div>\n\t\t<\/div>\t\t<\/div>\t\t\t\t\n<style>\n#image_1078523579 {\n  width: 91%;\n}\n@media (min-width:550px) {\n  #image_1078523579 {\n    width: 50%;\n  }\n}\n<\/style>\n\t<\/div>\n\t\n        <\/div>\n      <\/div>\n\n            \n<style>\n#banner-1065214699 {\n  padding-top: 500px;\n}\n#banner-1065214699 .banner-bg img {\n  object-position: 64% 61%;\n}\n<\/style>\n  <\/div>\n\n\n\n\t<section class=\"section\" id=\"section_281529626\">\n\t\t<div class=\"section-bg fill\" >\n\t\t\t\t\t\t\t\t\t\n\t\t\t\n\n\t\t<\/div>\n\n\t\t\n\n\t\t<div class=\"section-content relative\">\n\t\t\t\n<div class=\"row align-center\"  id=\"row-1104804596\">\n\n\t<div id=\"col-873313695\" class=\"col medium-6 small-12 large-6\"  >\n\t\t\t\t<div class=\"col-inner text-center\"  >\n\t\t\t\n\t\t\t\n<div class=\"p-gma2503 pagelayer-collapse pagelayer-animation-grow\">\n<div class=\"pagelayer-collapse-holder\" data-icon=\"fas fa-book-reader\" data-active_icon=\"fas fa-minus\">\n<div class=\"p-j7n537 pagelayer-accordion_item active\">\n<div class=\"pagelayer-accordion-panel\">\n<div class=\"p-nfw7825 pagelayer-inner_row pagelayer-row-stretch-auto pagelayer-height-default\">\n<div class=\"pagelayer-row-holder pagelayer-row pagelayer-auto pagelayer-width-auto\">\n<div class=\"p-7mc1184 pagelayer-col\">\n<div class=\"pagelayer-col-holder\">\n<div class=\"p-vqy2698 pagelayer-list\">\n<div class=\"p-vuu480 pagelayer-list_item\">\n<div class=\"p-a7u2796 pagelayer-list\">\n<div class=\"p-flx2349 pagelayer-list_item\">\n<h2 style=\"text-align: center;\"><a class=\"pagelayer-accordion-tabs\">Caracter\u00edsticas<\/a><\/h2>\n<div class=\"p-gag841 pagelayer-list\" style=\"text-align: left;\">\n<div class=\"p-afu6350 pagelayer-list_item\">\n<ul>\n<li class=\"pagelayer-list-li\"><span class=\"pagelayer-list-icon-holder\"><span class=\"pagelayer-list-item\">Seguro contratado cada a\u00f1o por el socio en forma individual con cobertura por $50,000.00, $80,000.00 o $100,000.00, su costo es variable cada a\u00f1o.\u00a0<\/span><\/span><\/li>\n<\/ul>\n<\/div>\n<\/div>\n<div class=\"p-9z58279 pagelayer-list\" style=\"text-align: left;\">\n<div class=\"p-vcs3796 pagelayer-list_item\">\n<ul>\n<li class=\"pagelayer-list-li\"><span class=\"pagelayer-list-icon-holder\"><i class=\"pagelayer-list-icon fas fa-angle-right\"><\/i><span class=\"pagelayer-list-item\">Para validar este seguro, se deber\u00e1 llenar un cuestionario m\u00e9dico al momento de la contrataci\u00f3n, los socios de reci\u00e9n ingreso y los que est\u00e9n retomando el seguro por haberlo interrumpido.\u00a0<br \/><\/span><\/span><\/li>\n<\/ul>\n<\/div>\n<\/div>\n<div class=\"p-ght799 pagelayer-list\" style=\"text-align: left;\">\n<div class=\"p-av39384 pagelayer-list_item\">\n<ul>\n<li class=\"pagelayer-list-li\"><span class=\"pagelayer-list-icon-holder\"><i class=\"pagelayer-list-icon fas fa-angle-right\"><\/i><span class=\"pagelayer-list-item\">Las personas mayores de 70 a\u00f1os que abandonaron su seguro no podr\u00e1n retomarlo debido a su edad.\u00a0<br \/><\/span><\/span><\/li>\n<\/ul>\n<\/div>\n<\/div>\n<div class=\"p-lqw467 pagelayer-list\" style=\"text-align: left;\">\n<div class=\"p-j1b9102 pagelayer-list_item\">\n<ul>\n<li class=\"pagelayer-list-li\"><span class=\"pagelayer-list-icon-holder\"><i class=\"pagelayer-list-icon fas fa-angle-right\"><\/i><span class=\"pagelayer-list-item\">La cobertura de este seguro tiene un tiempo de espera de 6 meses contados a partir de que el socio haya ingresado a Caja Popular Rosario.<br \/><\/span><\/span><\/li>\n<\/ul>\n<\/div>\n<\/div>\n<div class=\"p-vnk128 pagelayer-list\" style=\"text-align: left;\">\n<div class=\"p-wds3277 pagelayer-list_item\">\n<ul>\n<li class=\"pagelayer-list-li\"><span class=\"pagelayer-list-icon-holder\"><i class=\"pagelayer-list-icon fas fa-angle-right\"><\/i><span class=\"pagelayer-list-item\">En caso de muerte accidental o violenta, no aplicar\u00e1 este tiempo de espera.<br \/><\/span><\/span><\/li>\n<\/ul>\n<\/div>\n<\/div>\n<div class=\"p-z042172 pagelayer-list\">\n<div class=\"p-ykr547 pagelayer-list_item\">\n<ul>\n<li class=\"pagelayer-list-li\" style=\"text-align: left;\"><span class=\"pagelayer-list-icon-holder\"><i class=\"pagelayer-list-icon fas fa-angle-right\"><\/i><span class=\"pagelayer-list-item\">El socio debe de estar en capacidad de trabajo y gozando de buena salud cuando lleve a cabo su contrataci\u00f3n.<\/span><\/span><\/li>\n<\/ul>\n<\/div>\n<\/div>\n<\/div>\n<\/div>\n<\/div>\n<\/div>\n<\/div>\n<\/div>\n<\/div>\n<\/div>\n<\/div>\n<\/div>\n<\/div>\n<\/div>\n\t\t<\/div>\n\t\t\t\t\t<\/div>\n\n\t\n<\/div>\n\t\t<\/div>\n\n\t\t\n<style>\n#section_281529626 {\n  padding-top: 60px;\n  padding-bottom: 60px;\n  min-height: 300px;\n  background-color: rgb(245, 245, 245);\n}\n<\/style>\n\t<\/section>\n\t\n","protected":false},"excerpt":{"rendered":"","protected":false},"author":1,"featured_media":0,"parent":0,"menu_order":0,"comment_status":"closed","ping_status":"closed","template":"page-blank.php","meta":{"footnotes":""},"class_list":["post-2852","page","type-page","status-publish","hentry"],"_links":{"self":[{"href":"https:\/\/e-sais.com\/cajapopularrosario\/wp-json\/wp\/v2\/pages\/2852","targetHints":{"allow":["GET"]}}],"collection":[{"href":"https:\/\/e-sais.com\/cajapopularrosario\/wp-json\/wp\/v2\/pages"}],"about":[{"href":"https:\/\/e-sais.com\/cajapopularrosario\/wp-json\/wp\/v2\/types\/page"}],"author":[{"embeddable":true,"href":"https:\/\/e-sais.com\/cajapopularrosario\/wp-json\/wp\/v2\/users\/1"}],"replies":[{"embeddable":true,"href":"https:\/\/e-sais.com\/cajapopularrosario\/wp-json\/wp\/v2\/comments?post=2852"}],"version-history":[{"count":26,"href":"https:\/\/e-sais.com\/cajapopularrosario\/wp-json\/wp\/v2\/pages\/2852\/revisions"}],"predecessor-version":[{"id":9484,"href":"https:\/\/e-sais.com\/cajapopularrosario\/wp-json\/wp\/v2\/pages\/2852\/revisions\/9484"}],"wp:attachment":[{"href":"https:\/\/e-sais.com\/cajapopularrosario\/wp-json\/wp\/v2\/media?parent=2852"}],"curies":[{"name":"wp","href":"https:\/\/api.w.org\/{rel}","templated":true}]}}