{"id":3854,"date":"2022-08-30T17:37:24","date_gmt":"2022-08-30T17:37:24","guid":{"rendered":"https:\/\/e-sais.com\/cajapopularrosario\/?page_id=3854"},"modified":"2025-11-04T12:19:08","modified_gmt":"2025-11-04T19:19:08","slug":"app-movil","status":"publish","type":"page","link":"https:\/\/e-sais.com\/cajapopularrosario\/app-movil\/","title":{"rendered":"App M\u00f3vil"},"content":{"rendered":"\n  <div class=\"banner has-hover has-video\" id=\"banner-266977484\">\n          <div class=\"banner-inner fill\">\n        <div class=\"banner-bg fill\" >\n                        \t<div class=\"video-overlay no-click fill hide-for-medium\"><\/div>\n\t<video class=\"video-bg fill hide-for-medium\" preload playsinline autoplay muted loop>\n\t\t<source src=\"https:\/\/e-sais.com\/cajapopularrosario\/wp-content\/uploads\/2025\/11\/app-movil-caja-rosario.mp4\" type=\"video\/mp4\">\t<\/video>\n                        \n                    <\/div>\n\t\t\n        <div class=\"banner-layers container\">\n            <div class=\"fill banner-link\"><\/div>            \n   <div id=\"text-box-1151081214\" class=\"text-box banner-layer x50 md-x50 lg-x50 y50 md-y50 lg-y50 res-text\">\n                                <div class=\"text-box-content text dark\">\n              \n              <div class=\"text-inner text-center\">\n                  \n              <\/div>\n           <\/div>\n                            \n<style>\n#text-box-1151081214 {\n  width: 60%;\n}\n#text-box-1151081214 .text-box-content {\n  font-size: 100%;\n}\n@media (min-width:550px) {\n  #text-box-1151081214 {\n    width: 60%;\n  }\n}\n<\/style>\n    <\/div>\n \n        <\/div>\n      <\/div>\n\n            \n<style>\n#banner-266977484 {\n  padding-top: 500px;\n}\n<\/style>\n  <\/div>\n\n\n\n\t<section class=\"section\" id=\"section_88012855\">\n\t\t<div class=\"section-bg fill\" >\n\t\t\t\t\t\t\t\t\t\n\t\t\t\n\n\t\t<\/div>\n\n\t\t\n\n\t\t<div class=\"section-content relative\">\n\t\t\t\n<div class=\"row align-center\"  id=\"row-749853909\">\n\n\t<div id=\"col-245604495\" class=\"col medium-10 small-12 large-10\"  >\n\t\t\t\t<div class=\"col-inner text-center\"  >\n\t\t\t\n\t\t\t\n<div class=\"p-bks3184 pagelayer-text\">\n<div class=\"pagelayer-text-holder\">\n<p style=\"text-align: center;\">En nuestra App M\u00f3vil podr\u00e1s consultar tus saldos de ahorros y cr\u00e9ditos.<\/p>\n<\/div>\n<\/div>\n<div class=\"p-f7f9555 pagelayer-text\" style=\"text-align: center;\">\n<div class=\"pagelayer-text-holder\">\n<p>Tambi\u00e9n podr\u00e1s consultar la cuenta CLABE de cada una de tus cuentas para que puedas pagar y\/o abonar por medio de SPEI<\/p>\n<\/div>\n<\/div>\n<div class=\"p-hsw510 pagelayer-text\">\n<div class=\"pagelayer-text-holder\">\n<p style=\"text-align: center;\">Solo tienes que registrar tu usuario.\u00a0 \u00a0\u00a0\u00a0<\/p>\n<p style=\"text-align: center;\">Aqu\u00ed te decimos como:<\/p>\n<\/div>\n<div class=\"p-tlf9208 pagelayer-row pagelayer-row-stretch-auto pagelayer-height-default\">\n<div class=\"pagelayer-row-holder pagelayer-row pagelayer-auto pagelayer-width-auto\">\n<div class=\"p-grs1096 pagelayer-col\">\n<div class=\"pagelayer-col-holder\">\n<div class=\"p-ssx8316 pagelayer-heading\" align=\"center\">\n<div class=\"pagelayer-heading-holder\">\n<h4><strong>REGISTRO DE USUARIO WEB\/MOVIL.<\/strong><\/h4>\n<\/div>\n<\/div>\n<\/div>\n<\/div>\n<\/div>\n<\/div>\n<div class=\"p-m568402 pagelayer-row pagelayer-row-stretch-auto pagelayer-height-default\">\n<div class=\"pagelayer-row-holder pagelayer-row pagelayer-auto pagelayer-width-auto\">\n<div class=\"p-qns8327 pagelayer-col\">\n<div class=\"pagelayer-col-holder\">\n<div class=\"p-a3q3112 pagelayer-video\">\n<div class=\"pagelayer-video-holder pagelayer-video-aspect-8-5\">\n<div style=\"width: 1020px;\" class=\"wp-video\"><video class=\"wp-video-shortcode\" id=\"video-3854-1\" width=\"1020\" height=\"574\" preload=\"metadata\" controls=\"controls\"><source type=\"video\/mp4\" src=\"https:\/\/e-sais.com\/cajapopularrosario\/wp-content\/uploads\/2024\/07\/VIDEO-\u00bfCOMO-REGISTRAR-MI-USUARIO-2024.mp4?_=1\" \/><a href=\"https:\/\/e-sais.com\/cajapopularrosario\/wp-content\/uploads\/2024\/07\/VIDEO-\u00bfCOMO-REGISTRAR-MI-USUARIO-2024.mp4\">https:\/\/e-sais.com\/cajapopularrosario\/wp-content\/uploads\/2024\/07\/VIDEO-\u00bfCOMO-REGISTRAR-MI-USUARIO-2024.mp4<\/a><\/video><\/div>\n<\/div>\n<\/div>\n<\/div>\n<\/div>\n<\/div>\n<\/div>\n<\/div>\n<a href=\"http:\/\/citrixrosario.fortiddns.com:83\/portalinficaja\" target=\"_blank\" class=\"button primary\" rel=\"noopener\" >\n\t\t<span>REG\u00cdSTRATE AQU\u00ed<\/span>\n\t<\/a>\n\n\t<div class=\"img has-hover x md-x lg-x y md-y lg-y\" id=\"image_285993134\">\n\t\t\t\t<div data-parallax-fade=\"true\" data-parallax=\"4\">\t\t\t\t<div class=\"img-inner dark\" >\n\t\t\t<img loading=\"lazy\" decoding=\"async\" width=\"703\" height=\"874\" src=\"https:\/\/e-sais.com\/cajapopularrosario\/wp-content\/uploads\/2025\/11\/app-movil.png\" class=\"attachment-original size-original\" alt=\"\" srcset=\"https:\/\/e-sais.com\/cajapopularrosario\/wp-content\/uploads\/2025\/11\/app-movil.png 703w, https:\/\/e-sais.com\/cajapopularrosario\/wp-content\/uploads\/2025\/11\/app-movil-241x300.png 241w\" sizes=\"auto, (max-width: 703px) 100vw, 703px\" \/>\t\t\t\t\t\t\n\t\t\t\t\t<\/div>\n\t\t\t\t<\/div>\t\t\t\t\n<style>\n#image_285993134 {\n  width: 30%;\n}\n<\/style>\n\t<\/div>\n\t\n\t\t<\/div>\n\t\t\t\t\t<\/div>\n\n\t\n<\/div>\n\t\t<\/div>\n\n\t\t\n<style>\n#section_88012855 {\n  padding-top: 60px;\n  padding-bottom: 60px;\n  min-height: 300px;\n  background-color: rgb(245, 245, 245);\n}\n<\/style>\n\t<\/section>\n\t\n","protected":false},"excerpt":{"rendered":"","protected":false},"author":1,"featured_media":0,"parent":0,"menu_order":0,"comment_status":"closed","ping_status":"closed","template":"page-blank.php","meta":{"footnotes":""},"class_list":["post-3854","page","type-page","status-publish","hentry"],"_links":{"self":[{"href":"https:\/\/e-sais.com\/cajapopularrosario\/wp-json\/wp\/v2\/pages\/3854","targetHints":{"allow":["GET"]}}],"collection":[{"href":"https:\/\/e-sais.com\/cajapopularrosario\/wp-json\/wp\/v2\/pages"}],"about":[{"href":"https:\/\/e-sais.com\/cajapopularrosario\/wp-json\/wp\/v2\/types\/page"}],"author":[{"embeddable":true,"href":"https:\/\/e-sais.com\/cajapopularrosario\/wp-json\/wp\/v2\/users\/1"}],"replies":[{"embeddable":true,"href":"https:\/\/e-sais.com\/cajapopularrosario\/wp-json\/wp\/v2\/comments?post=3854"}],"version-history":[{"count":16,"href":"https:\/\/e-sais.com\/cajapopularrosario\/wp-json\/wp\/v2\/pages\/3854\/revisions"}],"predecessor-version":[{"id":9498,"href":"https:\/\/e-sais.com\/cajapopularrosario\/wp-json\/wp\/v2\/pages\/3854\/revisions\/9498"}],"wp:attachment":[{"href":"https:\/\/e-sais.com\/cajapopularrosario\/wp-json\/wp\/v2\/media?parent=3854"}],"curies":[{"name":"wp","href":"https:\/\/api.w.org\/{rel}","templated":true}]}}