{"id":4949,"date":"2024-07-02T21:35:20","date_gmt":"2024-07-03T04:35:20","guid":{"rendered":"https:\/\/e-sais.com\/cajapopularrosario\/?page_id=1621"},"modified":"2025-12-05T10:13:14","modified_gmt":"2025-12-05T17:13:14","slug":"ahorro-2","status":"publish","type":"page","link":"https:\/\/e-sais.com\/cajapopularrosario\/ahorro-2\/","title":{"rendered":"Ahorro"},"content":{"rendered":"\n  <div class=\"banner has-hover has-parallax\" id=\"banner-979713327\">\n          <div class=\"banner-inner fill\">\n        <div class=\"banner-bg fill\" data-parallax=\"-4\" data-parallax-container=\".banner\" data-parallax-background>\n            <img loading=\"lazy\" decoding=\"async\" width=\"1020\" height=\"680\" src=\"https:\/\/e-sais.com\/cajapopularrosario\/wp-content\/uploads\/2025\/11\/ahorro-unisap-1024x683.jpg\" class=\"bg attachment-large size-large\" alt=\"\" \/>                                    \n                    <\/div>\n\t\t\n        <div class=\"banner-layers container\">\n            <div class=\"fill banner-link\"><\/div>            \n   <div id=\"text-box-546978747\" class=\"text-box banner-layer x50 md-x50 lg-x50 y30 md-y30 lg-y30 res-text\">\n                     <div data-animate=\"fadeInUp\">           <div class=\"text-box-content text dark text-shadow-3\">\n              \n              <div class=\"text-inner text-center\">\n                  \n\t<div class=\"img has-hover x md-x lg-x y md-y lg-y\" id=\"image_1990967351\">\n\t\t\t\t\t\t\t\t<div class=\"img-inner dark\" >\n\t\t\t<img loading=\"lazy\" decoding=\"async\" width=\"1020\" height=\"393\" src=\"https:\/\/e-sais.com\/cajapopularrosario\/wp-content\/uploads\/2025\/11\/cuentas-de-ahorro-logo1-1024x395.png\" class=\"attachment-large size-large\" alt=\"\" srcset=\"https:\/\/e-sais.com\/cajapopularrosario\/wp-content\/uploads\/2025\/11\/cuentas-de-ahorro-logo1-1024x395.png 1024w, https:\/\/e-sais.com\/cajapopularrosario\/wp-content\/uploads\/2025\/11\/cuentas-de-ahorro-logo1-300x116.png 300w, https:\/\/e-sais.com\/cajapopularrosario\/wp-content\/uploads\/2025\/11\/cuentas-de-ahorro-logo1-768x297.png 768w, https:\/\/e-sais.com\/cajapopularrosario\/wp-content\/uploads\/2025\/11\/cuentas-de-ahorro-logo1.png 1072w\" sizes=\"auto, (max-width: 1020px) 100vw, 1020px\" \/>\t\t\t\t\t\t\n\t\t\t\t\t<\/div>\n\t\t\t\t\t\t\t\t\n<style>\n#image_1990967351 {\n  width: 78%;\n}\n<\/style>\n\t<\/div>\n\t\n              <\/div>\n           <\/div>\n       <\/div>                     \n<style>\n#text-box-546978747 {\n  width: 60%;\n}\n#text-box-546978747 .text-box-content {\n  font-size: 100%;\n}\n<\/style>\n    <\/div>\n \n\t<div class=\"img has-hover x100 md-x100 lg-x100 y100 md-y100 lg-y100\" id=\"image_2144421082\">\n\t\t\t\t\t\t<div data-animate=\"bounceIn\">\t\t<div class=\"img-inner dark\" >\n\t\t\t<img loading=\"lazy\" decoding=\"async\" width=\"1020\" height=\"1012\" src=\"https:\/\/e-sais.com\/cajapopularrosario\/wp-content\/uploads\/2025\/08\/icono-transparencia-1024x1016.png\" class=\"attachment-large size-large\" alt=\"\" srcset=\"https:\/\/e-sais.com\/cajapopularrosario\/wp-content\/uploads\/2025\/08\/icono-transparencia-1024x1016.png 1024w, https:\/\/e-sais.com\/cajapopularrosario\/wp-content\/uploads\/2025\/08\/icono-transparencia-300x298.png 300w, https:\/\/e-sais.com\/cajapopularrosario\/wp-content\/uploads\/2025\/08\/icono-transparencia-150x150.png 150w, https:\/\/e-sais.com\/cajapopularrosario\/wp-content\/uploads\/2025\/08\/icono-transparencia-768x762.png 768w, https:\/\/e-sais.com\/cajapopularrosario\/wp-content\/uploads\/2025\/08\/icono-transparencia.png 1049w\" sizes=\"auto, (max-width: 1020px) 100vw, 1020px\" \/>\t\t\t\t\t\t\n\t\t\t\t\t<\/div>\n\t\t<\/div>\t\t\t\t\t\t\n<style>\n#image_2144421082 {\n  width: 42%;\n}\n<\/style>\n\t<\/div>\n\t\n        <\/div>\n      <\/div>\n\n            \n<style>\n#banner-979713327 {\n  padding-top: 99.99%;\n}\n@media (min-width:550px) {\n  #banner-979713327 {\n    padding-top: 50%;\n  }\n}\n<\/style>\n  <\/div>\n\n\n\n\t<section class=\"section\" id=\"section_722383987\">\n\t\t<div class=\"section-bg fill\" >\n\t\t\t\t\t\t\t\t\t\n\t\t\t\n\n\t\t<\/div>\n\n\t\t\n\n\t\t<div class=\"section-content relative\">\n\t\t\t\n<div class=\"row align-center\"  id=\"row-1186671256\">\n\n\t<div id=\"col-1271358578\" class=\"col medium-10 small-12 large-10\"  >\n\t\t\t\t<div class=\"col-inner text-center\"  >\n\t\t\t\n\t\t\t\n<div>\n<div>\n<p><span style=\"color: #000000;\"><strong>&#8211;\u00a0Tasas de inter\u00e9s sujetas a cambio sin previo aviso.<\/strong><\/span><br \/><span style=\"color: #000000;\"><strong>&#8211;\u00a0Para mayor informaci\u00f3n acuda a cualquiera de nuestras sucursales.<\/strong><\/span><br \/><span style=\"color: #000000;\"><strong>&#8211;\u00a0Ahorro disponible en moneda nacional.<\/strong><\/span><br \/><span style=\"color: #000000;\"><strong>&#8211;\u00a0Nuestros productos se encuentran disponibles en los municipios de El Rosario, Escuinapa y Mazatl\u00e1n\u00a0Sinaloa.<\/strong><\/span><br \/><span style=\"color: #000000;\"><strong>&#8211;\u00a0Productos garantizados hasta por 25 mil UDIS por el fondo de Protecci\u00f3n.<\/strong><\/span><\/p>\n<\/div>\n<\/div>\n\t\t<\/div>\n\t\t\t\t\t<\/div>\n\n\t\n<\/div>\n\t\t<\/div>\n\n\t\t\n<style>\n#section_722383987 {\n  padding-top: 60px;\n  padding-bottom: 60px;\n  min-height: 300px;\n  background-color: rgb(245, 245, 245);\n}\n<\/style>\n\t<\/section>\n\t\n\n\t<section class=\"section has-mask mask-arrow\" id=\"section_1030081018\">\n\t\t<div class=\"section-bg fill\" >\n\t\t\t\t\t\t\t\t\t\n\t\t\t\n\t<div class=\"is-border\"\n\t\tstyle=\"border-color:rgb(235, 235, 235);border-width:1px 0px 0px 0px;\">\n\t<\/div>\n\n\t\t<\/div>\n\n\t\t\n\n\t\t<div class=\"section-content relative\">\n\t\t\t\n<div class=\"row\"  id=\"row-1647366266\">\n\n\t<div id=\"col-1483816549\" class=\"col medium-3 small-12 large-3\"  >\n\t\t\t\t<div class=\"col-inner text-shadow-2\"  >\n\t\t\t\n\t\t\t\n\t<div class=\"img has-hover x md-x lg-x y md-y lg-y\" id=\"image_341847702\">\n\t\t<a class=\"\" href=\"https:\/\/cajapopularrosario.coop\/ahorro-adulto-4\/\" >\t\t\t\t<div data-animate=\"fadeInLeft\">\t\t<div class=\"img-inner image-fade-out box-shadow-2-hover dark\" >\n\t\t\t<img loading=\"lazy\" decoding=\"async\" width=\"1020\" height=\"1020\" src=\"https:\/\/e-sais.com\/cajapopularrosario\/wp-content\/uploads\/2025\/11\/ahorro-adulto-btn-1024x1024.png\" class=\"attachment-large size-large\" alt=\"\" srcset=\"https:\/\/e-sais.com\/cajapopularrosario\/wp-content\/uploads\/2025\/11\/ahorro-adulto-btn-1024x1024.png 1024w, https:\/\/e-sais.com\/cajapopularrosario\/wp-content\/uploads\/2025\/11\/ahorro-adulto-btn-300x300.png 300w, https:\/\/e-sais.com\/cajapopularrosario\/wp-content\/uploads\/2025\/11\/ahorro-adulto-btn-150x150.png 150w, https:\/\/e-sais.com\/cajapopularrosario\/wp-content\/uploads\/2025\/11\/ahorro-adulto-btn-768x768.png 768w, https:\/\/e-sais.com\/cajapopularrosario\/wp-content\/uploads\/2025\/11\/ahorro-adulto-btn.png 1080w\" sizes=\"auto, (max-width: 1020px) 100vw, 1020px\" \/>\t\t\t\t\t\t\n\t\t\t\t\t<\/div>\n\t\t<\/div>\t\t\t\t<\/a>\t\t\n<style>\n#image_341847702 {\n  width: 100%;\n}\n<\/style>\n\t<\/div>\n\t\n\t\t<\/div>\n\t\t\t\t\t<\/div>\n\n\t\n\n\t<div id=\"col-106800979\" class=\"col medium-3 small-12 large-3\"  >\n\t\t\t\t<div class=\"col-inner text-shadow-2\"  >\n\t\t\t\n\t\t\t\n\t<div class=\"img has-hover x md-x lg-x y md-y lg-y\" id=\"image_787053823\">\n\t\t<a class=\"\" href=\"https:\/\/cajapopularrosario.coop\/ahorro-garantia-liquida-2\/\" >\t\t\t\t<div data-animate=\"fadeInLeft\">\t\t<div class=\"img-inner image-fade-out box-shadow-2-hover dark\" >\n\t\t\t<img loading=\"lazy\" decoding=\"async\" width=\"1020\" height=\"1020\" src=\"https:\/\/e-sais.com\/cajapopularrosario\/wp-content\/uploads\/2025\/11\/ahorro-garantia-liquida-btn-1024x1024.png\" class=\"attachment-large size-large\" alt=\"\" srcset=\"https:\/\/e-sais.com\/cajapopularrosario\/wp-content\/uploads\/2025\/11\/ahorro-garantia-liquida-btn-1024x1024.png 1024w, https:\/\/e-sais.com\/cajapopularrosario\/wp-content\/uploads\/2025\/11\/ahorro-garantia-liquida-btn-300x300.png 300w, https:\/\/e-sais.com\/cajapopularrosario\/wp-content\/uploads\/2025\/11\/ahorro-garantia-liquida-btn-150x150.png 150w, https:\/\/e-sais.com\/cajapopularrosario\/wp-content\/uploads\/2025\/11\/ahorro-garantia-liquida-btn-768x768.png 768w, https:\/\/e-sais.com\/cajapopularrosario\/wp-content\/uploads\/2025\/11\/ahorro-garantia-liquida-btn.png 1080w\" sizes=\"auto, (max-width: 1020px) 100vw, 1020px\" \/>\t\t\t\t\t\t\n\t\t\t\t\t<\/div>\n\t\t<\/div>\t\t\t\t<\/a>\t\t\n<style>\n#image_787053823 {\n  width: 100%;\n}\n<\/style>\n\t<\/div>\n\t\n\t\t<\/div>\n\t\t\t\t\t<\/div>\n\n\t\n\n\t<div id=\"col-764252389\" class=\"col medium-3 small-12 large-3\"  >\n\t\t\t\t<div class=\"col-inner text-shadow-2\"  >\n\t\t\t\n\t\t\t\n\t<div class=\"img has-hover x md-x lg-x y md-y lg-y\" id=\"image_2035885751\">\n\t\t<a class=\"\" href=\"https:\/\/cajapopularrosario.coop\/ahorro-infantil-4\/\" >\t\t\t\t<div data-animate=\"fadeInLeft\">\t\t<div class=\"img-inner image-fade-out box-shadow-2-hover dark\" >\n\t\t\t<img loading=\"lazy\" decoding=\"async\" width=\"1020\" height=\"1020\" src=\"https:\/\/e-sais.com\/cajapopularrosario\/wp-content\/uploads\/2025\/11\/ahorro-infantil-btn-1024x1024.png\" class=\"attachment-large size-large\" alt=\"\" srcset=\"https:\/\/e-sais.com\/cajapopularrosario\/wp-content\/uploads\/2025\/11\/ahorro-infantil-btn-1024x1024.png 1024w, https:\/\/e-sais.com\/cajapopularrosario\/wp-content\/uploads\/2025\/11\/ahorro-infantil-btn-300x300.png 300w, https:\/\/e-sais.com\/cajapopularrosario\/wp-content\/uploads\/2025\/11\/ahorro-infantil-btn-150x150.png 150w, https:\/\/e-sais.com\/cajapopularrosario\/wp-content\/uploads\/2025\/11\/ahorro-infantil-btn-768x768.png 768w, https:\/\/e-sais.com\/cajapopularrosario\/wp-content\/uploads\/2025\/11\/ahorro-infantil-btn.png 1080w\" sizes=\"auto, (max-width: 1020px) 100vw, 1020px\" \/>\t\t\t\t\t\t\n\t\t\t\t\t<\/div>\n\t\t<\/div>\t\t\t\t<\/a>\t\t\n<style>\n#image_2035885751 {\n  width: 100%;\n}\n<\/style>\n\t<\/div>\n\t\n\t\t<\/div>\n\t\t\t\t\t<\/div>\n\n\t\n\n\t<div id=\"col-492530972\" class=\"col medium-3 small-12 large-3\"  >\n\t\t\t\t<div class=\"col-inner text-shadow-2\"  >\n\t\t\t\n\t\t\t\n\t<div class=\"img has-hover x md-x lg-x y md-y lg-y\" id=\"image_1101007871\">\n\t\t<a class=\"\" href=\"https:\/\/cajapopularrosario.coop\/cuenta-corriente-3\/\" >\t\t\t\t<div data-animate=\"fadeInLeft\">\t\t<div class=\"img-inner image-fade-out box-shadow-2-hover dark\" >\n\t\t\t<img loading=\"lazy\" decoding=\"async\" width=\"1020\" height=\"1020\" src=\"https:\/\/e-sais.com\/cajapopularrosario\/wp-content\/uploads\/2025\/11\/cuenta-corriente-btn-1024x1024.png\" class=\"attachment-large size-large\" alt=\"\" srcset=\"https:\/\/e-sais.com\/cajapopularrosario\/wp-content\/uploads\/2025\/11\/cuenta-corriente-btn-1024x1024.png 1024w, https:\/\/e-sais.com\/cajapopularrosario\/wp-content\/uploads\/2025\/11\/cuenta-corriente-btn-300x300.png 300w, https:\/\/e-sais.com\/cajapopularrosario\/wp-content\/uploads\/2025\/11\/cuenta-corriente-btn-150x150.png 150w, https:\/\/e-sais.com\/cajapopularrosario\/wp-content\/uploads\/2025\/11\/cuenta-corriente-btn-768x768.png 768w, https:\/\/e-sais.com\/cajapopularrosario\/wp-content\/uploads\/2025\/11\/cuenta-corriente-btn.png 1080w\" sizes=\"auto, (max-width: 1020px) 100vw, 1020px\" \/>\t\t\t\t\t\t\n\t\t\t\t\t<\/div>\n\t\t<\/div>\t\t\t\t<\/a>\t\t\n<style>\n#image_1101007871 {\n  width: 100%;\n}\n<\/style>\n\t<\/div>\n\t\n\t\t<\/div>\n\t\t\t\t\t<\/div>\n\n\t\n<\/div>\n\t\t<\/div>\n\n\t\t\n<style>\n#section_1030081018 {\n  padding-top: 59px;\n  padding-bottom: 59px;\n  min-height: 300px;\n  background-color: rgb(13, 196, 230);\n}\n<\/style>\n\t<\/section>\n\t\n<div class=\"row\"  id=\"row-1769470252\">\n\n\t<div id=\"col-2131580131\" class=\"col small-12 large-12\"  >\n\t\t\t\t<div class=\"col-inner\"  >\n\t\t\t\n\t\t\t\n<div class=\"p-3fz9779 pagelayer-text fadeInRight pagelayer-wow\">\n<div class=\"pagelayer-text-holder\">\n<p style=\"text-align: justify;\"><span style=\"font-size: 75%;\" data-line-height=\"xs\">\u201c\u00danicamente est\u00e1n garantizados por el Fondo de supervisi\u00f3n auxiliar de Sociedades Cooperativas de Ahorro y Pr\u00e9stamo y de protecci\u00f3n a sus ahorradores los dep\u00f3sitos de dinero: a la vista, de ahorro, a plazo fijo, retirables en d\u00edas preestablecidos o con previo aviso, hasta por el equivalente a 25 mil UDIS por persona f\u00edsica o moral, cualquiera que sea el n\u00famero y clase de operaciones a su favor y a cargo de una misma Instituci\u00f3n Financiera, en caso de que se declare su disoluci\u00f3n y liquidaci\u00f3n, o se declare su concurso mercantil.\u00a0Dicho fondo de protecci\u00f3n, cubrir\u00e1 el principal y accesorios de los dep\u00f3sitos de dinero referidos a la fecha en que se hubiere declarado la disoluci\u00f3n y liquidaci\u00f3n de la Sociedad Cooperativa de Ahorro y Pr\u00e9stamo o declarado su concurso mercantil, descontando el saldo insoluto de los pr\u00e9stamos o con respecto a los cuales sea deudor el Socio Ahorrador de que se trate, por lo que para estos efectos dichos pr\u00e9stamos o cr\u00e9ditos vencer\u00e1n de manera anticipada\u201d.\u00a0<\/span><\/p>\n<\/div>\n<\/div>\n<div class=\"p-uoh9264 pagelayer-text fadeInRight pagelayer-wow\">\n<div class=\"pagelayer-text-holder\">\n<p style=\"text-align: left;\"><span style=\"font-size: 75%;\" data-line-height=\"xs\"><strong>Equivalente del fondo de protecci\u00f3n a conversi\u00f3n en pesos moneda nacional\u00a0\u00a0<\/strong><strong>\u00a0$216,365.00 , calculado al 14 de Agosto del 2025.<\/strong><\/span><\/p>\n<\/div>\n<\/div>\n\t\t<\/div>\n\t\t\t\t\t<\/div>\n\n\t\n<\/div>\n","protected":false},"excerpt":{"rendered":"","protected":false},"author":5,"featured_media":0,"parent":0,"menu_order":0,"comment_status":"closed","ping_status":"closed","template":"page-blank.php","meta":{"footnotes":""},"class_list":["post-4949","page","type-page","status-publish","hentry"],"_links":{"self":[{"href":"https:\/\/e-sais.com\/cajapopularrosario\/wp-json\/wp\/v2\/pages\/4949","targetHints":{"allow":["GET"]}}],"collection":[{"href":"https:\/\/e-sais.com\/cajapopularrosario\/wp-json\/wp\/v2\/pages"}],"about":[{"href":"https:\/\/e-sais.com\/cajapopularrosario\/wp-json\/wp\/v2\/types\/page"}],"author":[{"embeddable":true,"href":"https:\/\/e-sais.com\/cajapopularrosario\/wp-json\/wp\/v2\/users\/5"}],"replies":[{"embeddable":true,"href":"https:\/\/e-sais.com\/cajapopularrosario\/wp-json\/wp\/v2\/comments?post=4949"}],"version-history":[{"count":52,"href":"https:\/\/e-sais.com\/cajapopularrosario\/wp-json\/wp\/v2\/pages\/4949\/revisions"}],"predecessor-version":[{"id":9780,"href":"https:\/\/e-sais.com\/cajapopularrosario\/wp-json\/wp\/v2\/pages\/4949\/revisions\/9780"}],"wp:attachment":[{"href":"https:\/\/e-sais.com\/cajapopularrosario\/wp-json\/wp\/v2\/media?parent=4949"}],"curies":[{"name":"wp","href":"https:\/\/api.w.org\/{rel}","templated":true}]}}