{"id":4997,"date":"2024-07-02T21:02:31","date_gmt":"2024-07-03T04:02:31","guid":{"rendered":"https:\/\/e-sais.com\/cajapopularrosario\/?page_id=1621"},"modified":"2025-12-05T10:09:19","modified_gmt":"2025-12-05T17:09:19","slug":"abrir-una-cuenta-clone","status":"publish","type":"page","link":"https:\/\/e-sais.com\/cajapopularrosario\/abrir-una-cuenta-clone\/","title":{"rendered":"As\u00f3ciate"},"content":{"rendered":"\n  <div class=\"banner has-hover bg-zoom has-parallax\" id=\"banner-1709351984\">\n          <div class=\"banner-inner fill\">\n        <div class=\"banner-bg fill\" data-parallax=\"-4\" data-parallax-container=\".banner\" data-parallax-background>\n            <img loading=\"lazy\" decoding=\"async\" width=\"1920\" height=\"1080\" src=\"https:\/\/e-sais.com\/cajapopularrosario\/wp-content\/uploads\/2025\/11\/ASOCIATE-BG.jpg\" class=\"bg attachment-original size-original\" alt=\"\" \/>                                    \n\t<div class=\"is-border hover-fade-in\"\n\t\tstyle=\"border-color:rgb(49, 111, 14);border-width:0px 0px 0px 0px;margin:20px 20px 20px 20px;\">\n\t<\/div>\n                    <\/div>\n\t\t\n        <div class=\"banner-layers container\">\n            <div class=\"fill banner-link\"><\/div>            \n   <div id=\"text-box-2025512235\" class=\"text-box banner-layer x50 md-x50 lg-x50 y25 md-y50 lg-y50 res-text\">\n                     <div data-animate=\"fadeInLeft\">           <div class=\"text-box-content text box-shadow-2 dark text-shadow-2\">\n              \n              <div class=\"text-inner text-center\">\n                  \n\t<div id=\"text-3713834075\" class=\"text\">\n\t\t\n<div class=\"p-ptj1471 pagelayer-heading\" align=\"center\">\n<div class=\"pagelayer-heading-holder\">\n<h2><span style=\"color: #ff9900;\"><strong><span style=\"color: #ffcc00;\">AS\u00d3CIATE,<\/span> <span style=\"color: #00ffff;\">APERTURA TU CUENTA<\/span><\/strong><\/span><\/h2>\n<\/div>\n<\/div>\n\t\t\n<style>\n#text-3713834075 {\n  color: #000000;\n}\n#text-3713834075 > * {\n  color: #000000;\n}\n<\/style>\n\t<\/div>\n\t\n              <\/div>\n           <\/div>\n       <\/div>                     \n<style>\n#text-box-2025512235 .text-box-content {\n  background-color: rgba(9, 65, 109, 0.686);\n  font-size: 100%;\n}\n#text-box-2025512235 .text-inner {\n  padding: 30px 30px 30px 30px;\n}\n#text-box-2025512235 {\n  width: 50%;\n}\n<\/style>\n    <\/div>\n \n\t<div class=\"img has-hover x100 md-x100 lg-x100 y50 md-y50 lg-y50\" id=\"image_2102328413\">\n\t\t\t\t\t\t<div data-animate=\"bounceIn\">\t\t<div class=\"img-inner dark\" >\n\t\t\t<img loading=\"lazy\" decoding=\"async\" width=\"1020\" height=\"1012\" src=\"https:\/\/e-sais.com\/cajapopularrosario\/wp-content\/uploads\/2025\/08\/icono-transparencia-1024x1016.png\" class=\"attachment-large size-large\" alt=\"\" srcset=\"https:\/\/e-sais.com\/cajapopularrosario\/wp-content\/uploads\/2025\/08\/icono-transparencia-1024x1016.png 1024w, https:\/\/e-sais.com\/cajapopularrosario\/wp-content\/uploads\/2025\/08\/icono-transparencia-300x298.png 300w, https:\/\/e-sais.com\/cajapopularrosario\/wp-content\/uploads\/2025\/08\/icono-transparencia-150x150.png 150w, https:\/\/e-sais.com\/cajapopularrosario\/wp-content\/uploads\/2025\/08\/icono-transparencia-768x762.png 768w, https:\/\/e-sais.com\/cajapopularrosario\/wp-content\/uploads\/2025\/08\/icono-transparencia.png 1049w\" sizes=\"auto, (max-width: 1020px) 100vw, 1020px\" \/>\t\t\t\t\t\t\n\t\t\t\t\t<\/div>\n\t\t<\/div>\t\t\t\t\t\t\n<style>\n#image_2102328413 {\n  width: 46%;\n}\n<\/style>\n\t<\/div>\n\t\n        <\/div>\n      <\/div>\n\n            \n<style>\n#banner-1709351984 {\n  padding-top: 99.99%;\n}\n#banner-1709351984 .banner-bg img {\n  object-position: 47% 34%;\n}\n@media (min-width:550px) {\n  #banner-1709351984 {\n    padding-top: 40%;\n  }\n}\n<\/style>\n  <\/div>\n\n\n\n\t<section class=\"section dark\" id=\"section_802394638\">\n\t\t<div class=\"section-bg fill\" >\n\t\t\t\t\t\t\t\t\t<div class=\"section-bg-overlay absolute fill\"><\/div>\n\t\t\t\n\t<div class=\"is-border\"\n\t\tstyle=\"border-color:rgb(235, 235, 235);border-width:0px 0px 0px 0px;\">\n\t<\/div>\n\n\t\t<\/div>\n\n\t\t\n\n\t\t<div class=\"section-content relative\">\n\t\t\t\n<div class=\"row row-large align-middle align-center\"  id=\"row-1476696325\">\n\n\t<div id=\"col-430669728\" class=\"col medium-6 small-12 large-6\"  >\n\t\t\t\t<div class=\"col-inner box-shadow-2 box-shadow-5-hover\" style=\"background-color:rgb(255, 255, 255);\" >\n\t\t\t\n\t\t\t\n\t<div class=\"img has-hover x md-x lg-x y md-y lg-y\" id=\"image_1525314759\">\n\t\t\t\t\t\t\t\t<div class=\"img-inner dark\" >\n\t\t\t<img loading=\"lazy\" decoding=\"async\" width=\"812\" height=\"938\" src=\"https:\/\/e-sais.com\/cajapopularrosario\/wp-content\/uploads\/2025\/11\/ASOCIATE-CAJA-ROSARIO.jpg\" class=\"attachment-large size-large\" alt=\"\" srcset=\"https:\/\/e-sais.com\/cajapopularrosario\/wp-content\/uploads\/2025\/11\/ASOCIATE-CAJA-ROSARIO.jpg 812w, https:\/\/e-sais.com\/cajapopularrosario\/wp-content\/uploads\/2025\/11\/ASOCIATE-CAJA-ROSARIO-260x300.jpg 260w, https:\/\/e-sais.com\/cajapopularrosario\/wp-content\/uploads\/2025\/11\/ASOCIATE-CAJA-ROSARIO-768x887.jpg 768w\" sizes=\"auto, (max-width: 812px) 100vw, 812px\" \/>\t\t\t\t\t\t\n\t\t\t\t\t<\/div>\n\t\t\t\t\t\t\t\t\n<style>\n#image_1525314759 {\n  width: 100%;\n}\n<\/style>\n\t<\/div>\n\t\n\t\t<\/div>\n\t\t\t\t\n<style>\n#col-430669728 > .col-inner {\n  padding: 15px 15px 15px 15px;\n}\n<\/style>\n\t<\/div>\n\n\t\n\n\t<div id=\"col-1175232468\" class=\"col medium-6 small-12 large-6\"  >\n\t\t\t\t<div class=\"col-inner text-center dark\"  >\n\t\t\t\n\t\t\t\n<div class=\"p-mq93617 pagelayer-heading\" align=\"center\">\n<div class=\"pagelayer-heading-holder\">\n<p style=\"text-align: left;\"><span style=\"color: #000000;\">La finalidad de Caja Popular Rosario es unir a\u00a0 personas con intereses comunes, para cubrir sus necesidades econ\u00f3micas mediante la actividad y prestaci\u00f3n de servicios caracter\u00edsticos de las entidades de cr\u00e9dito y ahorro.<\/span><\/p>\n<p style=\"text-align: left;\"><span style=\"color: #000000;\">Al formar parte de nuestra cooperativa obtendr\u00e1s atractivos rendimientos en tus ahorros as\u00ed como cr\u00e9ditos a la medida de tus necesidades.<\/span><\/p>\n<p style=\"text-align: left;\">\u00a0<\/p>\n<\/div>\n<\/div>\n<div class=\"p-iuu5127 pagelayer-text\">\n<p class=\"pagelayer-text-holder\" style=\"text-align: left;\">\u00a0<\/p>\n<\/div>\n<a href=\"http:\/\/servicios1.cajapopularrosario.coop:86\/ProspectosOnLine\" target=\"_blank\" class=\"button primary\" rel=\"noopener\" >\n\t\t<span>REG\u00cdSTRATE EN L\u00cdNEA<\/span>\n\t<\/a>\n\n\t\t<\/div>\n\t\t\t\t\t<\/div>\n\n\t\n<\/div>\n\t\t<\/div>\n\n\t\t\n<style>\n#section_802394638 {\n  padding-top: 59px;\n  padding-bottom: 59px;\n  min-height: 300px;\n  background-color: rgb(203, 203, 203);\n}\n#section_802394638 .section-bg-overlay {\n  background-color: rgba(255,255,255,.5);\n}\n<\/style>\n\t<\/section>\n\t\n\n\t<section class=\"section\" id=\"section_1149732466\">\n\t\t<div class=\"section-bg fill\" >\n\t\t\t\t\t\t\t\t\t\n\t\t\t\n\n\t\t<\/div>\n\n\t\t\n\n\t\t<div class=\"section-content relative\">\n\t\t\t\n<div class=\"row align-center\"  id=\"row-1214260683\">\n\n\t<div id=\"col-1857667544\" class=\"col medium-6 small-12 large-6\"  >\n\t\t\t\t<div class=\"col-inner text-center\"  >\n\t\t\t\n\t\t\t\n\n  <div class=\"banner has-hover\" id=\"banner-584818564\">\n          <div class=\"banner-inner fill\">\n        <div class=\"banner-bg fill\" >\n            <img loading=\"lazy\" decoding=\"async\" width=\"684\" height=\"1024\" src=\"https:\/\/e-sais.com\/cajapopularrosario\/wp-content\/uploads\/2025\/11\/asociarse-a-caja-rosario-684x1024.jpg\" class=\"bg attachment-large size-large\" alt=\"\" \/>                        <div class=\"overlay\"><\/div>            \n\t<div class=\"is-border\"\n\t\tstyle=\"border-color:rgba(6, 79, 37, 0.483);border-width:0px 0px 0px 0px;margin:0px 0px 0px 0px;\">\n\t<\/div>\n                    <\/div>\n\t\t\n        <div class=\"banner-layers container\">\n            <div class=\"fill banner-link\"><\/div>            \n   <div id=\"text-box-120386621\" class=\"text-box banner-layer x50 md-x50 lg-x50 y90 md-y90 lg-y90 res-text\">\n                                <div class=\"text-box-content text \">\n              \n              <div class=\"text-inner text-center\">\n                  \n<a data-animate=\"fadeInLeft\" href=\"https:\/\/cajapopularrosario.coop\/socio-adulto\/\" class=\"button white is-shade\" >\n\t\t<span>SOCIO<\/span>\n\t<\/a>\n\n              <\/div>\n           <\/div>\n                            \n<style>\n#text-box-120386621 .text-box-content {\n  background-color: rgba(255, 255, 255, 0);\n  font-size: 98%;\n}\n#text-box-120386621 .text-inner {\n  padding: 5px 30px 10px 30px;\n}\n#text-box-120386621 {\n  width: 100%;\n}\n@media (min-width:550px) {\n  #text-box-120386621 .text-box-content {\n    font-size: 157%;\n  }\n}\n<\/style>\n    <\/div>\n \n        <\/div>\n      <\/div>\n\n            \n<style>\n#banner-584818564 {\n  padding-top: 99.99%;\n}\n#banner-584818564 .overlay {\n  background-color: rgba(0, 0, 0, 0.2);\n}\n#banner-584818564 .banner-bg img {\n  object-position: 33% 72%;\n}\n<\/style>\n  <\/div>\n\n\n\t\t<\/div>\n\t\t\t\t\t<\/div>\n\n\t\n\n\t<div id=\"col-2102817852\" class=\"col medium-6 small-12 large-6\"  >\n\t\t\t\t<div class=\"col-inner text-center\"  >\n\t\t\t\n\t\t\t\n\n  <div class=\"banner has-hover\" id=\"banner-391061548\">\n          <div class=\"banner-inner fill\">\n        <div class=\"banner-bg fill\" >\n            <img loading=\"lazy\" decoding=\"async\" width=\"1000\" height=\"1000\" src=\"https:\/\/e-sais.com\/cajapopularrosario\/wp-content\/uploads\/2025\/08\/ahorrador-infantil-2.jpg\" class=\"bg attachment-large size-large\" alt=\"\" \/>                        <div class=\"overlay\"><\/div>            \n\t<div class=\"is-border\"\n\t\tstyle=\"border-color:rgba(6, 79, 37, 0.494);border-width:0px 0px 0px 0px;margin:0px 0px 0px 0px;\">\n\t<\/div>\n                    <\/div>\n\t\t\n        <div class=\"banner-layers container\">\n            <div class=\"fill banner-link\"><\/div>            \n   <div id=\"text-box-98287508\" class=\"text-box banner-layer x50 md-x50 lg-x50 y90 md-y90 lg-y90 res-text\">\n                                <div class=\"text-box-content text \">\n              \n              <div class=\"text-inner text-center\">\n                  \n<a data-animate=\"fadeInRight\" href=\"https:\/\/cajapopularrosario.coop\/ahorrador-infantil\/\" class=\"button white is-shade\" >\n\t\t<span>AHORRADOR INFANTIL<\/span>\n\t<\/a>\n\n              <\/div>\n           <\/div>\n                            \n<style>\n#text-box-98287508 .text-box-content {\n  background-color: rgba(255, 255, 255, 0);\n  font-size: 96%;\n}\n#text-box-98287508 .text-inner {\n  padding: 5px 30px 10px 30px;\n}\n#text-box-98287508 {\n  width: 100%;\n}\n@media (min-width:550px) {\n  #text-box-98287508 .text-box-content {\n    font-size: 157%;\n  }\n}\n<\/style>\n    <\/div>\n \n        <\/div>\n      <\/div>\n\n            \n<style>\n#banner-391061548 {\n  padding-top: 99.99%;\n}\n#banner-391061548 .overlay {\n  background-color: rgba(0, 0, 0, 0.2);\n}\n<\/style>\n  <\/div>\n\n\n\t\t<\/div>\n\t\t\t\t\t<\/div>\n\n\t\n<\/div>\n<div class=\"row align-center\"  id=\"row-1014254582\">\n\n\t<div id=\"col-543170068\" class=\"col medium-10 small-12 large-10\"  >\n\t\t\t\t<div class=\"col-inner\"  >\n\t\t\t\n\t\t\t\n<div class=\"p-3fz9779 pagelayer-text fadeInRight pagelayer-wow\">\n<div class=\"pagelayer-text-holder\" style=\"text-align: JUSTIFY;\"><span style=\"font-size: 75%;\" data-line-height=\"xs\">\u201c\u00danicamente est\u00e1n garantizados por el Fondo de supervisi\u00f3n auxiliar de Sociedades Cooperativas de Ahorro y Pr\u00e9stamo y de protecci\u00f3n a sus ahorradores los dep\u00f3sitos de dinero: a la vista, de ahorro, a plazo fijo, retirables en d\u00edas preestablecidos o con previo aviso, hasta por el equivalente a 25 mil UDIS por persona f\u00edsica o moral, cualquiera que sea el n\u00famero y clase de operaciones a su favor y a cargo de una misma Instituci\u00f3n Financiera, en caso de que se declare su disoluci\u00f3n y liquidaci\u00f3n, o se declare su concurso mercantil.\u00a0Dicho fondo de protecci\u00f3n, cubrir\u00e1 el principal y accesorios de los dep\u00f3sitos de dinero referidos a la fecha en que se hubiere declarado la disoluci\u00f3n y liquidaci\u00f3n de la Sociedad Cooperativa de Ahorro y Pr\u00e9stamo o declarado su concurso mercantil, descontando el saldo insoluto de los pr\u00e9stamos o con respecto a los cuales sea deudor el Socio Ahorrador de que se trate, por lo que para estos efectos dichos pr\u00e9stamos o cr\u00e9ditos vencer\u00e1n de manera anticipada\u201d.\u00a0<\/span><\/div>\n<\/div>\n<div class=\"p-uoh9264 pagelayer-text fadeInRight pagelayer-wow\">\n<div class=\"pagelayer-text-holder\" style=\"text-align: left;\"><span style=\"font-size: 75%;\" data-line-height=\"xs\"><strong>Equivalente del fondo de protecci\u00f3n a conversi\u00f3n en pesos moneda nacional\u00a0\u00a0<\/strong>\u00a0<strong>$216,365.00 , calculado al 14 de Agosto del 2025.<\/strong><\/span><\/div>\n<\/div>\n\t\t<\/div>\n\t\t\t\t\t<\/div>\n\n\t\n<\/div>\n\t\t<\/div>\n\n\t\t\n<style>\n#section_1149732466 {\n  padding-top: 60px;\n  padding-bottom: 60px;\n  min-height: 300px;\n  background-color: rgb(245, 245, 245);\n}\n<\/style>\n\t<\/section>\n\t\n","protected":false},"excerpt":{"rendered":"","protected":false},"author":5,"featured_media":0,"parent":0,"menu_order":0,"comment_status":"closed","ping_status":"closed","template":"page-blank.php","meta":{"footnotes":""},"class_list":["post-4997","page","type-page","status-publish","hentry"],"_links":{"self":[{"href":"https:\/\/e-sais.com\/cajapopularrosario\/wp-json\/wp\/v2\/pages\/4997","targetHints":{"allow":["GET"]}}],"collection":[{"href":"https:\/\/e-sais.com\/cajapopularrosario\/wp-json\/wp\/v2\/pages"}],"about":[{"href":"https:\/\/e-sais.com\/cajapopularrosario\/wp-json\/wp\/v2\/types\/page"}],"author":[{"embeddable":true,"href":"https:\/\/e-sais.com\/cajapopularrosario\/wp-json\/wp\/v2\/users\/5"}],"replies":[{"embeddable":true,"href":"https:\/\/e-sais.com\/cajapopularrosario\/wp-json\/wp\/v2\/comments?post=4997"}],"version-history":[{"count":51,"href":"https:\/\/e-sais.com\/cajapopularrosario\/wp-json\/wp\/v2\/pages\/4997\/revisions"}],"predecessor-version":[{"id":9776,"href":"https:\/\/e-sais.com\/cajapopularrosario\/wp-json\/wp\/v2\/pages\/4997\/revisions\/9776"}],"wp:attachment":[{"href":"https:\/\/e-sais.com\/cajapopularrosario\/wp-json\/wp\/v2\/media?parent=4997"}],"curies":[{"name":"wp","href":"https:\/\/api.w.org\/{rel}","templated":true}]}}