{"id":5211,"date":"2024-07-02T21:38:58","date_gmt":"2024-07-02T21:38:58","guid":{"rendered":"https:\/\/e-sais.com\/cajapopularrosario\/?page_id=1767"},"modified":"2025-11-25T21:50:15","modified_gmt":"2025-11-26T04:50:15","slug":"proteccion-al-ahorro-4","status":"publish","type":"page","link":"https:\/\/e-sais.com\/cajapopularrosario\/proteccion-al-ahorro-4\/","title":{"rendered":"Protecci\u00f3n al Ahorro"},"content":{"rendered":"\n  <div class=\"banner has-hover\" id=\"banner-1511365203\">\n          <div class=\"banner-inner fill\">\n        <div class=\"banner-bg fill\" >\n            <img loading=\"lazy\" decoding=\"async\" width=\"1500\" height=\"1200\" src=\"https:\/\/e-sais.com\/cajapopularrosario\/wp-content\/uploads\/2025\/11\/proteccion-al-ahorro-bg.jpg\" class=\"bg attachment-original size-original\" alt=\"\" \/>                                    \n                    <\/div>\n\t\t\n        <div class=\"banner-layers container\">\n            <div class=\"fill banner-link\"><\/div>            \n\t<div class=\"img has-hover x50 md-x50 lg-x50 y30 md-y25 lg-y25\" id=\"image_118704200\">\n\t\t\t\t<div data-parallax-fade=\"true\" data-parallax=\"-5\">\t\t<div data-animate=\"fadeInRight\">\t\t<div class=\"img-inner box-shadow-3 dark\" >\n\t\t\t<img loading=\"lazy\" decoding=\"async\" width=\"1337\" height=\"638\" src=\"https:\/\/e-sais.com\/cajapopularrosario\/wp-content\/uploads\/2025\/09\/proteccion-al-ahorro.png\" class=\"attachment-original size-original\" alt=\"\" srcset=\"https:\/\/e-sais.com\/cajapopularrosario\/wp-content\/uploads\/2025\/09\/proteccion-al-ahorro.png 1337w, https:\/\/e-sais.com\/cajapopularrosario\/wp-content\/uploads\/2025\/09\/proteccion-al-ahorro-300x143.png 300w, https:\/\/e-sais.com\/cajapopularrosario\/wp-content\/uploads\/2025\/09\/proteccion-al-ahorro-1024x489.png 1024w, https:\/\/e-sais.com\/cajapopularrosario\/wp-content\/uploads\/2025\/09\/proteccion-al-ahorro-768x366.png 768w\" sizes=\"auto, (max-width: 1337px) 100vw, 1337px\" \/>\t\t\t\t\t\t\n\t\t\t\t\t<\/div>\n\t\t<\/div>\t\t<\/div>\t\t\t\t\n<style>\n#image_118704200 {\n  width: 92%;\n}\n@media (min-width:550px) {\n  #image_118704200 {\n    width: 42%;\n  }\n}\n<\/style>\n\t<\/div>\n\t\n        <\/div>\n      <\/div>\n\n            \n<style>\n#banner-1511365203 {\n  padding-top: 500px;\n}\n#banner-1511365203 .banner-bg img {\n  object-position: 52% 50%;\n}\n<\/style>\n  <\/div>\n\n\n\n\t<section class=\"section\" id=\"section_1857086566\">\n\t\t<div class=\"section-bg fill\" >\n\t\t\t\t\t\t\t\t\t\n\t\t\t\n\n\t\t<\/div>\n\n\t\t\n\n\t\t<div class=\"section-content relative\">\n\t\t\t\n<div class=\"row align-center\"  id=\"row-394334763\">\n\n\t<div id=\"col-48503744\" class=\"col medium-6 small-12 large-6\"  >\n\t\t\t\t<div class=\"col-inner text-center\"  >\n\t\t\t\n\t\t\t\n<div class=\"p-gma2503 pagelayer-collapse pagelayer-animation-grow\">\n<div class=\"pagelayer-collapse-holder\" data-icon=\"fas fa-book-reader\" data-active_icon=\"fas fa-minus\">\n<div class=\"p-j7n537 pagelayer-accordion_item active\">\n<div class=\"pagelayer-accordion-panel\">\n<div class=\"p-nfw7825 pagelayer-inner_row pagelayer-row-stretch-auto pagelayer-height-default\">\n<div class=\"pagelayer-row-holder pagelayer-row pagelayer-auto pagelayer-width-auto\">\n<div class=\"p-7mc1184 pagelayer-col\">\n<div class=\"pagelayer-col-holder\">\n<div class=\"p-vqy2698 pagelayer-list\">\n<div class=\"p-vuu480 pagelayer-list_item\">\n<div class=\"p-a7u2796 pagelayer-list\">\n<div class=\"p-flx2349 pagelayer-list_item\">\n<h2><a class=\"pagelayer-accordion-tabs\">Caracter\u00edsticas<\/a><\/h2>\n<ul>\n<li class=\"pagelayer-list-li\" style=\"text-align: left;\"><span class=\"pagelayer-list-icon-holder\"><span class=\"pagelayer-list-item\">Servicio gratuito.<\/span><\/span><\/li>\n<\/ul>\n<\/div>\n<\/div>\n<div class=\"p-s8f6791 pagelayer-list\" style=\"text-align: left;\">\n<div class=\"p-2un1759 pagelayer-list_item\">\n<ul>\n<li class=\"pagelayer-list-li\"><span class=\"pagelayer-list-icon-holder\"><i class=\"pagelayer-list-icon fas fa-angle-right\"><\/i><span class=\"pagelayer-list-item\">Protege tu ahorro en un 100% de lo que tengas ahorrado al momento del deceso.<\/span><\/span><\/li>\n<\/ul>\n<\/div>\n<\/div>\n<div class=\"p-mog7155 pagelayer-list\" style=\"text-align: left;\">\n<div class=\"p-fe69578 pagelayer-list_item\">\n<ul>\n<li class=\"pagelayer-list-li\"><span class=\"pagelayer-list-icon-holder\"><i class=\"pagelayer-list-icon fas fa-angle-right\"><\/i><span class=\"pagelayer-list-item\">Monto de protecci\u00f3n, hasta $150,000.00<br \/><\/span><\/span><\/li>\n<\/ul>\n<\/div>\n<\/div>\n<div class=\"p-ayd9865 pagelayer-list\" style=\"text-align: left;\">\n<div class=\"p-mh45967 pagelayer-list_item\">\n<ul>\n<li class=\"pagelayer-list-li\"><span class=\"pagelayer-list-icon-holder\"><i class=\"pagelayer-list-icon fas fa-angle-right\"><\/i><span class=\"pagelayer-list-item\">No quedar\u00e1n protegidos los dep\u00f3sitos realizados en los \u00faltimos seis meses de vida del socio si fallece despu\u00e9s de los 70 a\u00f1os de edad.<br \/><\/span><\/span><\/li>\n<\/ul>\n<\/div>\n<\/div>\n<div class=\"p-juo9396 pagelayer-list\" style=\"text-align: left;\">\n<div class=\"p-psj5375 pagelayer-list_item\">\n<ul>\n<li class=\"pagelayer-list-li\">\n<p>No quedar\u00e1n protegidos los dep\u00f3sitos de socios que no se encuentren en capacidad de trabajo y\/o gozando de buena salud cuando lleven a cabo la operaci\u00f3n.<\/p>\n<\/li>\n<\/ul>\n<\/div>\n<\/div>\n<div class=\"p-8tg1550 pagelayer-list\" style=\"text-align: left;\">\n<div class=\"p-iit5676 pagelayer-list_item\">\n<ul>\n<li class=\"pagelayer-list-li\"><span class=\"pagelayer-list-icon-holder\"><i class=\"pagelayer-list-icon fas fa-angle-right\"><\/i><span class=\"pagelayer-list-item\">La cobertura de ahorro tendr\u00e1 un tiempo de espera de seis meses, contados a partir de que el socio haya ingresado a Caja Popular Rosario, en caso de muerte accidental y\/o violenta, no se utilizar\u00e1 este tiempo de espera.<br \/><\/span><\/span><\/li>\n<\/ul>\n<\/div>\n<\/div>\n<div class=\"p-rh41423 pagelayer-list\">\n<div class=\"p-iac702 pagelayer-list_item\">\n<ul>\n<li class=\"pagelayer-list-li\" style=\"text-align: left;\"><span class=\"pagelayer-list-icon-holder\"><i class=\"pagelayer-list-icon fas fa-angle-right\"><\/i><span class=\"pagelayer-list-item\">Los dep\u00f3sitos en inversi\u00f3n a plazo fijo y cuenta corriente, no est\u00e1n protegidos y\/o asegurados.<\/span><\/span><\/li>\n<\/ul>\n<\/div>\n<\/div>\n<\/div>\n<\/div>\n<\/div>\n<\/div>\n<\/div>\n<\/div>\n<\/div>\n<\/div>\n<\/div>\n<\/div>\n\t\t<\/div>\n\t\t\t\t\t<\/div>\n\n\t\n<\/div>\n\t\t<\/div>\n\n\t\t\n<style>\n#section_1857086566 {\n  padding-top: 60px;\n  padding-bottom: 60px;\n  min-height: 300px;\n  background-color: rgb(245, 245, 245);\n}\n<\/style>\n\t<\/section>\n\t\n","protected":false},"excerpt":{"rendered":"","protected":false},"author":5,"featured_media":0,"parent":0,"menu_order":0,"comment_status":"closed","ping_status":"closed","template":"page-blank.php","meta":{"footnotes":""},"class_list":["post-5211","page","type-page","status-publish","hentry"],"_links":{"self":[{"href":"https:\/\/e-sais.com\/cajapopularrosario\/wp-json\/wp\/v2\/pages\/5211","targetHints":{"allow":["GET"]}}],"collection":[{"href":"https:\/\/e-sais.com\/cajapopularrosario\/wp-json\/wp\/v2\/pages"}],"about":[{"href":"https:\/\/e-sais.com\/cajapopularrosario\/wp-json\/wp\/v2\/types\/page"}],"author":[{"embeddable":true,"href":"https:\/\/e-sais.com\/cajapopularrosario\/wp-json\/wp\/v2\/users\/5"}],"replies":[{"embeddable":true,"href":"https:\/\/e-sais.com\/cajapopularrosario\/wp-json\/wp\/v2\/comments?post=5211"}],"version-history":[{"count":20,"href":"https:\/\/e-sais.com\/cajapopularrosario\/wp-json\/wp\/v2\/pages\/5211\/revisions"}],"predecessor-version":[{"id":9714,"href":"https:\/\/e-sais.com\/cajapopularrosario\/wp-json\/wp\/v2\/pages\/5211\/revisions\/9714"}],"wp:attachment":[{"href":"https:\/\/e-sais.com\/cajapopularrosario\/wp-json\/wp\/v2\/media?parent=5211"}],"curies":[{"name":"wp","href":"https:\/\/api.w.org\/{rel}","templated":true}]}}