{"id":5414,"date":"2024-07-02T21:29:20","date_gmt":"2024-07-03T04:29:20","guid":{"rendered":"https:\/\/e-sais.com\/cajapopularrosario\/?page_id=1639"},"modified":"2025-11-25T19:51:49","modified_gmt":"2025-11-26T02:51:49","slug":"credi-contigo-6","status":"publish","type":"page","link":"https:\/\/e-sais.com\/cajapopularrosario\/credi-contigo-6\/","title":{"rendered":"Cr\u00e9di-Contigo"},"content":{"rendered":"\n  <div class=\"banner has-hover has-parallax\" id=\"banner-894450613\">\n          <div class=\"banner-inner fill\">\n        <div class=\"banner-bg fill\" data-parallax=\"-3\" data-parallax-container=\".banner\" data-parallax-background>\n            <img loading=\"lazy\" decoding=\"async\" width=\"1920\" height=\"1080\" src=\"https:\/\/e-sais.com\/cajapopularrosario\/wp-content\/uploads\/2025\/11\/credicontigo-bg.jpg\" class=\"bg attachment-original size-original\" alt=\"\" \/>                                    \n                    <\/div>\n\t\t\n        <div class=\"banner-layers container\">\n            <div class=\"fill banner-link\"><\/div>            \n\t<div class=\"img has-hover x50 md-x0 lg-x0 y10 md-y30 lg-y30\" id=\"image_1855931882\">\n\t\t\t\t\t\t<div data-animate=\"fadeInRight\">\t\t<div class=\"img-inner dark\" >\n\t\t\t<img loading=\"lazy\" decoding=\"async\" width=\"1020\" height=\"397\" src=\"https:\/\/e-sais.com\/cajapopularrosario\/wp-content\/uploads\/2025\/09\/credi-contigo-1024x399.png\" class=\"attachment-large size-large\" alt=\"\" srcset=\"https:\/\/e-sais.com\/cajapopularrosario\/wp-content\/uploads\/2025\/09\/credi-contigo-1024x399.png 1024w, https:\/\/e-sais.com\/cajapopularrosario\/wp-content\/uploads\/2025\/09\/credi-contigo-300x117.png 300w, https:\/\/e-sais.com\/cajapopularrosario\/wp-content\/uploads\/2025\/09\/credi-contigo-768x299.png 768w, https:\/\/e-sais.com\/cajapopularrosario\/wp-content\/uploads\/2025\/09\/credi-contigo.png 1233w\" sizes=\"auto, (max-width: 1020px) 100vw, 1020px\" \/>\t\t\t\t\t\t\n\t\t\t\t\t<\/div>\n\t\t<\/div>\t\t\t\t\t\t\n<style>\n#image_1855931882 {\n  width: 97%;\n}\n@media (min-width:550px) {\n  #image_1855931882 {\n    width: 51%;\n  }\n}\n<\/style>\n\t<\/div>\n\t\n\t<div class=\"img has-hover x95 md-x95 lg-x95 y100 md-y100 lg-y100\" id=\"image_1194554874\">\n\t\t\t\t\t\t<div data-animate=\"fadeInRight\">\t\t<div class=\"img-inner dark\" >\n\t\t\t<img loading=\"lazy\" decoding=\"async\" width=\"727\" height=\"985\" src=\"https:\/\/e-sais.com\/cajapopularrosario\/wp-content\/uploads\/2025\/11\/credi-contigo-mujer-bg.png\" class=\"attachment-large size-large\" alt=\"\" srcset=\"https:\/\/e-sais.com\/cajapopularrosario\/wp-content\/uploads\/2025\/11\/credi-contigo-mujer-bg.png 727w, https:\/\/e-sais.com\/cajapopularrosario\/wp-content\/uploads\/2025\/11\/credi-contigo-mujer-bg-221x300.png 221w\" sizes=\"auto, (max-width: 727px) 100vw, 727px\" \/>\t\t\t\t\t\t\n\t\t\t\t\t<\/div>\n\t\t<\/div>\t\t\t\t\t\t\n<style>\n#image_1194554874 {\n  width: 72%;\n}\n@media (min-width:550px) {\n  #image_1194554874 {\n    width: 33%;\n  }\n}\n<\/style>\n\t<\/div>\n\t\n   <div id=\"text-box-906060374\" class=\"text-box banner-layer x50 md-x0 lg-x0 y95 md-y90 lg-y90 res-text\">\n                                <div class=\"text-box-content text dark text-shadow-5\">\n              \n              <div class=\"text-inner text-center\">\n                  \n\t<div id=\"text-778535250\" class=\"text\">\n\t\t\n<div class=\"p-zgn4693 pagelayer-collapse pagelayer-animation-grow\">\n<div class=\"pagelayer-collapse-holder\" data-icon=\"fas fa-coins\" data-active_icon=\"fas fa-minus\">\n<div class=\"p-8hs7907 pagelayer-accordion_item active\">\n<div class=\"pagelayer-accordion-panel\">\n<div class=\"p-eyy379 pagelayer-inner_row pagelayer-row-stretch-auto pagelayer-height-default\">\n<div class=\"pagelayer-row-holder pagelayer-row pagelayer-auto pagelayer-width-auto\">\n<div class=\"p-gdk5348 pagelayer-col\">\n<div class=\"pagelayer-col-holder\">\n<div class=\"p-hn12471 pagelayer-list\">\n<div class=\"p-jpf8856 pagelayer-list_item\">\n<div class=\"p-qxu2903 pagelayer-heading\" align=\"center\">\n<div class=\"pagelayer-heading-holder\">\n<div class=\"p-wy16139 pagelayer-heading\" align=\"center\">\n<div class=\"pagelayer-heading-holder\">\n<div class=\"p-h0x9107 pagelayer-heading\" align=\"center\">\n<div class=\"pagelayer-heading-holder\">\n<h3 style=\"text-align: center;\"><strong>Pr\u00e9stamos desde $10,000.00 hasta $85,000.00<\/strong><\/h3>\n<\/div>\n<\/div>\n<\/div>\n<\/div>\n<p style=\"text-align: center;\"><strong>Cr\u00e9dito de consumo para cubrir cualquier necesidad, imprevisto o inversi\u00f3n.<\/strong><\/p>\n<\/div>\n<\/div>\n<\/div>\n<\/div>\n<\/div>\n<\/div>\n<\/div>\n<\/div>\n<\/div>\n<\/div>\n<\/div>\n<\/div>\n\t\t\n<style>\n#text-778535250 {\n  text-align: center;\n}\n<\/style>\n\t<\/div>\n\t\n              <\/div>\n           <\/div>\n                            \n<style>\n#text-box-906060374 .text-box-content {\n  background-color: rgba(148, 99, 0, 0.634);\n  font-size: 76%;\n}\n#text-box-906060374 .text-inner {\n  padding: 20px 20px 20px 20px;\n}\n#text-box-906060374 {\n  width: 71%;\n}\n@media (min-width:550px) {\n  #text-box-906060374 {\n    width: 46%;\n  }\n  #text-box-906060374 .text-box-content {\n    font-size: 100%;\n  }\n}\n<\/style>\n    <\/div>\n \n\t<div class=\"img has-hover x5 md-x70 lg-x70 y35 md-y5 lg-y5\" id=\"image_788872643\">\n\t\t\t\t\t\t<div data-animate=\"fadeInDown\">\t\t<div class=\"img-inner dark\" >\n\t\t\t<img loading=\"lazy\" decoding=\"async\" width=\"633\" height=\"472\" src=\"https:\/\/e-sais.com\/cajapopularrosario\/wp-content\/uploads\/2025\/09\/pensamiento-credi-contigo.png\" class=\"attachment-large size-large\" alt=\"\" srcset=\"https:\/\/e-sais.com\/cajapopularrosario\/wp-content\/uploads\/2025\/09\/pensamiento-credi-contigo.png 633w, https:\/\/e-sais.com\/cajapopularrosario\/wp-content\/uploads\/2025\/09\/pensamiento-credi-contigo-300x224.png 300w\" sizes=\"auto, (max-width: 633px) 100vw, 633px\" \/>\t\t\t\t\t\t\n\t\t\t\t\t<\/div>\n\t\t<\/div>\t\t\t\t\t\t\n<style>\n#image_788872643 {\n  width: 44%;\n}\n@media (min-width:550px) {\n  #image_788872643 {\n    width: 26%;\n  }\n}\n<\/style>\n\t<\/div>\n\t\n        <\/div>\n      <\/div>\n\n            \n<style>\n#banner-894450613 {\n  padding-top: 700px;\n}\n#banner-894450613 .banner-bg img {\n  object-position: 88% 50%;\n}\n<\/style>\n  <\/div>\n\n\n\n\t<section class=\"section\" id=\"section_1926689788\">\n\t\t<div class=\"section-bg fill\" >\n\t\t\t\t\t\t\t\t\t\n\t\t\t\n\n\t\t<\/div>\n\n\t\t\n\n\t\t<div class=\"section-content relative\">\n\t\t\t\n<div class=\"row align-center\"  id=\"row-1432941468\">\n\n\t<div id=\"col-471027872\" class=\"col medium-6 small-12 large-6\"  >\n\t\t\t\t<div class=\"col-inner text-center\"  >\n\t\t\t\n\t\t\t\n<div class=\"p-9qd4914 pagelayer-list pagelayer-animation-grow\">\n<div class=\"p-55z3551 pagelayer-list_item\">\n<h1>Consideraciones<\/h1>\n<div class=\"p-wkn8190 pagelayer-text fadeInLeft pagelayer-wow\">\n<div class=\"pagelayer-text-holder\">\n<p>Para fines informativos y de comparaci\u00f3n.<\/p>\n<\/div>\n<\/div>\n<\/div>\n<\/div>\n\t<div class=\"img has-hover x md-x lg-x y md-y lg-y\" id=\"image_2130908896\">\n\t\t\t\t\t\t\t\t<div class=\"img-inner dark\" >\n\t\t\t<img loading=\"lazy\" decoding=\"async\" width=\"580\" height=\"200\" src=\"https:\/\/e-sais.com\/cajapopularrosario\/wp-content\/uploads\/2025\/09\/CAT-CREDI-CONTIGO.png\" class=\"attachment-large size-large\" alt=\"\" srcset=\"https:\/\/e-sais.com\/cajapopularrosario\/wp-content\/uploads\/2025\/09\/CAT-CREDI-CONTIGO.png 580w, https:\/\/e-sais.com\/cajapopularrosario\/wp-content\/uploads\/2025\/09\/CAT-CREDI-CONTIGO-300x103.png 300w\" sizes=\"auto, (max-width: 580px) 100vw, 580px\" \/>\t\t\t\t\t\t\n\t\t\t\t\t<\/div>\n\t\t\t\t\t\t\t\t\n<style>\n#image_2130908896 {\n  width: 100%;\n}\n<\/style>\n\t<\/div>\n\t\n<div class=\"p-9qd4914 pagelayer-list pagelayer-animation-grow\">\n<div class=\"p-55z3551 pagelayer-list_item\">\n<div class=\"p-q9v752 pagelayer-text fadeInLeft pagelayer-wow\">\n<div class=\"pagelayer-text-holder\">\n<div class=\"p-j952140 pagelayer-text fadeInLeft pagelayer-wow\">\n<div class=\"pagelayer-text-holder\">\n<p style=\"text-align: justify;\"><strong>(Costo anual total) CAT Promedio 26.9% \u00abSIN IVA\u00bb,<\/strong> expresado en t\u00e9rminos porcentuales anuales para fines informativos y de comparaci\u00f3n. Fecha de c\u00e1lculo del CAT 22\/09\/2025.<\/p>\n<\/div>\n<\/div>\n<div class=\"p-nqq8875 pagelayer-text fadeInLeft pagelayer-wow\" style=\"text-align: justify;\">\n<div class=\"pagelayer-text-holder\">\n<p>Nuestras tasas de inter\u00e9s son fijas, presentadas antes de impuestos, expresadas en t\u00e9rminos porcentuales, Moneda Nacional.<\/p>\n<\/div>\n<\/div>\n<div class=\"p-pvc33 pagelayer-text fadeInLeft pagelayer-wow\">\n<div class=\"pagelayer-text-holder\">\n<p style=\"text-align: justify;\"><strong>\u201cLa autorizaci\u00f3n del pr\u00e9stamo queda sujeta a la demostraci\u00f3n de la capacidad de pago\u201d.<\/strong><\/p>\n<\/div>\n<\/div>\n<\/div>\n<\/div>\n<\/div>\n<\/div>\n\t\t<\/div>\n\t\t\t\t\t<\/div>\n\n\t\n<\/div>\n\t\t<\/div>\n\n\t\t\n<style>\n#section_1926689788 {\n  padding-top: 60px;\n  padding-bottom: 60px;\n  min-height: 300px;\n  background-color: rgb(245, 245, 245);\n}\n<\/style>\n\t<\/section>\n\t\n\n\t<section class=\"section has-mask mask-arrow\" id=\"section_692266488\">\n\t\t<div class=\"section-bg fill\" >\n\t\t\t\t\t\t\t\t\t\n\t\t\t\n\n\t\t<\/div>\n\n\t\t\n\n\t\t<div class=\"section-content relative\">\n\t\t\t\n<div class=\"row align-center\"  id=\"row-2047103586\">\n\n\t<div id=\"col-1578406362\" class=\"col medium-8 small-12 large-8\"  >\n\t\t\t\t<div class=\"col-inner text-center\"  >\n\t\t\t\n\t\t\t\n\t<div class=\"img has-hover x md-x lg-x y md-y lg-y\" id=\"image_736507269\">\n\t\t\t\t\t\t<div data-animate=\"bounceIn\">\t\t<div class=\"img-inner dark\" >\n\t\t\t<img loading=\"lazy\" decoding=\"async\" width=\"1020\" height=\"1020\" src=\"https:\/\/e-sais.com\/cajapopularrosario\/wp-content\/uploads\/2025\/09\/19-1024x1024.png\" class=\"attachment-large size-large\" alt=\"\" srcset=\"https:\/\/e-sais.com\/cajapopularrosario\/wp-content\/uploads\/2025\/09\/19-1024x1024.png 1024w, https:\/\/e-sais.com\/cajapopularrosario\/wp-content\/uploads\/2025\/09\/19-300x300.png 300w, https:\/\/e-sais.com\/cajapopularrosario\/wp-content\/uploads\/2025\/09\/19-150x150.png 150w, https:\/\/e-sais.com\/cajapopularrosario\/wp-content\/uploads\/2025\/09\/19-768x768.png 768w, https:\/\/e-sais.com\/cajapopularrosario\/wp-content\/uploads\/2025\/09\/19.png 1080w\" sizes=\"auto, (max-width: 1020px) 100vw, 1020px\" \/>\t\t\t\t\t\t\n\t\t\t\t\t<\/div>\n\t\t<\/div>\t\t\t\t\t\t\n<style>\n#image_736507269 {\n  width: 21%;\n}\n<\/style>\n\t<\/div>\n\t\n<h1 style=\"text-align: left;\">Sujetos a cr\u00e9dito<\/h1>\n<div class=\"p-ecj9111 pagelayer-list_item\">\n<p style=\"text-align: left;\"><span class=\"pagelayer-list-icon-holder\"><span class=\"pagelayer-list-item\">Socio(a) de Caja Popular Rosario y contar con solvencia moral y econ\u00f3mica para este tipo de cr\u00e9dito.<\/span><\/span><\/p>\n<\/div>\n<div class=\"accordion\">\n\t<div id=\"accordion-3201389532\" class=\"accordion-item\">\n\t\t<a id=\"accordion-3201389532-label\" class=\"accordion-title plain\" href=\"#accordion-item-caracter\u00cdsticas\" aria-expanded=\"false\" aria-controls=\"accordion-3201389532-content\">\n\t\t\t<button class=\"toggle\" aria-label=\"Toggle\"><i class=\"icon-angle-down\" aria-hidden=\"true\"><\/i><\/button>\n\t\t\t<span>CARACTER\u00cdSTICAS<\/span>\n\t\t<\/a>\n\t\t<div id=\"accordion-3201389532-content\" class=\"accordion-inner\" aria-labelledby=\"accordion-3201389532-label\">\n\t\t\t\n<div class=\"p-ecj9111 pagelayer-list_item\">\n<h1 style=\"text-align: left;\">\u00a0<\/h1>\n<div class=\"p-jtt1600 pagelayer-list\" style=\"text-align: left;\">\n<div class=\"p-qhi714 pagelayer-list_item\">\n<div class=\"p-z9l9679 pagelayer-list\">\n<div class=\"p-bfz9863 pagelayer-list_item\">\n<div class=\"p-vl1208 pagelayer-list\">\n<div class=\"p-gzz1271 pagelayer-list_item\">\n<ul>\n<li class=\"pagelayer-list-li\"><span class=\"pagelayer-list-icon-holder\"><span class=\"pagelayer-list-item\">Pr\u00e9stamos desde $10,000.00 hasta $85,000.00.<br \/><\/span><\/span><\/li>\n<\/ul>\n<\/div>\n<\/div>\n<div class=\"p-zfd5807 pagelayer-list\">\n<div class=\"p-kaj1998 pagelayer-list_item\">\n<ul>\n<li class=\"pagelayer-list-li\">\n<p>Plazo desde 6 hasta 60 meses.<\/p>\n<\/li>\n<\/ul>\n<\/div>\n<\/div>\n<div class=\"p-pbn6505 pagelayer-list\">\n<div class=\"p-zgc8644 pagelayer-list_item\">\n<ul>\n<li class=\"pagelayer-list-li\"><span class=\"pagelayer-list-icon-holder\"><i class=\"pagelayer-list-icon fas fa-angle-right\"><\/i><span class=\"pagelayer-list-item\"><strong>Tasas de inter\u00e9s anual ordinaria fija del 24% \u00abantes de impuestos\u00bb.<\/strong><br \/><\/span><\/span><\/li>\n<\/ul>\n<\/div>\n<\/div>\n<div class=\"p-azr5498 pagelayer-list\">\n<div class=\"p-zrh3914 pagelayer-list_item\">\n<ul>\n<li class=\"pagelayer-list-li\"><span class=\"pagelayer-list-icon-holder\"><i class=\"pagelayer-list-icon fas fa-angle-right\"><\/i><span class=\"pagelayer-list-item\">Pagos sobre saldos insolutos y contamos con la modalidad de pagos fijos.<br \/><\/span><\/span><\/li>\n<\/ul>\n<\/div>\n<\/div>\n<div class=\"p-3pf6500 pagelayer-list\">\n<div class=\"p-9av4510 pagelayer-list_item\">\n<ul>\n<li class=\"pagelayer-list-li\"><span class=\"pagelayer-list-icon-holder\"><i class=\"pagelayer-list-icon fas fa-angle-right\"><\/i><span class=\"pagelayer-list-item\">Los montos son expresados en moneda nacional.<br \/><\/span><\/span><\/li>\n<\/ul>\n<\/div>\n<\/div>\n<div class=\"p-zq22370 pagelayer-list\">\n<div class=\"p-o3o6548 pagelayer-list_item\">\n<ul>\n<li class=\"pagelayer-list-li\"><span class=\"pagelayer-list-icon-holder\"><i class=\"pagelayer-list-icon fas fa-angle-right\"><\/i><span class=\"pagelayer-list-item\">Nuestros productos se encuentran disponibles en los municipios de El Rosario, Escuinapa y Mazatl\u00e1n Sinaloa.<\/span><\/span><\/li>\n<\/ul>\n<\/div>\n<\/div>\n<h1><a class=\"pagelayer-accordion-tabs\">Comisiones<i class=\"fas fa-minus\"><\/i><\/a><\/h1>\n<div class=\"pagelayer-accordion-panel\">\n<div class=\"p-wz24831 pagelayer-inner_row pagelayer-row-stretch-auto pagelayer-height-default\">\n<div class=\"pagelayer-row-holder pagelayer-row pagelayer-auto pagelayer-width-auto\">\n<div class=\"p-gqn6530 pagelayer-col\">\n<div class=\"pagelayer-col-holder\">\n<div class=\"p-fi62338 pagelayer-list\">\n<div class=\"p-p2x9206 pagelayer-list_item\">\n<ul>\n<li class=\"pagelayer-list-li\"><span class=\"pagelayer-list-icon-holder\"><i class=\"pagelayer-list-icon fas fa-angle-right\"><\/i><span class=\"pagelayer-list-item\">\u00abEste producto no genera ninguna comisi\u00f3n\u00bb<\/span><\/span><\/li>\n<\/ul>\n<\/div>\n<\/div>\n<\/div>\n<\/div>\n<\/div>\n<\/div>\n<\/div>\n<\/div>\n<\/div>\n<\/div>\n<\/div>\n<\/div>\n\t\t<\/div>\n\t<\/div>\n\t\n\t<div id=\"accordion-1800389016\" class=\"accordion-item\">\n\t\t<a id=\"accordion-1800389016-label\" class=\"accordion-title plain\" href=\"#accordion-item-requisitos\" aria-expanded=\"false\" aria-controls=\"accordion-1800389016-content\">\n\t\t\t<button class=\"toggle\" aria-label=\"Toggle\"><i class=\"icon-angle-down\" aria-hidden=\"true\"><\/i><\/button>\n\t\t\t<span>REQUISITOS<\/span>\n\t\t<\/a>\n\t\t<div id=\"accordion-1800389016-content\" class=\"accordion-inner\" aria-labelledby=\"accordion-1800389016-label\">\n\t\t\t\n<h1 style=\"text-align: center;\">\u00a0<\/h1>\n<ul>\n<li style=\"text-align: left;\">Ser socio de Caja Popular Rosario.<\/li>\n<li style=\"text-align: left;\">Identificaci\u00f3n oficial vigente (INE, pasaporte, cartilla militar, c\u00e9dula profesional\u00a0\u00a0y\/o licencia de conducir). <strong>Original y copia para cotejar (solicitante y aval).<\/strong><\/li>\n<li style=\"text-align: left;\">Comprobante de domicilio vigente no mayor a 3 meses de su fecha de emisi\u00f3n (recibo de luz, agua y\/o tel\u00e9fono fijo). <strong>Original y copia para cotejar (solicitante y aval).<\/strong><\/li>\n<li style=\"text-align: left;\">Comprobante de ingresos reciente (presentar m\u00ednimo un mes) (solicitante y aval).<\/li>\n<li style=\"text-align: left;\">Tener una edad de 18 a 79 a\u00f1os.<\/li>\n<li style=\"text-align: left;\">Garant\u00eda financiera del 10%.<\/li>\n<li style=\"text-align: left;\">Aval<\/li>\n<\/ul>\n\t\t<\/div>\n\t<\/div>\n\t\n\t<div id=\"accordion-3077402101\" class=\"accordion-item\">\n\t\t<a id=\"accordion-3077402101-label\" class=\"accordion-title plain\" href=\"#accordion-item-riesgos-inherentes\" aria-expanded=\"false\" aria-controls=\"accordion-3077402101-content\">\n\t\t\t<button class=\"toggle\" aria-label=\"Toggle\"><i class=\"icon-angle-down\" aria-hidden=\"true\"><\/i><\/button>\n\t\t\t<span>RIESGOS INHERENTES<\/span>\n\t\t<\/a>\n\t\t<div id=\"accordion-3077402101-content\" class=\"accordion-inner\" aria-labelledby=\"accordion-3077402101-label\">\n\t\t\t\n<div class=\"p-tzo1222 pagelayer-list\">\n<div class=\"p-bqm7342 pagelayer-list_item\">\n<h2 style=\"text-align: left;\">\u00a0<\/h2>\n<div class=\"p-hfg5704 pagelayer-list\" style=\"text-align: left;\">\n<div class=\"p-zpl3243 pagelayer-list_item\">\n<ul>\n<li class=\"pagelayer-list-li\"><span class=\"pagelayer-list-icon-holder\"><span class=\"pagelayer-list-item\">No cubrirlos en los plazos pactados conforme a lo establecido en el plan de pagos causar\u00e1 una\u00a0tasa de inter\u00e9s anual moratoria fija del 36%\u00a0\u00abantes de impuestos\u00bb.<br \/><\/span><\/span><\/li>\n<\/ul>\n<\/div>\n<\/div>\n<div class=\"p-hvl8846 pagelayer-list\" style=\"text-align: left;\">\n<div class=\"p-ijy1744 pagelayer-list_item\">\n<ul>\n<li class=\"pagelayer-list-li\"><span class=\"pagelayer-list-icon-holder\"><i class=\"pagelayer-list-icon fas fa-angle-right\"><\/i><span class=\"pagelayer-list-item\">Contratar cr\u00e9ditos que excedan tu capacidad de pago puede afectar tu historial crediticio.<br \/><\/span><\/span><\/li>\n<\/ul>\n<\/div>\n<\/div>\n<div class=\"p-nj75129 pagelayer-list\">\n<div class=\"p-2gl797 pagelayer-list_item\">\n<ul>\n<li class=\"pagelayer-list-li\" style=\"text-align: left;\"><span class=\"pagelayer-list-icon-holder\"><i class=\"pagelayer-list-icon fas fa-angle-right\"><\/i><span class=\"pagelayer-list-item\">El avalista u obligado solidario responder\u00e1 como obligado principal por el total del pago frente a la instituci\u00f3n financiera.<\/span><\/span><\/li>\n<\/ul>\n<\/div>\n<\/div>\n<\/div>\n<\/div>\n\t\t<\/div>\n\t<\/div>\n\t\n<\/div>\n\t\t<\/div>\n\t\t\t\t\t<\/div>\n\n\t\n<\/div>\n\t\t<\/div>\n\n\t\t\n<style>\n#section_692266488 {\n  padding-top: 60px;\n  padding-bottom: 60px;\n  min-height: 300px;\n  background-color: rgb(255,255,255);\n}\n<\/style>\n\t<\/section>\n\t\n\n\t<section class=\"section has-mask mask-arrow\" id=\"section_553632854\">\n\t\t<div class=\"section-bg fill\" >\n\t\t\t\t\t\t\t\t\t\n\t\t\t\n\n\t\t<\/div>\n\n\t\t\n\n\t\t<div class=\"section-content relative\">\n\t\t\t\n<div class=\"row align-center\"  id=\"row-1649670063\">\n\n\t<div id=\"col-296207051\" class=\"col medium-5 small-12 large-5\"  >\n\t\t\t\t<div class=\"col-inner text-center\"  >\n\t\t\t\n\t\t\t\n<a href=\"http:\/\/citrixrosario.fortiddns.com:83\/COTIZADORCREDITOS\" target=\"_blank\" class=\"button primary is-shade box-shadow-3 box-shadow-5-hover\" rel=\"noopener\" style=\"border-radius:5px;\">\n\t\t<span>Cotizador<\/span>\n\t<\/a>\n\n\t\t<\/div>\n\t\t\t\t\t<\/div>\n\n\t\n<\/div>\n\t\t<\/div>\n\n\t\t\n<style>\n#section_553632854 {\n  padding-top: 60px;\n  padding-bottom: 60px;\n  min-height: 300px;\n  background-color: rgb(255,255,255);\n}\n<\/style>\n\t<\/section>\n\t\n","protected":false},"excerpt":{"rendered":"","protected":false},"author":5,"featured_media":0,"parent":0,"menu_order":0,"comment_status":"closed","ping_status":"closed","template":"page-blank.php","meta":{"footnotes":""},"class_list":["post-5414","page","type-page","status-publish","hentry"],"_links":{"self":[{"href":"https:\/\/e-sais.com\/cajapopularrosario\/wp-json\/wp\/v2\/pages\/5414","targetHints":{"allow":["GET"]}}],"collection":[{"href":"https:\/\/e-sais.com\/cajapopularrosario\/wp-json\/wp\/v2\/pages"}],"about":[{"href":"https:\/\/e-sais.com\/cajapopularrosario\/wp-json\/wp\/v2\/types\/page"}],"author":[{"embeddable":true,"href":"https:\/\/e-sais.com\/cajapopularrosario\/wp-json\/wp\/v2\/users\/5"}],"replies":[{"embeddable":true,"href":"https:\/\/e-sais.com\/cajapopularrosario\/wp-json\/wp\/v2\/comments?post=5414"}],"version-history":[{"count":43,"href":"https:\/\/e-sais.com\/cajapopularrosario\/wp-json\/wp\/v2\/pages\/5414\/revisions"}],"predecessor-version":[{"id":9672,"href":"https:\/\/e-sais.com\/cajapopularrosario\/wp-json\/wp\/v2\/pages\/5414\/revisions\/9672"}],"wp:attachment":[{"href":"https:\/\/e-sais.com\/cajapopularrosario\/wp-json\/wp\/v2\/media?parent=5414"}],"curies":[{"name":"wp","href":"https:\/\/api.w.org\/{rel}","templated":true}]}}