{"id":5463,"date":"2024-07-02T21:32:02","date_gmt":"2024-07-03T04:32:02","guid":{"rendered":"https:\/\/e-sais.com\/cajapopularrosario\/?page_id=1639"},"modified":"2025-11-25T20:12:23","modified_gmt":"2025-11-26T03:12:23","slug":"credi-facil-7","status":"publish","type":"page","link":"https:\/\/e-sais.com\/cajapopularrosario\/credi-facil-7\/","title":{"rendered":"Cr\u00e9di-F\u00e1cil"},"content":{"rendered":"\n  <div class=\"banner has-hover has-parallax\" id=\"banner-507505593\">\n          <div class=\"banner-inner fill\">\n        <div class=\"banner-bg fill\" data-parallax=\"-6\" data-parallax-container=\".banner\" data-parallax-background>\n            <img loading=\"lazy\" decoding=\"async\" width=\"1920\" height=\"1080\" src=\"https:\/\/e-sais.com\/cajapopularrosario\/wp-content\/uploads\/2025\/11\/credi-facil-bg.jpg\" class=\"bg attachment-original size-original\" alt=\"\" \/>                                    \n                    <\/div>\n\t\t\n        <div class=\"banner-layers container\">\n            <div class=\"fill banner-link\"><\/div>            \n\t<div class=\"img has-hover x50 md-x95 lg-x95 y75 md-y15 lg-y15\" id=\"image_2098204656\">\n\t\t\t\t\t\t<div data-animate=\"fadeInRight\">\t\t<div class=\"img-inner dark\" >\n\t\t\t<img loading=\"lazy\" decoding=\"async\" width=\"1020\" height=\"472\" src=\"https:\/\/e-sais.com\/cajapopularrosario\/wp-content\/uploads\/2025\/09\/credi-facil-logo-1024x474.png\" class=\"attachment-large size-large\" alt=\"\" srcset=\"https:\/\/e-sais.com\/cajapopularrosario\/wp-content\/uploads\/2025\/09\/credi-facil-logo-1024x474.png 1024w, https:\/\/e-sais.com\/cajapopularrosario\/wp-content\/uploads\/2025\/09\/credi-facil-logo-300x139.png 300w, https:\/\/e-sais.com\/cajapopularrosario\/wp-content\/uploads\/2025\/09\/credi-facil-logo-768x355.png 768w, https:\/\/e-sais.com\/cajapopularrosario\/wp-content\/uploads\/2025\/09\/credi-facil-logo.png 1206w\" sizes=\"auto, (max-width: 1020px) 100vw, 1020px\" \/>\t\t\t\t\t\t\n\t\t\t\t\t<\/div>\n\t\t<\/div>\t\t\t\t\t\t\n<style>\n#image_2098204656 {\n  width: 88%;\n}\n@media (min-width:550px) {\n  #image_2098204656 {\n    width: 40%;\n  }\n}\n<\/style>\n\t<\/div>\n\t\n   <div id=\"text-box-388511221\" class=\"text-box banner-layer x50 md-x100 lg-x100 y95 md-y85 lg-y85 res-text\">\n                     <div data-animate=\"fadeInUp\">           <div class=\"text-box-content text box-shadow-3\">\n              \n              <div class=\"text-inner text-center\">\n                  \n\t<div id=\"text-925624423\" class=\"text\">\n\t\t\n<div class=\"p-zgn4693 pagelayer-collapse pagelayer-animation-grow\">\n<div class=\"pagelayer-collapse-holder\" data-icon=\"fas fa-coins\" data-active_icon=\"fas fa-minus\">\n<div class=\"p-8hs7907 pagelayer-accordion_item active\">\n<div class=\"pagelayer-accordion-panel\">\n<div class=\"p-eyy379 pagelayer-inner_row pagelayer-row-stretch-auto pagelayer-height-default\">\n<div class=\"pagelayer-row-holder pagelayer-row pagelayer-auto pagelayer-width-auto\">\n<div class=\"p-gdk5348 pagelayer-col\">\n<div class=\"pagelayer-col-holder\">\n<div class=\"p-hn12471 pagelayer-list\">\n<div class=\"p-jpf8856 pagelayer-list_item\">\n<div class=\"p-qxu2903 pagelayer-heading\" align=\"center\">\n<div class=\"pagelayer-heading-holder\">\n<div align=\"center\">\n<div>\n<div align=\"center\">\n<div>\n<div align=\"center\">\n<div>\n<div align=\"center\">\n<div>\n<div align=\"center\">\n<div>\n<h4>Pr\u00e9stamos desde $8,000.00 hasta $45,000.00<br \/>\u00a1 SIN AVAL !<\/h4>\n<\/div>\n<\/div>\n<\/div>\n<\/div>\n<\/div>\n<\/div>\n<\/div>\n<\/div>\n<\/div>\n<\/div>\n<p><strong>Cr\u00e9dito de consumo para cubrir cualquier necesidad de financiamiento. Est\u00e1 a su disposici\u00f3n para que lo obtenga de forma r\u00e1pida y sencilla. Este producto puede ser adicional a otro cr\u00e9dito que este abonando actualmente y no requiere de aval.<\/strong><\/p>\n<\/div>\n<\/div>\n<\/div>\n<\/div>\n<\/div>\n<\/div>\n<\/div>\n<\/div>\n<\/div>\n<\/div>\n<\/div>\n<\/div>\n\t\t\n<style>\n#text-925624423 {\n  text-align: center;\n}\n<\/style>\n\t<\/div>\n\t\n              <\/div>\n           <\/div>\n       <\/div>                     \n<style>\n#text-box-388511221 .text-box-content {\n  background-color: rgba(255, 255, 255, 0.785);\n  font-size: 76%;\n}\n#text-box-388511221 .text-inner {\n  padding: 10px 10px 10px 10px;\n}\n#text-box-388511221 {\n  width: 95%;\n}\n@media (min-width:550px) {\n  #text-box-388511221 {\n    width: 54%;\n  }\n  #text-box-388511221 .text-box-content {\n    font-size: 100%;\n  }\n}\n<\/style>\n    <\/div>\n \n        <\/div>\n      <\/div>\n\n            \n<style>\n#banner-507505593 {\n  padding-top: 700px;\n}\n#banner-507505593 .banner-bg img {\n  object-position: 16% 43%;\n}\n<\/style>\n  <\/div>\n\n\n\n\t<section class=\"section\" id=\"section_762714475\">\n\t\t<div class=\"section-bg fill\" >\n\t\t\t\t\t\t\t\t\t\n\t\t\t\n\n\t\t<\/div>\n\n\t\t\n\n\t\t<div class=\"section-content relative\">\n\t\t\t\n<div class=\"row align-center\"  id=\"row-277381051\">\n\n\t<div id=\"col-1052762777\" class=\"col medium-6 small-12 large-6\"  >\n\t\t\t\t<div class=\"col-inner text-center\"  >\n\t\t\t\n\t\t\t\n<div class=\"p-9qd4914 pagelayer-list pagelayer-animation-grow\">\n<div class=\"p-55z3551 pagelayer-list_item\">\n<h1>Consideraciones<\/h1>\n<div class=\"p-wkn8190 pagelayer-text fadeInLeft pagelayer-wow\">\n<div class=\"pagelayer-text-holder\">\n<p>Para fines informativos y de comparaci\u00f3n.<\/p>\n<\/div>\n<\/div>\n<\/div>\n<\/div>\n\t<div class=\"img has-hover x md-x lg-x y md-y lg-y\" id=\"image_903585325\">\n\t\t\t\t\t\t\t\t<div class=\"img-inner dark\" >\n\t\t\t<img loading=\"lazy\" decoding=\"async\" width=\"580\" height=\"200\" src=\"https:\/\/e-sais.com\/cajapopularrosario\/wp-content\/uploads\/2025\/11\/FACIL.png\" class=\"attachment-large size-large\" alt=\"\" srcset=\"https:\/\/e-sais.com\/cajapopularrosario\/wp-content\/uploads\/2025\/11\/FACIL.png 580w, https:\/\/e-sais.com\/cajapopularrosario\/wp-content\/uploads\/2025\/11\/FACIL-300x103.png 300w\" sizes=\"auto, (max-width: 580px) 100vw, 580px\" \/>\t\t\t\t\t\t\n\t\t\t\t\t<\/div>\n\t\t\t\t\t\t\t\t\n<style>\n#image_903585325 {\n  width: 100%;\n}\n<\/style>\n\t<\/div>\n\t\n<div class=\"p-9qd4914 pagelayer-list pagelayer-animation-grow\">\n<div class=\"p-55z3551 pagelayer-list_item\">\n<div class=\"p-q9v752 pagelayer-text fadeInLeft pagelayer-wow\">\n<div class=\"pagelayer-text-holder\">\n<div class=\"p-j952140 pagelayer-text fadeInLeft pagelayer-wow\">\n<div class=\"pagelayer-text-holder\">\n<div class=\"p-j952140 pagelayer-text fadeInLeft pagelayer-wow\">\n<div class=\"pagelayer-text-holder\">\n<div class=\"p-j952140 pagelayer-text fadeInLeft pagelayer-wow\">\n<div class=\"pagelayer-text-holder\">\n<div class=\"p-j952140 pagelayer-text fadeInLeft pagelayer-wow\">\n<div class=\"pagelayer-text-holder\">\n<p style=\"text-align: left;\"><strong>(Costo anual total) CAT Promedio 22.0% \u00abSIN IVA\u00bb,<\/strong>\u00a0expresado en t\u00e9rminos porcentuales anuales para fines informativos y de comparaci\u00f3n. Fecha de c\u00e1lculo del CAT 22\/09\/2025.<\/p>\n<\/div>\n<\/div>\n<div class=\"p-nqq8875 pagelayer-text fadeInLeft pagelayer-wow\" style=\"text-align: left;\">\n<div class=\"pagelayer-text-holder\">\n<p>Nuestras tasas de inter\u00e9s son fijas, presentadas antes de impuestos, expresadas en t\u00e9rminos porcentuales, Moneda Nacional.<\/p>\n<\/div>\n<\/div>\n<div class=\"p-pvc33 pagelayer-text fadeInLeft pagelayer-wow\">\n<div class=\"pagelayer-text-holder\">\n<p style=\"text-align: left;\"><strong>\u201cLa autorizaci\u00f3n del pr\u00e9stamo queda sujeta a la demostraci\u00f3n de la capacidad de pago\u201d.<\/strong><\/p>\n<\/div>\n<\/div>\n<\/div>\n<\/div>\n<\/div>\n<\/div>\n<\/div>\n<\/div>\n<\/div>\n<\/div>\n<\/div>\n<\/div>\n\t\t<\/div>\n\t\t\t\t\t<\/div>\n\n\t\n<\/div>\n\t\t<\/div>\n\n\t\t\n<style>\n#section_762714475 {\n  padding-top: 60px;\n  padding-bottom: 60px;\n  min-height: 300px;\n  background-color: rgb(245, 245, 245);\n}\n<\/style>\n\t<\/section>\n\t\n\n\t<section class=\"section has-mask mask-arrow\" id=\"section_201233265\">\n\t\t<div class=\"section-bg fill\" >\n\t\t\t\t\t\t\t\t\t\n\t\t\t\n\n\t\t<\/div>\n\n\t\t\n\n\t\t<div class=\"section-content relative\">\n\t\t\t\n<div class=\"row align-center\"  id=\"row-1237376813\">\n\n\t<div id=\"col-1399341672\" class=\"col medium-6 small-12 large-6\"  >\n\t\t\t\t<div class=\"col-inner text-center\"  >\n\t\t\t\n\t\t\t\n\t<div class=\"img has-hover x md-x lg-x y md-y lg-y\" id=\"image_976126524\">\n\t\t\t\t\t\t<div data-animate=\"bounceIn\">\t\t<div class=\"img-inner dark\" >\n\t\t\t<img loading=\"lazy\" decoding=\"async\" width=\"1020\" height=\"1020\" src=\"https:\/\/e-sais.com\/cajapopularrosario\/wp-content\/uploads\/2025\/09\/19-1024x1024.png\" class=\"attachment-large size-large\" alt=\"\" srcset=\"https:\/\/e-sais.com\/cajapopularrosario\/wp-content\/uploads\/2025\/09\/19-1024x1024.png 1024w, https:\/\/e-sais.com\/cajapopularrosario\/wp-content\/uploads\/2025\/09\/19-300x300.png 300w, https:\/\/e-sais.com\/cajapopularrosario\/wp-content\/uploads\/2025\/09\/19-150x150.png 150w, https:\/\/e-sais.com\/cajapopularrosario\/wp-content\/uploads\/2025\/09\/19-768x768.png 768w, https:\/\/e-sais.com\/cajapopularrosario\/wp-content\/uploads\/2025\/09\/19.png 1080w\" sizes=\"auto, (max-width: 1020px) 100vw, 1020px\" \/>\t\t\t\t\t\t\n\t\t\t\t\t<\/div>\n\t\t<\/div>\t\t\t\t\t\t\n<style>\n#image_976126524 {\n  width: 21%;\n}\n<\/style>\n\t<\/div>\n\t\n<h1 style=\"text-align: center;\">Sujetos a cr\u00e9dito<\/h1>\n<div class=\"p-ecj9111 pagelayer-list_item\">\n<p style=\"text-align: center;\"><span class=\"pagelayer-list-icon-holder\"><span class=\"pagelayer-list-item\">Socio(a) de Caja Popular Rosario y contar con solvencia moral y econ\u00f3mica para este tipo de cr\u00e9dito.<\/span><\/span><\/p>\n<\/div>\n<div class=\"accordion\">\n\t<div id=\"accordion-3520247767\" class=\"accordion-item\">\n\t\t<a id=\"accordion-3520247767-label\" class=\"accordion-title plain\" href=\"#accordion-item-caracter\u00cdsticas\" aria-expanded=\"false\" aria-controls=\"accordion-3520247767-content\">\n\t\t\t<button class=\"toggle\" aria-label=\"Toggle\"><i class=\"icon-angle-down\" aria-hidden=\"true\"><\/i><\/button>\n\t\t\t<span>CARACTER\u00cdSTICAS<\/span>\n\t\t<\/a>\n\t\t<div id=\"accordion-3520247767-content\" class=\"accordion-inner\" aria-labelledby=\"accordion-3520247767-label\">\n\t\t\t\n<div class=\"p-ecj9111 pagelayer-list_item\">\n<p style=\"text-align: left;\">\u00a0<\/p>\n<div class=\"p-jtt1600 pagelayer-list\" style=\"text-align: left;\">\n<div class=\"p-qhi714 pagelayer-list_item\">\n<div class=\"p-z9l9679 pagelayer-list\">\n<div class=\"p-bfz9863 pagelayer-list_item\">\n<div class=\"p-zq22370 pagelayer-list\">\n<div class=\"p-o3o6548 pagelayer-list_item\">\n<div class=\"p-asl2414 pagelayer-list\">\n<div class=\"p-pf18632 pagelayer-list_item\">\n<div class=\"p-sb48713 pagelayer-list\">\n<div class=\"p-m0f1132 pagelayer-list_item\">\n<div class=\"p-psk6381 pagelayer-list\">\n<div class=\"p-pih3500 pagelayer-list_item\">\n<ul>\n<li class=\"pagelayer-list-li\"><span class=\"pagelayer-list-icon-holder\"><span class=\"pagelayer-list-item\">Prestamos desde $8,000.00 hasta $30,000.00.<br \/><\/span><\/span><\/li>\n<\/ul>\n<\/div>\n<\/div>\n<div class=\"p-rkb567 pagelayer-list\">\n<div class=\"p-xkb4713 pagelayer-list_item\">\n<ul>\n<li class=\"pagelayer-list-li\"><span class=\"pagelayer-list-icon-holder\"><i class=\"pagelayer-list-icon fas fa-angle-right\"><\/i><span class=\"pagelayer-list-item\">Plazos de 6 hasta 48 meses.<\/span><\/span><\/li>\n<\/ul>\n<\/div>\n<\/div>\n<div class=\"p-y7q6258 pagelayer-list\">\n<div class=\"p-olq4757 pagelayer-list_item\">\n<ul>\n<li class=\"pagelayer-list-li\"><span class=\"pagelayer-list-icon-holder\"><i class=\"pagelayer-list-icon fas fa-angle-right\"><\/i><span class=\"pagelayer-list-item\">Cumplir con historial en Caja Popular Rosario de 2 cr\u00e9ditos como m\u00ednimo.<br \/><\/span><\/span><\/li>\n<\/ul>\n<\/div>\n<\/div>\n<div class=\"p-u1l5597 pagelayer-list\">\n<div class=\"p-buo1828 pagelayer-list_item\">\n<ul>\n<li class=\"pagelayer-list-li\"><span class=\"pagelayer-list-icon-holder\"><i class=\"pagelayer-list-icon fas fa-angle-right\"><\/i><span class=\"pagelayer-list-item\">Tasa de inter\u00e9s anual ordinaria fija del 22% \u00abantes de impuestos\u00bb.<br \/><\/span><\/span><\/li>\n<\/ul>\n<\/div>\n<\/div>\n<div class=\"p-ykx4424 pagelayer-list\">\n<div class=\"p-4rs2477 pagelayer-list_item\">\n<ul>\n<li class=\"pagelayer-list-li\"><span class=\"pagelayer-list-icon-holder\"><i class=\"pagelayer-list-icon fas fa-angle-right\"><\/i><span class=\"pagelayer-list-item\">El pago de intereses es sobre saldos insolutos, adem\u00e1s contamos con la modalidad de pagos fijos.<br \/><\/span><\/span><\/li>\n<\/ul>\n<\/div>\n<\/div>\n<div class=\"p-iwv8653 pagelayer-list\">\n<div class=\"p-szv3488 pagelayer-list_item\">\n<ul>\n<li class=\"pagelayer-list-li\"><span class=\"pagelayer-list-icon-holder\"><i class=\"pagelayer-list-icon fas fa-angle-right\"><\/i><span class=\"pagelayer-list-item\">No aplica para destino agropecuario.<br \/><\/span><\/span><\/li>\n<\/ul>\n<\/div>\n<\/div>\n<div class=\"p-ua67885 pagelayer-list\">\n<div class=\"p-nal8808 pagelayer-list_item\">\n<ul>\n<li class=\"pagelayer-list-li\"><span class=\"pagelayer-list-icon-holder\"><i class=\"pagelayer-list-icon fas fa-angle-right\"><\/i><span class=\"pagelayer-list-item\">Los montos son expresados \u200b\u200ben moneda nacional.<br \/><\/span><\/span><\/li>\n<\/ul>\n<\/div>\n<\/div>\n<div class=\"p-ht8651 pagelayer-list\">\n<div class=\"p-pn32449 pagelayer-list_item\">\n<ul>\n<li class=\"pagelayer-list-li\"><span class=\"pagelayer-list-icon-holder\"><i class=\"pagelayer-list-icon fas fa-angle-right\"><\/i><span class=\"pagelayer-list-item\">Nuestros productos se encuentran disponibles en los municipios de El Rosario, Escuinapa y Mazatl\u00e1n Sinaloa.<\/span><\/span><\/li>\n<\/ul>\n<\/div>\n<\/div>\n<\/div>\n<\/div>\n<\/div>\n<\/div>\n<\/div>\n<\/div>\n<h1><a class=\"pagelayer-accordion-tabs\">Comisiones<i class=\"fas fa-minus\"><\/i><\/a><\/h1>\n<div class=\"pagelayer-accordion-panel\">\n<div class=\"p-wz24831 pagelayer-inner_row pagelayer-row-stretch-auto pagelayer-height-default\">\n<div class=\"pagelayer-row-holder pagelayer-row pagelayer-auto pagelayer-width-auto\">\n<div class=\"p-gqn6530 pagelayer-col\">\n<div class=\"pagelayer-col-holder\">\n<div class=\"p-fi62338 pagelayer-list\">\n<div class=\"p-p2x9206 pagelayer-list_item\">\n<ul>\n<li class=\"pagelayer-list-li\"><span class=\"pagelayer-list-icon-holder\"><i class=\"pagelayer-list-icon fas fa-angle-right\"><\/i><span class=\"pagelayer-list-item\">\u00abEste producto no genera ninguna comisi\u00f3n\u00bb<\/span><\/span><\/li>\n<\/ul>\n<\/div>\n<\/div>\n<\/div>\n<\/div>\n<\/div>\n<\/div>\n<\/div>\n<\/div>\n<\/div>\n<\/div>\n<\/div>\n<\/div>\n\t\t<\/div>\n\t<\/div>\n\t\n\t<div id=\"accordion-3255873915\" class=\"accordion-item\">\n\t\t<a id=\"accordion-3255873915-label\" class=\"accordion-title plain\" href=\"#accordion-item-requisitos\" aria-expanded=\"false\" aria-controls=\"accordion-3255873915-content\">\n\t\t\t<button class=\"toggle\" aria-label=\"Toggle\"><i class=\"icon-angle-down\" aria-hidden=\"true\"><\/i><\/button>\n\t\t\t<span>REQUISITOS<\/span>\n\t\t<\/a>\n\t\t<div id=\"accordion-3255873915-content\" class=\"accordion-inner\" aria-labelledby=\"accordion-3255873915-label\">\n\t\t\t\n<p style=\"text-align: left;\">\u00a0<\/p>\n<ul>\n<li style=\"text-align: left;\">\u00a0Ser socio de Caja Popular Rosario.\u00a0<\/li>\n<li style=\"text-align: left;\">Identificaci\u00f3n oficial vigente (INE, pasaporte,\u00a0cartilla militar, c\u00e9dula profesional\u00a0\u00a0y\/o licencia de conducir).\u00a0\u00a0\u00a0Original y copia para cotejar.<\/li>\n<li style=\"text-align: left;\">Comprobante de domicilio vigente no mayor a 3 meses de su fecha de emisi\u00f3n (recibo de luz, agua y\/o tel\u00e9fono fijo). Original y copia para cotejar.<\/li>\n<li style=\"text-align: left;\">Comprobante de ingresos recientes (presentar m\u00ednimo un mes).\u00a0<\/li>\n<li style=\"text-align: left;\">Sin aval.<\/li>\n<li style=\"text-align: left;\">Tener una edad de 22 a 75 a\u00f1os.<\/li>\n<li style=\"text-align: left;\">Garant\u00eda financiera del 5% del monto solicitado.\u00a0<\/li>\n<li style=\"text-align: left;\">En caso de contar con alg\u00fan cr\u00e9dito deber\u00e1 de estar al corriente.<\/li>\n<\/ul>\n\t\t<\/div>\n\t<\/div>\n\t\n\t<div id=\"accordion-351588735\" class=\"accordion-item\">\n\t\t<a id=\"accordion-351588735-label\" class=\"accordion-title plain\" href=\"#accordion-item-riesgos-inherentes\" aria-expanded=\"false\" aria-controls=\"accordion-351588735-content\">\n\t\t\t<button class=\"toggle\" aria-label=\"Toggle\"><i class=\"icon-angle-down\" aria-hidden=\"true\"><\/i><\/button>\n\t\t\t<span>RIESGOS INHERENTES<\/span>\n\t\t<\/a>\n\t\t<div id=\"accordion-351588735-content\" class=\"accordion-inner\" aria-labelledby=\"accordion-351588735-label\">\n\t\t\t\n<p style=\"text-align: left;\">\u00a0<\/p>\n<div class=\"p-ndd9136 pagelayer-list\" style=\"text-align: left;\">\n<div class=\"p-c8f4139 pagelayer-list_item\">\n<ul>\n<li class=\"pagelayer-list-li\"><span class=\"pagelayer-list-icon-holder\"><span class=\"pagelayer-list-item\">No cubrirlos en los plazos pactados conforme a lo establecido en el plan de pagos causar\u00e1 una\u00a0\u00a0tasa de inter\u00e9s anual moratoria fija del 36%\u00a0\u00a0\u00abantes de impuestos\u00bb<br \/><\/span><\/span><\/li>\n<\/ul>\n<\/div>\n<\/div>\n<div class=\"p-vuk2775 pagelayer-list\">\n<div class=\"p-fu58457 pagelayer-list_item\">\n<ul>\n<li class=\"pagelayer-list-li\" style=\"text-align: left;\">Contratar cr\u00e9ditos que exceden tu capacidad de pago puede afectar tu historial crediticio.<\/li>\n<\/ul>\n<\/div>\n<\/div>\n\t\t<\/div>\n\t<\/div>\n\t\n<\/div>\n\t\t<\/div>\n\t\t\t\t\t<\/div>\n\n\t\n<\/div>\n\t\t<\/div>\n\n\t\t\n<style>\n#section_201233265 {\n  padding-top: 60px;\n  padding-bottom: 60px;\n  min-height: 300px;\n  background-color: rgb(255,255,255);\n}\n<\/style>\n\t<\/section>\n\t\n\n\t<section class=\"section has-mask mask-arrow\" id=\"section_1149912524\">\n\t\t<div class=\"section-bg fill\" >\n\t\t\t\t\t\t\t\t\t\n\t\t\t\n\n\t\t<\/div>\n\n\t\t\n\n\t\t<div class=\"section-content relative\">\n\t\t\t\n<div class=\"row align-center\"  id=\"row-501000109\">\n\n\t<div id=\"col-722139122\" class=\"col medium-5 small-12 large-5\"  >\n\t\t\t\t<div class=\"col-inner text-center\"  >\n\t\t\t\n\t\t\t\n<a href=\"http:\/\/citrixrosario.fortiddns.com:83\/COTIZADORCREDITOS\" target=\"_blank\" class=\"button primary is-shade box-shadow-3 box-shadow-5-hover\" rel=\"noopener\" style=\"border-radius:5px;\">\n\t\t<span>Cotizador<\/span>\n\t<\/a>\n\n\t\t<\/div>\n\t\t\t\t\t<\/div>\n\n\t\n<\/div>\n\t\t<\/div>\n\n\t\t\n<style>\n#section_1149912524 {\n  padding-top: 60px;\n  padding-bottom: 60px;\n  min-height: 300px;\n  background-color: rgb(255,255,255);\n}\n<\/style>\n\t<\/section>\n\t\n","protected":false},"excerpt":{"rendered":"","protected":false},"author":5,"featured_media":0,"parent":0,"menu_order":0,"comment_status":"closed","ping_status":"closed","template":"page-blank.php","meta":{"footnotes":""},"class_list":["post-5463","page","type-page","status-publish","hentry"],"_links":{"self":[{"href":"https:\/\/e-sais.com\/cajapopularrosario\/wp-json\/wp\/v2\/pages\/5463","targetHints":{"allow":["GET"]}}],"collection":[{"href":"https:\/\/e-sais.com\/cajapopularrosario\/wp-json\/wp\/v2\/pages"}],"about":[{"href":"https:\/\/e-sais.com\/cajapopularrosario\/wp-json\/wp\/v2\/types\/page"}],"author":[{"embeddable":true,"href":"https:\/\/e-sais.com\/cajapopularrosario\/wp-json\/wp\/v2\/users\/5"}],"replies":[{"embeddable":true,"href":"https:\/\/e-sais.com\/cajapopularrosario\/wp-json\/wp\/v2\/comments?post=5463"}],"version-history":[{"count":44,"href":"https:\/\/e-sais.com\/cajapopularrosario\/wp-json\/wp\/v2\/pages\/5463\/revisions"}],"predecessor-version":[{"id":9687,"href":"https:\/\/e-sais.com\/cajapopularrosario\/wp-json\/wp\/v2\/pages\/5463\/revisions\/9687"}],"wp:attachment":[{"href":"https:\/\/e-sais.com\/cajapopularrosario\/wp-json\/wp\/v2\/media?parent=5463"}],"curies":[{"name":"wp","href":"https:\/\/api.w.org\/{rel}","templated":true}]}}