{"id":5480,"date":"2024-07-02T21:32:37","date_gmt":"2024-07-03T04:32:37","guid":{"rendered":"https:\/\/e-sais.com\/cajapopularrosario\/?page_id=1639"},"modified":"2025-11-25T19:57:19","modified_gmt":"2025-11-26T02:57:19","slug":"credi-confia-4","status":"publish","type":"page","link":"https:\/\/e-sais.com\/cajapopularrosario\/credi-confia-4\/","title":{"rendered":"Cr\u00e9di-Conf\u00eda"},"content":{"rendered":"\n  <div class=\"banner has-hover has-parallax\" id=\"banner-1173659787\">\n          <div class=\"banner-inner fill\">\n        <div class=\"banner-bg fill\" data-parallax=\"-6\" data-parallax-container=\".banner\" data-parallax-background>\n            <img loading=\"lazy\" decoding=\"async\" width=\"1920\" height=\"1080\" src=\"https:\/\/e-sais.com\/cajapopularrosario\/wp-content\/uploads\/2025\/11\/credi-confia-bg.jpg\" class=\"bg attachment-original size-original\" alt=\"\" \/>                                    \n                    <\/div>\n\t\t\n        <div class=\"banner-layers container\">\n            <div class=\"fill banner-link\"><\/div>            \n\t<div class=\"img has-hover x50 md-x50 lg-x50 y20 md-y20 lg-y20\" id=\"image_840842038\">\n\t\t\t\t\t\t<div data-animate=\"fadeInRight\">\t\t<div class=\"img-inner dark\" >\n\t\t\t<img loading=\"lazy\" decoding=\"async\" width=\"1020\" height=\"331\" src=\"https:\/\/e-sais.com\/cajapopularrosario\/wp-content\/uploads\/2025\/09\/credi-confia-logo-1024x332.png\" class=\"attachment-large size-large\" alt=\"\" srcset=\"https:\/\/e-sais.com\/cajapopularrosario\/wp-content\/uploads\/2025\/09\/credi-confia-logo-1024x332.png 1024w, https:\/\/e-sais.com\/cajapopularrosario\/wp-content\/uploads\/2025\/09\/credi-confia-logo-300x97.png 300w, https:\/\/e-sais.com\/cajapopularrosario\/wp-content\/uploads\/2025\/09\/credi-confia-logo-768x249.png 768w, https:\/\/e-sais.com\/cajapopularrosario\/wp-content\/uploads\/2025\/09\/credi-confia-logo.png 1447w\" sizes=\"auto, (max-width: 1020px) 100vw, 1020px\" \/>\t\t\t\t\t\t\n\t\t\t\t\t<\/div>\n\t\t<\/div>\t\t\t\t\t\t\n<style>\n#image_840842038 {\n  width: 88%;\n}\n@media (min-width:550px) {\n  #image_840842038 {\n    width: 51%;\n  }\n}\n<\/style>\n\t<\/div>\n\t\n   <div id=\"text-box-1920167835\" class=\"text-box banner-layer x50 md-x50 lg-x50 y50 md-y85 lg-y85 res-text\">\n                     <div data-animate=\"fadeInUp\">           <div class=\"text-box-content text dark\">\n              \n              <div class=\"text-inner text-center\">\n                  \n<div class=\"p-zgn4693 pagelayer-collapse pagelayer-animation-grow\">\n<div class=\"pagelayer-collapse-holder\" data-icon=\"fas fa-coins\" data-active_icon=\"fas fa-minus\">\n<div class=\"p-8hs7907 pagelayer-accordion_item active\">\n<div class=\"pagelayer-accordion-panel\">\n<div class=\"p-eyy379 pagelayer-inner_row pagelayer-row-stretch-auto pagelayer-height-default\">\n<div class=\"pagelayer-row-holder pagelayer-row pagelayer-auto pagelayer-width-auto\">\n<div class=\"p-gdk5348 pagelayer-col\">\n<div class=\"pagelayer-col-holder\">\n<div class=\"p-hn12471 pagelayer-list\">\n<div class=\"p-jpf8856 pagelayer-list_item\">\n<div class=\"p-qxu2903 pagelayer-heading\" align=\"center\">\n<div class=\"pagelayer-heading-holder\">\n<div class=\"p-wy16139 pagelayer-heading\" align=\"center\">\n<div class=\"pagelayer-heading-holder\">\n<div class=\"p-h0x9107 pagelayer-heading\" align=\"center\">\n<div class=\"pagelayer-heading-holder\">\n<div class=\"p-vfp6881 pagelayer-heading\" align=\"center\">\n<div class=\"pagelayer-heading-holder\">\n<h4><span style=\"font-size: 130%;\"><strong><span style=\"color: #ffcc00;\">Pr\u00e9stamos<\/span><span style=\"color: #99cc00;\"> desde $2,000.00 hasta $8,000.00<\/span><br \/><\/strong><span style=\"color: #ffcc00;\"><strong><em>\u00a1 SIN AVAL !<\/em><\/strong><\/span><\/span><\/h4>\n<\/div>\n<\/div>\n<\/div>\n<\/div>\n<\/div>\n<\/div>\n<p style=\"text-align: center;\"><strong>Cr\u00e9dito de uso personal para cubrir imprevistos o cualquier\u00a0 necesidad, Este producto puede ser adicional a otro que este abonando actualmente.<\/strong><\/p>\n<\/div>\n<\/div>\n<\/div>\n<\/div>\n<\/div>\n<\/div>\n<\/div>\n<\/div>\n<\/div>\n<\/div>\n<\/div>\n<\/div>\n              <\/div>\n           <\/div>\n       <\/div>                     \n<style>\n#text-box-1920167835 .text-box-content {\n  background-color: rgba(123, 113, 96, 0.802);\n  font-size: 76%;\n}\n#text-box-1920167835 .text-inner {\n  padding: 10px 10px 10px 10px;\n}\n#text-box-1920167835 {\n  width: 82%;\n}\n@media (min-width:550px) {\n  #text-box-1920167835 {\n    width: 61%;\n  }\n  #text-box-1920167835 .text-box-content {\n    font-size: 100%;\n  }\n}\n<\/style>\n    <\/div>\n \n        <\/div>\n      <\/div>\n\n            \n<style>\n#banner-1173659787 {\n  padding-top: 700px;\n}\n#banner-1173659787 .banner-bg img {\n  object-position: 54% 33%;\n}\n<\/style>\n  <\/div>\n\n\n\n\t<section class=\"section\" id=\"section_825051824\">\n\t\t<div class=\"section-bg fill\" >\n\t\t\t\t\t\t\t\t\t\n\t\t\t\n\n\t\t<\/div>\n\n\t\t\n\n\t\t<div class=\"section-content relative\">\n\t\t\t\n<div class=\"row align-center\"  id=\"row-189873281\">\n\n\t<div id=\"col-1578467717\" class=\"col medium-6 small-12 large-6\"  >\n\t\t\t\t<div class=\"col-inner text-center\"  >\n\t\t\t\n\t\t\t\n<div class=\"p-9qd4914 pagelayer-list pagelayer-animation-grow\">\n<div class=\"p-55z3551 pagelayer-list_item\">\n<h1>Consideraciones<\/h1>\n<div class=\"p-wkn8190 pagelayer-text fadeInLeft pagelayer-wow\">\n<div class=\"pagelayer-text-holder\">\n<p>Para fines informativos y de comparaci\u00f3n.<\/p>\n<\/div>\n<\/div>\n<\/div>\n<\/div>\n\t<div class=\"img has-hover x md-x lg-x y md-y lg-y\" id=\"image_25922064\">\n\t\t\t\t\t\t\t\t<div class=\"img-inner dark\" >\n\t\t\t<img loading=\"lazy\" decoding=\"async\" width=\"580\" height=\"200\" src=\"https:\/\/e-sais.com\/cajapopularrosario\/wp-content\/uploads\/2025\/09\/credi-confia.png\" class=\"attachment-large size-large\" alt=\"\" srcset=\"https:\/\/e-sais.com\/cajapopularrosario\/wp-content\/uploads\/2025\/09\/credi-confia.png 580w, https:\/\/e-sais.com\/cajapopularrosario\/wp-content\/uploads\/2025\/09\/credi-confia-300x103.png 300w\" sizes=\"auto, (max-width: 580px) 100vw, 580px\" \/>\t\t\t\t\t\t\n\t\t\t\t\t<\/div>\n\t\t\t\t\t\t\t\t\n<style>\n#image_25922064 {\n  width: 100%;\n}\n<\/style>\n\t<\/div>\n\t\n<div class=\"p-9qd4914 pagelayer-list pagelayer-animation-grow\">\n<div class=\"p-55z3551 pagelayer-list_item\">\n<div class=\"p-q9v752 pagelayer-text fadeInLeft pagelayer-wow\">\n<div class=\"pagelayer-text-holder\">\n<div class=\"p-j952140 pagelayer-text fadeInLeft pagelayer-wow\">\n<div class=\"pagelayer-text-holder\">\n<div class=\"p-j952140 pagelayer-text fadeInLeft pagelayer-wow\">\n<div class=\"pagelayer-text-holder\">\n<p style=\"text-align: left;\">(Costo anual total) CAT Promedio\u00a0 26.9% \u00abSIN IVA\u00bb, expresado en t\u00e9rminos porcentuales anuales para fines informativos y de comparaci\u00f3n. Fecha de c\u00e1lculo del CAT 22\/09\/2025.<\/p>\n<\/div>\n<\/div>\n<div class=\"p-nqq8875 pagelayer-text fadeInLeft pagelayer-wow\" style=\"text-align: left;\">\n<div class=\"pagelayer-text-holder\">\n<p>Nuestras tasas de inter\u00e9s son fijas, presentadas antes de impuestos, expresadas en t\u00e9rminos porcentuales, Moneda Nacional.<\/p>\n<\/div>\n<\/div>\n<div class=\"p-pvc33 pagelayer-text fadeInLeft pagelayer-wow\">\n<div class=\"pagelayer-text-holder\">\n<p style=\"text-align: left;\"><strong>\u201cLa autorizaci\u00f3n del pr\u00e9stamo queda sujeta a la demostraci\u00f3n de la capacidad de pago\u201d.<\/strong><\/p>\n<\/div>\n<\/div>\n<\/div>\n<\/div>\n<\/div>\n<\/div>\n<\/div>\n<\/div>\n\t\t<\/div>\n\t\t\t\t\t<\/div>\n\n\t\n<\/div>\n\t\t<\/div>\n\n\t\t\n<style>\n#section_825051824 {\n  padding-top: 60px;\n  padding-bottom: 60px;\n  min-height: 300px;\n  background-color: rgb(245, 245, 245);\n}\n<\/style>\n\t<\/section>\n\t\n\n\t<section class=\"section has-mask mask-arrow\" id=\"section_1575899934\">\n\t\t<div class=\"section-bg fill\" >\n\t\t\t\t\t\t\t\t\t\n\t\t\t\n\n\t\t<\/div>\n\n\t\t\n\n\t\t<div class=\"section-content relative\">\n\t\t\t\n<div class=\"row align-center\"  id=\"row-1388571510\">\n\n\t<div id=\"col-840826856\" class=\"col medium-8 small-12 large-8\"  >\n\t\t\t\t<div class=\"col-inner text-center\"  >\n\t\t\t\n\t\t\t\n\t<div class=\"img has-hover x md-x lg-x y md-y lg-y\" id=\"image_1271366130\">\n\t\t\t\t\t\t<div data-animate=\"bounceIn\">\t\t<div class=\"img-inner dark\" >\n\t\t\t<img loading=\"lazy\" decoding=\"async\" width=\"1020\" height=\"1020\" src=\"https:\/\/e-sais.com\/cajapopularrosario\/wp-content\/uploads\/2025\/09\/19-1024x1024.png\" class=\"attachment-large size-large\" alt=\"\" srcset=\"https:\/\/e-sais.com\/cajapopularrosario\/wp-content\/uploads\/2025\/09\/19-1024x1024.png 1024w, https:\/\/e-sais.com\/cajapopularrosario\/wp-content\/uploads\/2025\/09\/19-300x300.png 300w, https:\/\/e-sais.com\/cajapopularrosario\/wp-content\/uploads\/2025\/09\/19-150x150.png 150w, https:\/\/e-sais.com\/cajapopularrosario\/wp-content\/uploads\/2025\/09\/19-768x768.png 768w, https:\/\/e-sais.com\/cajapopularrosario\/wp-content\/uploads\/2025\/09\/19.png 1080w\" sizes=\"auto, (max-width: 1020px) 100vw, 1020px\" \/>\t\t\t\t\t\t\n\t\t\t\t\t<\/div>\n\t\t<\/div>\t\t\t\t\t\t\n<style>\n#image_1271366130 {\n  width: 21%;\n}\n<\/style>\n\t<\/div>\n\t\n<h1 style=\"text-align: center;\">Sujetos a cr\u00e9dito<\/h1>\n<div class=\"p-ecj9111 pagelayer-list_item\">\n<p style=\"text-align: center;\"><span class=\"pagelayer-list-icon-holder\"><span class=\"pagelayer-list-item\">Socio(a) de Caja Popular Rosario y contar con solvencia moral y econ\u00f3mica para este tipo de cr\u00e9dito.<\/span><\/span><\/p>\n<\/div>\n<div class=\"accordion\">\n\t<div id=\"accordion-4023636666\" class=\"accordion-item\">\n\t\t<a id=\"accordion-4023636666-label\" class=\"accordion-title plain\" href=\"#accordion-item-caracter\u00cdsticas\" aria-expanded=\"false\" aria-controls=\"accordion-4023636666-content\">\n\t\t\t<button class=\"toggle\" aria-label=\"Toggle\"><i class=\"icon-angle-down\" aria-hidden=\"true\"><\/i><\/button>\n\t\t\t<span>CARACTER\u00cdSTICAS<\/span>\n\t\t<\/a>\n\t\t<div id=\"accordion-4023636666-content\" class=\"accordion-inner\" aria-labelledby=\"accordion-4023636666-label\">\n\t\t\t\n<div class=\"p-ecj9111 pagelayer-list_item\">\n<p style=\"text-align: left;\">\u00a0<\/p>\n<div class=\"p-jtt1600 pagelayer-list\" style=\"text-align: left;\">\n<div class=\"p-qhi714 pagelayer-list_item\">\n<div class=\"p-z9l9679 pagelayer-list\">\n<div class=\"p-bfz9863 pagelayer-list_item\">\n<div class=\"p-zq22370 pagelayer-list\">\n<div class=\"p-o3o6548 pagelayer-list_item\">\n<div class=\"p-asl2414 pagelayer-list\">\n<div class=\"p-pf18632 pagelayer-list_item\">\n<ul>\n<li class=\"pagelayer-list-li\"><span class=\"pagelayer-list-icon-holder\"><span class=\"pagelayer-list-item\">Pr\u00e9stamos desde $2,000.00 hasta $8,000.00.<\/span><\/span><\/li>\n<li class=\"pagelayer-list-li\"><span class=\"pagelayer-list-icon-holder\"><span class=\"pagelayer-list-item\">Plazos de 3 hasta 12 meses.<br \/><\/span><\/span><i class=\"pagelayer-list-icon fas fa-angle-right\"><\/i><\/li>\n<li class=\"pagelayer-list-li\"><span class=\"pagelayer-list-icon-holder\"><span class=\"pagelayer-list-item\">Tasa inter\u00e9s anual ordinaria fija del 24% \u00abantes de impuestos\u00bb.<br \/><\/span><\/span><i class=\"pagelayer-list-icon fas fa-angle-right\"><\/i><\/li>\n<li class=\"pagelayer-list-li\"><span class=\"pagelayer-list-icon-holder\"><span class=\"pagelayer-list-item\">Pagos\u00a0 peri\u00f3dicos de 30 d\u00edas sobre saldos insolutos y contamos con la modalidad de pagos fijos.<\/span><\/span><\/li>\n<li class=\"pagelayer-list-li\">Los montos son expresados en moneda nacional<\/li>\n<li class=\"pagelayer-list-li\"><span class=\"pagelayer-list-icon-holder\"><span class=\"pagelayer-list-item\">Nuestros productos se encuentran disponibles en los municipios de El Rosario, Escuinapa y Mazatl\u00e1n Sinaloa.<\/span><\/span><\/li>\n<\/ul>\n<\/div>\n<\/div>\n<\/div>\n<\/div>\n<h1><a class=\"pagelayer-accordion-tabs\">Comisiones<i class=\"fas fa-minus\"><\/i><\/a><\/h1>\n<div class=\"pagelayer-accordion-panel\">\n<div class=\"p-wz24831 pagelayer-inner_row pagelayer-row-stretch-auto pagelayer-height-default\">\n<div class=\"pagelayer-row-holder pagelayer-row pagelayer-auto pagelayer-width-auto\">\n<div class=\"p-gqn6530 pagelayer-col\">\n<div class=\"pagelayer-col-holder\">\n<div class=\"p-fi62338 pagelayer-list\">\n<div class=\"p-p2x9206 pagelayer-list_item\">\n<ul>\n<li class=\"pagelayer-list-li\"><span class=\"pagelayer-list-icon-holder\"><i class=\"pagelayer-list-icon fas fa-angle-right\"><\/i><span class=\"pagelayer-list-item\">\u00abEste producto no genera ninguna comisi\u00f3n\u00bb<\/span><\/span><\/li>\n<\/ul>\n<\/div>\n<\/div>\n<\/div>\n<\/div>\n<\/div>\n<\/div>\n<\/div>\n<\/div>\n<\/div>\n<\/div>\n<\/div>\n<\/div>\n\t\t<\/div>\n\t<\/div>\n\t\n\t<div id=\"accordion-2992080644\" class=\"accordion-item\">\n\t\t<a id=\"accordion-2992080644-label\" class=\"accordion-title plain\" href=\"#accordion-item-requisitos\" aria-expanded=\"false\" aria-controls=\"accordion-2992080644-content\">\n\t\t\t<button class=\"toggle\" aria-label=\"Toggle\"><i class=\"icon-angle-down\" aria-hidden=\"true\"><\/i><\/button>\n\t\t\t<span>REQUISITOS<\/span>\n\t\t<\/a>\n\t\t<div id=\"accordion-2992080644-content\" class=\"accordion-inner\" aria-labelledby=\"accordion-2992080644-label\">\n\t\t\t\n<h1 style=\"text-align: left;\">\u00a0<\/h1>\n<ul>\n<li style=\"text-align: left;\">Ser socio de Caja Popular Rosario.<\/li>\n<li style=\"text-align: left;\">Identificaci\u00f3n oficial vigente (INE, pasaporte, cartilla militar, c\u00e9dula profesional\u00a0\u00a0y\/o licencia de conducir). Original y copia para cotejar.<\/li>\n<li style=\"text-align: left;\">Comprobante de domicilio vigente no mayor a 3 meses de su fecha de emisi\u00f3n (recibo de luz, agua y\/o tel\u00e9fono fijo). Original y copia para cotejar.<\/li>\n<li style=\"text-align: left;\">En caso de ser primer cr\u00e9dito, se solicita comprobante de ingresos reciente (presentar m\u00ednimo un mes) (solicitante y aval).<\/li>\n<li style=\"text-align: left;\">Garant\u00eda financiera del 10% del monto a solicitar.<\/li>\n<li style=\"text-align: left;\">Sin aval.<\/li>\n<\/ul>\n\t\t<\/div>\n\t<\/div>\n\t\n\t<div id=\"accordion-622839391\" class=\"accordion-item\">\n\t\t<a id=\"accordion-622839391-label\" class=\"accordion-title plain\" href=\"#accordion-item-riesgos-inherentes\" aria-expanded=\"false\" aria-controls=\"accordion-622839391-content\">\n\t\t\t<button class=\"toggle\" aria-label=\"Toggle\"><i class=\"icon-angle-down\" aria-hidden=\"true\"><\/i><\/button>\n\t\t\t<span>RIESGOS INHERENTES<\/span>\n\t\t<\/a>\n\t\t<div id=\"accordion-622839391-content\" class=\"accordion-inner\" aria-labelledby=\"accordion-622839391-label\">\n\t\t\t\n<div class=\"p-tzo1222 pagelayer-list\">\n<div class=\"p-bqm7342 pagelayer-list_item\">\n<h2 style=\"text-align: left;\">\u00a0<\/h2>\n<div class=\"p-hfg5704 pagelayer-list\" style=\"text-align: left;\">\n<div class=\"p-zpl3243 pagelayer-list_item\">\n<ul>\n<li class=\"pagelayer-list-li\"><span class=\"pagelayer-list-icon-holder\"><span class=\"pagelayer-list-item\">No cubrirlos en los plazos pactados conforme a lo establecido en el plan de pagos causar\u00e1 una<strong>\u00a0tasa de inter\u00e9s anual moratoria fija del 36%\u00a0\u00abantes de impuestos\u00bb.<\/strong><br \/><\/span><\/span><\/li>\n<\/ul>\n<\/div>\n<\/div>\n<div class=\"p-hvl8846 pagelayer-list\" style=\"text-align: left;\">\n<div class=\"p-ijy1744 pagelayer-list_item\">\n<ul>\n<li class=\"pagelayer-list-li\"><span class=\"pagelayer-list-icon-holder\"><i class=\"pagelayer-list-icon fas fa-angle-right\"><\/i><span class=\"pagelayer-list-item\">Contratar cr\u00e9ditos que excedan tu capacidad de pago puede afectar tu historial crediticio.<br \/><\/span><\/span><\/li>\n<\/ul>\n<\/div>\n<\/div>\n<div class=\"p-nj75129 pagelayer-list\">\n<div class=\"p-2gl797 pagelayer-list_item\">\n<ul>\n<li class=\"pagelayer-list-li\" style=\"text-align: left;\"><span class=\"pagelayer-list-icon-holder\"><i class=\"pagelayer-list-icon fas fa-angle-right\"><\/i><span class=\"pagelayer-list-item\">El avalista u obligado solidario responder\u00e1 como obligado principal por el total del pago frente a la instituci\u00f3n financiera.<\/span><\/span><\/li>\n<\/ul>\n<\/div>\n<\/div>\n<\/div>\n<\/div>\n\t\t<\/div>\n\t<\/div>\n\t\n<\/div>\n\t\t<\/div>\n\t\t\t\t\t<\/div>\n\n\t\n<\/div>\n\t\t<\/div>\n\n\t\t\n<style>\n#section_1575899934 {\n  padding-top: 60px;\n  padding-bottom: 60px;\n  min-height: 300px;\n  background-color: rgb(255,255,255);\n}\n<\/style>\n\t<\/section>\n\t\n\n\t<section class=\"section has-mask mask-arrow\" id=\"section_616505830\">\n\t\t<div class=\"section-bg fill\" >\n\t\t\t\t\t\t\t\t\t\n\t\t\t\n\n\t\t<\/div>\n\n\t\t\n\n\t\t<div class=\"section-content relative\">\n\t\t\t\n<div class=\"row align-center\"  id=\"row-134867714\">\n\n\t<div id=\"col-128889106\" class=\"col medium-5 small-12 large-5\"  >\n\t\t\t\t<div class=\"col-inner text-center\"  >\n\t\t\t\n\t\t\t\n<a href=\"http:\/\/citrixrosario.fortiddns.com:83\/COTIZADORCREDITOS\" target=\"_blank\" class=\"button primary is-shade box-shadow-3 box-shadow-5-hover\" rel=\"noopener\" style=\"border-radius:5px;\">\n\t\t<span>Cotizador<\/span>\n\t<\/a>\n\n\t\t<\/div>\n\t\t\t\t\t<\/div>\n\n\t\n<\/div>\n\t\t<\/div>\n\n\t\t\n<style>\n#section_616505830 {\n  padding-top: 60px;\n  padding-bottom: 60px;\n  min-height: 300px;\n  background-color: rgb(255,255,255);\n}\n<\/style>\n\t<\/section>\n\t\n\n\t<section class=\"section has-mask mask-arrow\" id=\"section_1402290134\">\n\t\t<div class=\"section-bg fill\" >\n\t\t\t\t\t\t\t\t\t\n\t\t\t\n\n\t\t<\/div>\n\n\t\t\n\n\t\t<div class=\"section-content relative\">\n\t\t\t\n<div class=\"row align-center\"  id=\"row-553118380\">\n\n\t<div id=\"col-405993673\" class=\"col small-12 large-12\"  >\n\t\t\t\t<div class=\"col-inner text-center\"  >\n\t\t\t\n\t\t\t\n<div class=\"p-tzo1222 pagelayer-list\">\n<div class=\"p-bqm7342 pagelayer-list_item\">\n<div class=\"p-bwc31 pagelayer-text fadeInRight pagelayer-wow\">\n<div class=\"pagelayer-text-holder\">\n<p style=\"text-align: left;\"><span style=\"font-size: 75%;\">\u201c\u00danicamente est\u00e1n garantizados por el Fondo de supervisi\u00f3n auxiliar de Sociedades Cooperativas de Ahorro y Pr\u00e9stamo y de protecci\u00f3n a sus ahorradores los dep\u00f3sitos de dinero: a la vista, de ahorro, a plazo fijo, retirables en d\u00edas preestablecidos o con previo aviso, hasta por el equivalente a 25 mil UDIS por persona f\u00edsica o moral, cualquiera que sea el n\u00famero y clase de operaciones a su favor y a cargo de una misma Instituci\u00f3n Financiera, en caso de que se declare su disoluci\u00f3n y liquidaci\u00f3n, o se declare su concurso mercantil.\u00a0Dicho fondo de protecci\u00f3n, cubrir\u00e1 el principal y accesorios de los dep\u00f3sitos de dinero referidos a la fecha en que se hubiere declarado la disoluci\u00f3n y liquidaci\u00f3n de la Sociedad Cooperativa de Ahorro y Pr\u00e9stamo o declarado su concurso mercantil, descontando el saldo insoluto de los pr\u00e9stamos o con respecto a los cuales sea deudor el Socio Ahorrador de que se trate, por lo que para estos efectos dichos pr\u00e9stamos o cr\u00e9ditos vencer\u00e1n de manera anticipada\u201d.\u00a0<\/span><\/p>\n<\/div>\n<\/div>\n<div class=\"p-onw141 pagelayer-text fadeInRight pagelayer-wow\">\n<div class=\"pagelayer-text-holder\">\n<p style=\"text-align: left;\"><span style=\"font-size: 75%;\"><strong>Equivalente del fondo de protecci\u00f3n a conversi\u00f3n en pesos moneda nacional\u00a0\u00a0$203,560.00 , calculado al 11 de julio del 2024.<\/strong><\/span><\/p>\n<\/div>\n<\/div>\n<\/div>\n<\/div>\n\t\t<\/div>\n\t\t\t\t\t<\/div>\n\n\t\n<\/div>\n\t\t<\/div>\n\n\t\t\n<style>\n#section_1402290134 {\n  padding-top: 60px;\n  padding-bottom: 60px;\n  min-height: 300px;\n  background-color: rgb(255,255,255);\n}\n<\/style>\n\t<\/section>\n\t\n","protected":false},"excerpt":{"rendered":"","protected":false},"author":5,"featured_media":0,"parent":0,"menu_order":0,"comment_status":"closed","ping_status":"closed","template":"page-blank.php","meta":{"footnotes":""},"class_list":["post-5480","page","type-page","status-publish","hentry"],"_links":{"self":[{"href":"https:\/\/e-sais.com\/cajapopularrosario\/wp-json\/wp\/v2\/pages\/5480","targetHints":{"allow":["GET"]}}],"collection":[{"href":"https:\/\/e-sais.com\/cajapopularrosario\/wp-json\/wp\/v2\/pages"}],"about":[{"href":"https:\/\/e-sais.com\/cajapopularrosario\/wp-json\/wp\/v2\/types\/page"}],"author":[{"embeddable":true,"href":"https:\/\/e-sais.com\/cajapopularrosario\/wp-json\/wp\/v2\/users\/5"}],"replies":[{"embeddable":true,"href":"https:\/\/e-sais.com\/cajapopularrosario\/wp-json\/wp\/v2\/comments?post=5480"}],"version-history":[{"count":35,"href":"https:\/\/e-sais.com\/cajapopularrosario\/wp-json\/wp\/v2\/pages\/5480\/revisions"}],"predecessor-version":[{"id":9677,"href":"https:\/\/e-sais.com\/cajapopularrosario\/wp-json\/wp\/v2\/pages\/5480\/revisions\/9677"}],"wp:attachment":[{"href":"https:\/\/e-sais.com\/cajapopularrosario\/wp-json\/wp\/v2\/media?parent=5480"}],"curies":[{"name":"wp","href":"https:\/\/api.w.org\/{rel}","templated":true}]}}