{"id":5496,"date":"2024-07-02T21:44:12","date_gmt":"2024-07-03T04:44:12","guid":{"rendered":"https:\/\/e-sais.com\/cajapopularrosario\/?page_id=1639"},"modified":"2025-11-25T21:32:08","modified_gmt":"2025-11-26T04:32:08","slug":"credi-inmediato-6","status":"publish","type":"page","link":"https:\/\/e-sais.com\/cajapopularrosario\/credi-inmediato-6\/","title":{"rendered":"Cr\u00e9di-Inmediato"},"content":{"rendered":"\n  <div class=\"banner has-hover has-parallax\" id=\"banner-1924437032\">\n          <div class=\"banner-inner fill\">\n        <div class=\"banner-bg fill\" data-parallax=\"-6\" data-parallax-container=\".banner\" data-parallax-background>\n            <img loading=\"lazy\" decoding=\"async\" width=\"1920\" height=\"1080\" src=\"https:\/\/e-sais.com\/cajapopularrosario\/wp-content\/uploads\/2025\/11\/credi-inmediato-bg.jpg\" class=\"bg attachment-original size-original\" alt=\"\" \/>                                    \n                    <\/div>\n\t\t\n        <div class=\"banner-layers container\">\n            <div class=\"fill banner-link\"><\/div>            \n\t<div class=\"img has-hover x50 md-x0 lg-x0 y5 md-y15 lg-y15\" id=\"image_67595511\">\n\t\t\t\t\t\t<div data-animate=\"fadeInRight\">\t\t<div class=\"img-inner dark\" >\n\t\t\t<img loading=\"lazy\" decoding=\"async\" width=\"1020\" height=\"321\" src=\"https:\/\/e-sais.com\/cajapopularrosario\/wp-content\/uploads\/2025\/09\/credi-inmediato-1024x322.png\" class=\"attachment-large size-large\" alt=\"\" srcset=\"https:\/\/e-sais.com\/cajapopularrosario\/wp-content\/uploads\/2025\/09\/credi-inmediato-1024x322.png 1024w, https:\/\/e-sais.com\/cajapopularrosario\/wp-content\/uploads\/2025\/09\/credi-inmediato-300x94.png 300w, https:\/\/e-sais.com\/cajapopularrosario\/wp-content\/uploads\/2025\/09\/credi-inmediato-768x242.png 768w, https:\/\/e-sais.com\/cajapopularrosario\/wp-content\/uploads\/2025\/09\/credi-inmediato.png 1418w\" sizes=\"auto, (max-width: 1020px) 100vw, 1020px\" \/>\t\t\t\t\t\t\n\t\t\t\t\t<\/div>\n\t\t<\/div>\t\t\t\t\t\t\n<style>\n#image_67595511 {\n  width: 90%;\n}\n@media (min-width:550px) {\n  #image_67595511 {\n    width: 44%;\n  }\n}\n<\/style>\n\t<\/div>\n\t\n   <div id=\"text-box-824063847\" class=\"text-box banner-layer x50 md-x0 lg-x0 y95 md-y85 lg-y85 res-text\">\n                     <div data-animate=\"fadeInUp\">           <div class=\"text-box-content text \">\n              \n              <div class=\"text-inner text-center\">\n                  \n\t<div id=\"text-51986386\" class=\"text\">\n\t\t\n<div class=\"p-zgn4693 pagelayer-collapse pagelayer-animation-grow\">\n<div class=\"pagelayer-collapse-holder\" data-icon=\"fas fa-coins\" data-active_icon=\"fas fa-minus\">\n<div class=\"p-8hs7907 pagelayer-accordion_item active\">\n<div class=\"pagelayer-accordion-panel\">\n<div class=\"p-eyy379 pagelayer-inner_row pagelayer-row-stretch-auto pagelayer-height-default\">\n<div class=\"pagelayer-row-holder pagelayer-row pagelayer-auto pagelayer-width-auto\">\n<div class=\"p-gdk5348 pagelayer-col\">\n<div class=\"pagelayer-col-holder\">\n<div class=\"p-hn12471 pagelayer-list\">\n<div class=\"p-jpf8856 pagelayer-list_item\">\n<div class=\"p-qxu2903 pagelayer-heading\" align=\"center\">\n<div class=\"pagelayer-heading-holder\">\n<div align=\"center\">\n<div>\n<div align=\"center\">\n<div>\n<div align=\"center\">\n<div>\n<div align=\"center\">\n<div>\n<div align=\"center\">\n<div>\n<div align=\"center\">\n<div>\n<div align=\"center\">\n<div>\n<h3><strong>Pr\u00e9stamos desde $18,000.00 hasta $50,000.00<\/strong><br \/><strong>\u00a1 SIN AVAL !<\/strong><\/h3>\n<\/div>\n<\/div>\n<\/div>\n<\/div>\n<\/div>\n<\/div>\n<\/div>\n<\/div>\n<\/div>\n<\/div>\n<\/div>\n<\/div>\n<\/div>\n<\/div>\n<div class=\"p-xq95528 pagelayer-collapse pagelayer-animation-grow\">\n<div class=\"pagelayer-collapse-holder\" data-icon=\"fas fa-coins\" data-active_icon=\"fas fa-minus\">\n<div class=\"p-gq62042 pagelayer-accordion_item active\">\n<div class=\"pagelayer-accordion-panel\">\n<div class=\"p-xsi7252 pagelayer-inner_row pagelayer-row-stretch-auto pagelayer-height-default\">\n<div class=\"pagelayer-row-holder pagelayer-row pagelayer-auto pagelayer-width-auto\">\n<div class=\"p-ynf6719 pagelayer-col\">\n<div class=\"pagelayer-col-holder\">\n<div class=\"p-13o3689 pagelayer-list\">\n<div class=\"p-a1s8782 pagelayer-list_item\">\n<p style=\"text-align: center;\"><span class=\"pagelayer-list-icon-holder\" style=\"font-size: 120%;\"><span class=\"pagelayer-list-item\">Para cubrir cualquier necesidad urgente, como gastos m\u00e9dicos, colegiaturas, asuntos legales, etc.<\/span><\/span><\/p>\n<\/div>\n<\/div>\n<\/div>\n<\/div>\n<\/div>\n<\/div>\n<\/div>\n<\/div>\n<\/div>\n<\/div>\n<\/div>\n<\/div>\n<\/div>\n<\/div>\n<\/div>\n<\/div>\n<\/div>\n<\/div>\n<\/div>\n<\/div>\n<\/div>\n<\/div>\n\t\t\n<style>\n#text-51986386 {\n  text-align: center;\n}\n@media (min-width:550px) {\n  #text-51986386 {\n    text-align: center;\n  }\n}\n<\/style>\n\t<\/div>\n\t\n              <\/div>\n           <\/div>\n       <\/div>                     \n<style>\n#text-box-824063847 .text-box-content {\n  background-color: rgba(255, 255, 255, 0.82);\n  font-size: 83%;\n}\n#text-box-824063847 .text-inner {\n  padding: 10px 10px 10px 10px;\n}\n#text-box-824063847 {\n  width: 83%;\n}\n@media (min-width:550px) {\n  #text-box-824063847 {\n    width: 45%;\n  }\n  #text-box-824063847 .text-box-content {\n    font-size: 81%;\n  }\n}\n<\/style>\n    <\/div>\n \n        <\/div>\n      <\/div>\n\n            \n<style>\n#banner-1924437032 {\n  padding-top: 500px;\n}\n#banner-1924437032 .banner-bg img {\n  object-position: 63% 62%;\n}\n<\/style>\n  <\/div>\n\n\n\n\t<section class=\"section\" id=\"section_790727384\">\n\t\t<div class=\"section-bg fill\" >\n\t\t\t\t\t\t\t\t\t\n\t\t\t\n\n\t\t<\/div>\n\n\t\t\n\n\t\t<div class=\"section-content relative\">\n\t\t\t\n<div class=\"row align-center\"  id=\"row-498125297\">\n\n\t<div id=\"col-1394351969\" class=\"col medium-6 small-12 large-6\"  >\n\t\t\t\t<div class=\"col-inner text-center\"  >\n\t\t\t\n\t\t\t\n<div class=\"p-9qd4914 pagelayer-list pagelayer-animation-grow\">\n<div class=\"p-55z3551 pagelayer-list_item\">\n<h1>Consideraciones<\/h1>\n<div class=\"p-wkn8190 pagelayer-text fadeInLeft pagelayer-wow\">\n<div class=\"pagelayer-text-holder\">\n<p>Para fines informativos y de comparaci\u00f3n.<\/p>\n<\/div>\n<\/div>\n<\/div>\n<\/div>\n\t<div class=\"img has-hover x md-x lg-x y md-y lg-y\" id=\"image_2089613382\">\n\t\t\t\t\t\t\t\t<div class=\"img-inner dark\" >\n\t\t\t<img loading=\"lazy\" decoding=\"async\" width=\"580\" height=\"200\" src=\"https:\/\/e-sais.com\/cajapopularrosario\/wp-content\/uploads\/2025\/09\/CREDITOS-CAT-WEB-1-credi-inmediato.png\" class=\"attachment-large size-large\" alt=\"\" srcset=\"https:\/\/e-sais.com\/cajapopularrosario\/wp-content\/uploads\/2025\/09\/CREDITOS-CAT-WEB-1-credi-inmediato.png 580w, https:\/\/e-sais.com\/cajapopularrosario\/wp-content\/uploads\/2025\/09\/CREDITOS-CAT-WEB-1-credi-inmediato-300x103.png 300w\" sizes=\"auto, (max-width: 580px) 100vw, 580px\" \/>\t\t\t\t\t\t\n\t\t\t\t\t<\/div>\n\t\t\t\t\t\t\t\t\n<style>\n#image_2089613382 {\n  width: 100%;\n}\n<\/style>\n\t<\/div>\n\t\n<div class=\"p-9qd4914 pagelayer-list pagelayer-animation-grow\">\n<div class=\"p-55z3551 pagelayer-list_item\">\n<div class=\"p-q9v752 pagelayer-text fadeInLeft pagelayer-wow\">\n<div class=\"pagelayer-text-holder\">\n<div class=\"p-j952140 pagelayer-text fadeInLeft pagelayer-wow\">\n<div class=\"pagelayer-text-holder\">\n<div class=\"p-j952140 pagelayer-text fadeInLeft pagelayer-wow\">\n<div class=\"pagelayer-text-holder\">\n<div class=\"p-j952140 pagelayer-text fadeInLeft pagelayer-wow\">\n<div class=\"pagelayer-text-holder\">\n<div class=\"p-j952140 pagelayer-text fadeInLeft pagelayer-wow\">\n<div class=\"pagelayer-text-holder\">\n<div class=\"p-j952140 pagelayer-text fadeInLeft pagelayer-wow\">\n<div class=\"pagelayer-text-holder\">\n<div class=\"p-j952140 pagelayer-text fadeInLeft pagelayer-wow\">\n<div class=\"pagelayer-text-holder\">\n<p style=\"text-align: left;\">(Costo anual total) CAT Promedio 42.7% \u00abSIN IVA\u00bb, expresado en t\u00e9rminos porcentuales anuales para fines informativos y de comparaci\u00f3n.Fecha de c\u00e1lculo del CAT 22\/09\/2025.<\/p>\n<\/div>\n<\/div>\n<div class=\"p-nqq8875 pagelayer-text fadeInLeft pagelayer-wow\" style=\"text-align: left;\">\n<div class=\"pagelayer-text-holder\">\n<p>Nuestras tasas de inter\u00e9s son fijas, presentadas antes de impuestos, expresadas en t\u00e9rminos porcentuales, Moneda Nacional.<\/p>\n<\/div>\n<\/div>\n<div class=\"p-pvc33 pagelayer-text fadeInLeft pagelayer-wow\">\n<div class=\"pagelayer-text-holder\">\n<p style=\"text-align: left;\"><strong>\u201cLa autorizaci\u00f3n del pr\u00e9stamo queda sujeta a la demostraci\u00f3n de la capacidad de pago\u201d.<\/strong><\/p>\n<\/div>\n<\/div>\n<\/div>\n<\/div>\n<\/div>\n<\/div>\n<\/div>\n<\/div>\n<\/div>\n<\/div>\n<\/div>\n<\/div>\n<\/div>\n<\/div>\n<\/div>\n<\/div>\n\t\t<\/div>\n\t\t\t\t\t<\/div>\n\n\t\n<\/div>\n\t\t<\/div>\n\n\t\t\n<style>\n#section_790727384 {\n  padding-top: 60px;\n  padding-bottom: 60px;\n  min-height: 300px;\n  background-color: rgb(245, 245, 245);\n}\n<\/style>\n\t<\/section>\n\t\n\n\t<section class=\"section has-mask mask-arrow\" id=\"section_547257173\">\n\t\t<div class=\"section-bg fill\" >\n\t\t\t\t\t\t\t\t\t\n\t\t\t\n\n\t\t<\/div>\n\n\t\t\n\n\t\t<div class=\"section-content relative\">\n\t\t\t\n<div class=\"row align-center\"  id=\"row-2078658790\">\n\n\t<div id=\"col-2099484104\" class=\"col medium-6 small-12 large-6\"  >\n\t\t\t\t<div class=\"col-inner text-center\"  >\n\t\t\t\n\t\t\t\n\t<div class=\"img has-hover x md-x lg-x y md-y lg-y\" id=\"image_1818844965\">\n\t\t\t\t\t\t<div data-animate=\"bounceIn\">\t\t<div class=\"img-inner dark\" >\n\t\t\t<img loading=\"lazy\" decoding=\"async\" width=\"1020\" height=\"1020\" src=\"https:\/\/e-sais.com\/cajapopularrosario\/wp-content\/uploads\/2025\/09\/19-1024x1024.png\" class=\"attachment-large size-large\" alt=\"\" srcset=\"https:\/\/e-sais.com\/cajapopularrosario\/wp-content\/uploads\/2025\/09\/19-1024x1024.png 1024w, https:\/\/e-sais.com\/cajapopularrosario\/wp-content\/uploads\/2025\/09\/19-300x300.png 300w, https:\/\/e-sais.com\/cajapopularrosario\/wp-content\/uploads\/2025\/09\/19-150x150.png 150w, https:\/\/e-sais.com\/cajapopularrosario\/wp-content\/uploads\/2025\/09\/19-768x768.png 768w, https:\/\/e-sais.com\/cajapopularrosario\/wp-content\/uploads\/2025\/09\/19.png 1080w\" sizes=\"auto, (max-width: 1020px) 100vw, 1020px\" \/>\t\t\t\t\t\t\n\t\t\t\t\t<\/div>\n\t\t<\/div>\t\t\t\t\t\t\n<style>\n#image_1818844965 {\n  width: 21%;\n}\n<\/style>\n\t<\/div>\n\t\n<h1 style=\"text-align: center;\">Sujetos a cr\u00e9dito<\/h1>\n<div class=\"p-ecj9111 pagelayer-list_item\">\n<div class=\"p-77j4844 pagelayer-collapse pagelayer-animation-grow\">\n<div class=\"pagelayer-collapse-holder\" data-icon=\"fas fa-user\" data-active_icon=\"fas fa-minus\">\n<div class=\"p-4in2831 pagelayer-accordion_item active\">\n<div class=\"pagelayer-accordion-panel\">\n<div class=\"p-srm6712 pagelayer-inner_row pagelayer-row-stretch-auto pagelayer-height-default\">\n<div class=\"pagelayer-row-holder pagelayer-row pagelayer-auto pagelayer-width-auto\">\n<div class=\"p-bfl1144 pagelayer-col\">\n<div class=\"pagelayer-col-holder\">\n<div class=\"p-tju8944 pagelayer-list\">\n<div class=\"p-3hr9846 pagelayer-list_item\">\n<p style=\"text-align: center;\"><span class=\"pagelayer-list-icon-holder\"><span class=\"pagelayer-list-item\">Socio(a) de Caja Popular Rosario y contar con solvencia moral y econ\u00f3mica para este tipo de cr\u00e9dito.<\/span><\/span><\/p>\n<\/div>\n<\/div>\n<\/div>\n<\/div>\n<\/div>\n<\/div>\n<\/div>\n<\/div>\n<\/div>\n<\/div>\n<\/div>\n<div class=\"accordion\">\n\t<div id=\"accordion-3648220504\" class=\"accordion-item\">\n\t\t<a id=\"accordion-3648220504-label\" class=\"accordion-title plain\" href=\"#accordion-item-caracter\u00cdsticas\" aria-expanded=\"false\" aria-controls=\"accordion-3648220504-content\">\n\t\t\t<button class=\"toggle\" aria-label=\"Toggle\"><i class=\"icon-angle-down\" aria-hidden=\"true\"><\/i><\/button>\n\t\t\t<span>CARACTER\u00cdSTICAS<\/span>\n\t\t<\/a>\n\t\t<div id=\"accordion-3648220504-content\" class=\"accordion-inner\" aria-labelledby=\"accordion-3648220504-label\">\n\t\t\t\n<div class=\"p-ecj9111 pagelayer-list_item\">\n<p style=\"text-align: left;\">\u00a0<\/p>\n<div class=\"p-jtt1600 pagelayer-list\" style=\"text-align: left;\">\n<div class=\"p-qhi714 pagelayer-list_item\">\n<div class=\"p-z9l9679 pagelayer-list\">\n<div class=\"p-bfz9863 pagelayer-list_item\">\n<div class=\"p-zq22370 pagelayer-list\">\n<div class=\"p-o3o6548 pagelayer-list_item\">\n<div class=\"p-asl2414 pagelayer-list\">\n<div class=\"p-pf18632 pagelayer-list_item\">\n<div class=\"p-sb48713 pagelayer-list\">\n<div class=\"p-m0f1132 pagelayer-list_item\">\n<div class=\"p-ht8651 pagelayer-list\">\n<div class=\"p-pn32449 pagelayer-list_item\">\n<div class=\"p-cqu9200 pagelayer-list\">\n<div class=\"p-z7r6828 pagelayer-list_item\">\n<div class=\"p-zju3513 pagelayer-list\">\n<div class=\"p-esx5754 pagelayer-list_item\">\n<ul>\n<li class=\"pagelayer-list-li\"><span class=\"pagelayer-list-icon-holder\"><span class=\"pagelayer-list-item\">Pr\u00e9stamos desde $18,000.00 hasta $50,000.00<br \/><\/span><\/span><\/li>\n<\/ul>\n<\/div>\n<\/div>\n<div class=\"p-ce4671 pagelayer-list\">\n<div class=\"p-acv3808 pagelayer-list_item\">\n<ul>\n<li class=\"pagelayer-list-li\"><span class=\"pagelayer-list-icon-holder\"><i class=\"pagelayer-list-icon fas fa-angle-right\"><\/i><span class=\"pagelayer-list-item\">Plazos de 3 a 48 meses.<br \/><\/span><\/span><\/li>\n<\/ul>\n<\/div>\n<\/div>\n<div class=\"p-xck5563 pagelayer-list\">\n<div class=\"p-frz4007 pagelayer-list_item\">\n<ul>\n<li class=\"pagelayer-list-li\"><span class=\"pagelayer-list-icon-holder\"><i class=\"pagelayer-list-icon fas fa-angle-right\"><\/i><span class=\"pagelayer-list-item\">Pagos peri\u00f3dicos de 15 y 30 d\u00edas.<br \/><\/span><\/span><\/li>\n<\/ul>\n<\/div>\n<\/div>\n<div class=\"p-dvy9519 pagelayer-list\">\n<div class=\"p-oyq2789 pagelayer-list_item\">\n<ul>\n<li class=\"pagelayer-list-li\"><span class=\"pagelayer-list-icon-holder\"><i class=\"pagelayer-list-icon fas fa-angle-right\"><\/i><span class=\"pagelayer-list-item\"><strong>Tasa de inter\u00e9s anual ordinaria fija del 36%\u00a0 \u00abantes de impuestos\u00bb.<\/strong><br \/><\/span><\/span><\/li>\n<\/ul>\n<\/div>\n<\/div>\n<div class=\"p-5ee8770 pagelayer-list\">\n<div class=\"p-yap2560 pagelayer-list_item\">\n<ul>\n<li class=\"pagelayer-list-li\"><span class=\"pagelayer-list-icon-holder\"><i class=\"pagelayer-list-icon fas fa-angle-right\"><\/i><span class=\"pagelayer-list-item\">Pagos sobre saldos insolutos y contamos con la modalidad de pagos fijos.<br \/><\/span><\/span><\/li>\n<\/ul>\n<\/div>\n<\/div>\n<div class=\"p-5dd9802 pagelayer-list\">\n<div class=\"p-xec7472 pagelayer-list_item\">\n<ul>\n<li class=\"pagelayer-list-li\"><span class=\"pagelayer-list-icon-holder\"><i class=\"pagelayer-list-icon fas fa-angle-right\"><\/i><span class=\"pagelayer-list-item\">Los montos son expresados en moneda nacional.<br \/><\/span><\/span><\/li>\n<\/ul>\n<\/div>\n<\/div>\n<div class=\"p-yx54711 pagelayer-list\">\n<div class=\"p-iq23937 pagelayer-list_item\">\n<ul>\n<li class=\"pagelayer-list-li\"><span class=\"pagelayer-list-icon-holder\"><i class=\"pagelayer-list-icon fas fa-angle-right\"><\/i><span class=\"pagelayer-list-item\">Nuestros productos se encuentran disponibles en los municipios de El Rosario, Escuinapa y Mazatl\u00e1n Sinaloa.<\/span><\/span><\/li>\n<\/ul>\n<\/div>\n<\/div>\n<\/div>\n<\/div>\n<\/div>\n<\/div>\n<\/div>\n<\/div>\n<\/div>\n<\/div>\n<\/div>\n<\/div>\n<h1><a class=\"pagelayer-accordion-tabs\">Comisiones<i class=\"fas fa-minus\"><\/i><\/a><\/h1>\n<div class=\"pagelayer-accordion-panel\">\n<div class=\"p-wz24831 pagelayer-inner_row pagelayer-row-stretch-auto pagelayer-height-default\">\n<div class=\"pagelayer-row-holder pagelayer-row pagelayer-auto pagelayer-width-auto\">\n<div class=\"p-gqn6530 pagelayer-col\">\n<div class=\"pagelayer-col-holder\">\n<div class=\"p-fi62338 pagelayer-list\">\n<div class=\"p-p2x9206 pagelayer-list_item\">\n<ul>\n<li class=\"pagelayer-list-li\"><span class=\"pagelayer-list-icon-holder\"><i class=\"pagelayer-list-icon fas fa-angle-right\"><\/i><span class=\"pagelayer-list-item\">\u00abEste producto no genera ninguna comisi\u00f3n\u00bb<\/span><\/span><\/li>\n<\/ul>\n<\/div>\n<\/div>\n<\/div>\n<\/div>\n<\/div>\n<\/div>\n<\/div>\n<\/div>\n<\/div>\n<\/div>\n<\/div>\n<\/div>\n\t\t<\/div>\n\t<\/div>\n\t\n\t<div id=\"accordion-1494175012\" class=\"accordion-item\">\n\t\t<a id=\"accordion-1494175012-label\" class=\"accordion-title plain\" href=\"#accordion-item-requisitos\" aria-expanded=\"false\" aria-controls=\"accordion-1494175012-content\">\n\t\t\t<button class=\"toggle\" aria-label=\"Toggle\"><i class=\"icon-angle-down\" aria-hidden=\"true\"><\/i><\/button>\n\t\t\t<span>REQUISITOS<\/span>\n\t\t<\/a>\n\t\t<div id=\"accordion-1494175012-content\" class=\"accordion-inner\" aria-labelledby=\"accordion-1494175012-label\">\n\t\t\t\n<p class=\"uppercase\" style=\"text-align: center;\">\u00a0<\/p>\n<div class=\"p-qx49812 pagelayer-collapse pagelayer-animation-grow\" style=\"text-align: left;\">\n<div class=\"pagelayer-collapse-holder\" data-icon=\"fas fa-clipboard-list\" data-active_icon=\"fas fa-minus\">\n<div class=\"p-j1q6723 pagelayer-accordion_item active\">\n<div class=\"pagelayer-accordion-panel\">\n<div class=\"p-5je5153 pagelayer-inner_row pagelayer-row-stretch-auto pagelayer-height-default\">\n<div class=\"pagelayer-row-holder pagelayer-row pagelayer-auto pagelayer-width-auto\">\n<div class=\"p-sdg3922 pagelayer-col\">\n<div class=\"pagelayer-col-holder\">\n<div class=\"p-jjb5923 pagelayer-list pagelayer-animation-grow\">\n<div class=\"p-rnj5395 pagelayer-list_item\">\n<ul>\n<li class=\"pagelayer-list-li\">\n<p>Ser socio de Caja Popular Rosario.<\/p>\n<\/li>\n<li class=\"pagelayer-list-li\">\n<p>Tener una edad de 20 a 65 a\u00f1os.<\/p>\n<\/li>\n<li class=\"pagelayer-list-li\">\n<p>Identificaci\u00f3n oficial vigente (INE, pasaporte, cartilla militar, c\u00e9dula profesional\u00a0\u00a0y\/o licencia de conducir).\u00a0<strong>Original y copia para cotejar.<\/strong><\/p>\n<\/li>\n<li class=\"pagelayer-list-li\">\n<p>Comprobante de domicilio vigente no mayor a 3 meses de su fecha de emisi\u00f3n (recibo de luz, agua y\/o tel\u00e9fono fijo). <strong>Original y copia para cotejar.<\/strong><\/p>\n<\/li>\n<li class=\"pagelayer-list-li\">\n<p>Comprobante de ingresos reciente (presentar m\u00ednimo un mes).<\/p>\n<\/li>\n<li class=\"pagelayer-list-li\">\n<p>Garant\u00eda financiera de $1,500.00<\/p>\n<\/li>\n<li class=\"pagelayer-list-li\">\n<p>Sin aval.<\/p>\n<\/li>\n<\/ul>\n<\/div>\n<\/div>\n<\/div>\n<\/div>\n<\/div>\n<\/div>\n<\/div>\n<\/div>\n<\/div>\n<\/div>\n\t\t<\/div>\n\t<\/div>\n\t\n\t<div id=\"accordion-515375822\" class=\"accordion-item\">\n\t\t<a id=\"accordion-515375822-label\" class=\"accordion-title plain\" href=\"#accordion-item-riesgos-inherentes\" aria-expanded=\"false\" aria-controls=\"accordion-515375822-content\">\n\t\t\t<button class=\"toggle\" aria-label=\"Toggle\"><i class=\"icon-angle-down\" aria-hidden=\"true\"><\/i><\/button>\n\t\t\t<span>RIESGOS INHERENTES<\/span>\n\t\t<\/a>\n\t\t<div id=\"accordion-515375822-content\" class=\"accordion-inner\" aria-labelledby=\"accordion-515375822-label\">\n\t\t\t\n<p style=\"text-align: left;\">\u00a0<\/p>\n<div>\n<div>\n<div>\n<div>\n<ul>\n<li style=\"text-align: left;\">No cubrirlos en los plazos pactados conforme a lo establecido en el plan de pagos causar\u00e1 una\u00a0tasa de inter\u00e9s anual moratoria fija del 36%\u00a0\u00abantes de impuestos\u00bb.<\/li>\n<\/ul>\n<\/div>\n<\/div>\n<div>\n<div>\n<ul>\n<li style=\"text-align: left;\">Contratar cr\u00e9ditos que excedan tu capacidad de pago puede afectar tu historial crediticio.<\/li>\n<\/ul>\n<\/div>\n<\/div>\n<\/div>\n<\/div>\n\t\t<\/div>\n\t<\/div>\n\t\n<\/div>\n\t\t<\/div>\n\t\t\t\t\t<\/div>\n\n\t\n<\/div>\n\t\t<\/div>\n\n\t\t\n<style>\n#section_547257173 {\n  padding-top: 60px;\n  padding-bottom: 60px;\n  min-height: 300px;\n  background-color: rgb(255,255,255);\n}\n<\/style>\n\t<\/section>\n\t\n\n\t<section class=\"section has-mask mask-arrow\" id=\"section_1026929557\">\n\t\t<div class=\"section-bg fill\" >\n\t\t\t\t\t\t\t\t\t\n\t\t\t\n\n\t\t<\/div>\n\n\t\t\n\n\t\t<div class=\"section-content relative\">\n\t\t\t\n<div class=\"row align-center\"  id=\"row-841732246\">\n\n\t<div id=\"col-661238071\" class=\"col medium-5 small-12 large-5\"  >\n\t\t\t\t<div class=\"col-inner text-center\"  >\n\t\t\t\n\t\t\t\n<a href=\"http:\/\/citrixrosario.fortiddns.com:83\/COTIZADORCREDITOS\" target=\"_blank\" class=\"button primary is-shade box-shadow-3 box-shadow-5-hover\" rel=\"noopener\" style=\"border-radius:5px;\">\n\t\t<span>Cotizador<\/span>\n\t<\/a>\n\n\t\t<\/div>\n\t\t\t\t\t<\/div>\n\n\t\n<\/div>\n\t\t<\/div>\n\n\t\t\n<style>\n#section_1026929557 {\n  padding-top: 60px;\n  padding-bottom: 60px;\n  min-height: 300px;\n  background-color: rgb(255,255,255);\n}\n<\/style>\n\t<\/section>\n\t\n","protected":false},"excerpt":{"rendered":"","protected":false},"author":5,"featured_media":0,"parent":0,"menu_order":0,"comment_status":"closed","ping_status":"closed","template":"page-blank.php","meta":{"footnotes":""},"class_list":["post-5496","page","type-page","status-publish","hentry"],"_links":{"self":[{"href":"https:\/\/e-sais.com\/cajapopularrosario\/wp-json\/wp\/v2\/pages\/5496","targetHints":{"allow":["GET"]}}],"collection":[{"href":"https:\/\/e-sais.com\/cajapopularrosario\/wp-json\/wp\/v2\/pages"}],"about":[{"href":"https:\/\/e-sais.com\/cajapopularrosario\/wp-json\/wp\/v2\/types\/page"}],"author":[{"embeddable":true,"href":"https:\/\/e-sais.com\/cajapopularrosario\/wp-json\/wp\/v2\/users\/5"}],"replies":[{"embeddable":true,"href":"https:\/\/e-sais.com\/cajapopularrosario\/wp-json\/wp\/v2\/comments?post=5496"}],"version-history":[{"count":54,"href":"https:\/\/e-sais.com\/cajapopularrosario\/wp-json\/wp\/v2\/pages\/5496\/revisions"}],"predecessor-version":[{"id":9695,"href":"https:\/\/e-sais.com\/cajapopularrosario\/wp-json\/wp\/v2\/pages\/5496\/revisions\/9695"}],"wp:attachment":[{"href":"https:\/\/e-sais.com\/cajapopularrosario\/wp-json\/wp\/v2\/media?parent=5496"}],"curies":[{"name":"wp","href":"https:\/\/api.w.org\/{rel}","templated":true}]}}